{"id":3404,"date":"2021-03-29T12:55:43","date_gmt":"2021-03-29T10:55:43","guid":{"rendered":"http:\/\/oasiskitetrip.com\/?page_id=3404"},"modified":"2021-06-04T14:11:56","modified_gmt":"2021-06-04T12:11:56","slug":"aviso-legal","status":"publish","type":"page","link":"https:\/\/oasiskitetrip.com\/es\/aviso-legal\/","title":{"rendered":"Aviso Legal"},"content":{"rendered":"\t\t<div data-elementor-type=\"wp-page\" data-elementor-id=\"3404\" class=\"elementor elementor-3404\" data-elementor-post-type=\"page\">\n\t\t\t\t\t\t<section class=\"elementor-section elementor-top-section elementor-element elementor-element-d8954b3 elementor-section-boxed elementor-section-height-default elementor-section-height-default\" data-id=\"d8954b3\" data-element_type=\"section\" data-e-type=\"section\" data-settings=\"{&quot;jet_parallax_layout_list&quot;:[{&quot;jet_parallax_layout_image&quot;:{&quot;url&quot;:&quot;&quot;,&quot;id&quot;:&quot;&quot;,&quot;size&quot;:&quot;&quot;},&quot;_id&quot;:&quot;d942d30&quot;,&quot;jet_parallax_layout_image_tablet&quot;:{&quot;url&quot;:&quot;&quot;,&quot;id&quot;:&quot;&quot;,&quot;size&quot;:&quot;&quot;},&quot;jet_parallax_layout_image_mobile&quot;:{&quot;url&quot;:&quot;&quot;,&quot;id&quot;:&quot;&quot;,&quot;size&quot;:&quot;&quot;},&quot;jet_parallax_layout_speed&quot;:{&quot;unit&quot;:&quot;%&quot;,&quot;size&quot;:50,&quot;sizes&quot;:[]},&quot;jet_parallax_layout_type&quot;:&quot;scroll&quot;,&quot;jet_parallax_layout_direction&quot;:&quot;1&quot;,&quot;jet_parallax_layout_fx_direction&quot;:null,&quot;jet_parallax_layout_z_index&quot;:&quot;&quot;,&quot;jet_parallax_layout_bg_x&quot;:50,&quot;jet_parallax_layout_bg_x_tablet&quot;:&quot;&quot;,&quot;jet_parallax_layout_bg_x_mobile&quot;:&quot;&quot;,&quot;jet_parallax_layout_bg_y&quot;:50,&quot;jet_parallax_layout_bg_y_tablet&quot;:&quot;&quot;,&quot;jet_parallax_layout_bg_y_mobile&quot;:&quot;&quot;,&quot;jet_parallax_layout_bg_size&quot;:&quot;auto&quot;,&quot;jet_parallax_layout_bg_size_tablet&quot;:&quot;&quot;,&quot;jet_parallax_layout_bg_size_mobile&quot;:&quot;&quot;,&quot;jet_parallax_layout_animation_prop&quot;:&quot;transform&quot;,&quot;jet_parallax_layout_on&quot;:[&quot;desktop&quot;,&quot;tablet&quot;]}]}\">\n\t\t\t\t\t\t<div class=\"elementor-container elementor-column-gap-default\">\n\t\t\t\t\t<div class=\"elementor-column elementor-col-100 elementor-top-column elementor-element elementor-element-5bc37385\" data-id=\"5bc37385\" data-element_type=\"column\" data-e-type=\"column\">\n\t\t\t<div class=\"elementor-widget-wrap elementor-element-populated\">\n\t\t\t\t\t\t<div class=\"elementor-element elementor-element-20743d3 elementor-widget elementor-widget-text-editor\" data-id=\"20743d3\" data-element_type=\"widget\" data-e-type=\"widget\" data-widget_type=\"text-editor.default\">\n\t\t\t\t<div class=\"elementor-widget-container\">\n\t\t\t\t\t\t\t\t\t<h2>AVISO LEGAL<\/h2><h3>\u00a0<\/h3><h3>INFORMACI\u00d3N CORPORATIVA GENERAL<\/h3><ul><li>Propietaria: ANNE MARIE CHARLOTTE GEORGES<\/li><li>N\u00famero de identificaci\u00f3n fiscal: 31.983.101 \/ 0001-53<\/li><li>Direcci\u00f3n: Rua Maravilha 70, Jericoacoara<\/li><li>Web: oasiskitetrip.com<\/li><li>Correo electr\u00f3nico: contact@oasiskitetrip.com<\/li><\/ul><h3>CONDICIONES DE USO DEL SITIO WEB<\/h3><p><strong>ACEPTACI\u00d3N DE LAS CONDICIONES GENERALES<\/strong><\/p><p>Las Condiciones Generales que se detallan a continuaci\u00f3n regulan el uso del <strong>OASIS KITE TRIP<\/strong>.<\/p><p>La utilizaci\u00f3n del sitio web de OASIS KITE TRIP significa que usted se convierte en usuario y conlleva la aceptaci\u00f3n plena y sin reservas de ning\u00fan tipo por parte del usuario de todas las Condiciones Generales que se publican cuando el usuario accede al sitio.<\/p><p>Por tanto, recomendamos al usuario que lea el contenido de las Condiciones Generales siempre que vaya a utilizar el sitio web.<\/p><p>El Usuario se compromete a utilizar la web, sus contenidos y servicios de conformidad con la ley, el presente Aviso Legal, las costumbres morales generalmente aceptadas y el orden p\u00fablico.<\/p><p>Todos los contenidos que se incluyen en este sitio web se facilitan con car\u00e1cter exclusivamente informativo, por lo que en ning\u00fan caso podr\u00e1n ser base de reclamaciones o recursos ni constituir fuente de derecho alguno. OASIS KITE TRIP se reserva el derecho a modificar el contenido del sitio web sin previo aviso.<\/p><p>El Usuario se compromete a utilizar el Sitio Web, y todos sus contenidos, exclusivamente con fines l\u00edcitos que no est\u00e9n prohibidos, que no infrinjan ninguna ley vigente y \/ o que no infrinjan los derechos leg\u00edtimos de OASIS KITE TRIP o de cualquier tercero, y \/ o que pudieran ocasionar alg\u00fan da\u00f1o o perjuicio a los mismos directa o indirectamente.<\/p><p>A t\u00edtulo indicativo y sin car\u00e1cter limitativo, el usuario se compromete a no transferir, difundir o poner a disposici\u00f3n cualquier informaci\u00f3n, datos, contenidos, mensajes, gr\u00e1ficos, dibujos, archivos de sonido y \/ o imagen, fotograf\u00edas, grabaciones, software y, en general, de cualquier tipo de material que:<\/p><ul><li>De cualquier forma que sea contraria, denigre o menoscabe los derechos fundamentales y libertades p\u00fablicas reconocidos por la Constituci\u00f3n, los tratados internacionales y otras leyes y estatutos.<\/li><li>Que induzca, incite o promueva actividades delictivas, degradantes, difamatorias, calumniosas, violentas o, en general, ilegales o contrarias a la moral y al comportamiento civil generalmente aceptado o al orden p\u00fablico.<\/li><li>Que induzca, incite o promueva actuaciones, actitudes u opiniones discriminatorias por motivos de orientaci\u00f3n sexual, g\u00e9nero, raza, religi\u00f3n, creencias, edad o condici\u00f3n;<\/li><li>Que incorpore, ponga a disposici\u00f3n o permita el acceso a productos, elementos, mensajes y \/ o servicios que tengan car\u00e1cter delictivo, violento, ofensivo, nocivo, degradante o, en general, il\u00edcito o contrario a la moral y comportamiento civil generalmente aceptado o p\u00fablico, ni pol\u00edtica.<\/li><li>Que sea falso, ambiguo, inexacto, exagerado o inapropiado, de una manera que induzca o pueda inducir a error a uno en cuanto a su objeto o las intenciones o prop\u00f3sitos del cartel;<\/li><li>Que est\u00e9 protegido por cualesquiera derechos de propiedad intelectual o industrial pertenecientes a terceros, salvo que el Usuario haya obtenido previamente la autorizaci\u00f3n necesaria por parte de los titulares de los mismos para llevar a cabo el uso que haga o pretenda hacer de tales derechos;<\/li><li>Que infrinja secretos comerciales de terceros;<\/li><li>Que infrinja la ley de difamaci\u00f3n brasile\u00f1a, la privacidad personal y familiar, o que sea perjudicial para la imagen de las personas o que de alguna manera socave la reputaci\u00f3n de OASIS KITE TRIP;<\/li><li>Que infrinja las leyes y reglamentos que rigen el secreto de las comunicaciones;<\/li><li>Que constituya, en su caso, publicidad il\u00edcita, enga\u00f1osa o desleal y en general cualquier forma de competencia desleal;<\/li><li>Que contenga virus u otros elementos f\u00edsicos o electr\u00f3nicos que puedan da\u00f1ar o impedir el funcionamiento normal de la red o sistema inform\u00e1tico de OASIS KITE TRIP o de un tercero (hardware y software) o que puedan da\u00f1ar los documentos y archivos electr\u00f3nicos almacenados en dicho equipo inform\u00e1tico;<\/li><li>Que provoque dificultades en el normal funcionamiento del Servicio por sus caracter\u00edsticas (como formato, extensi\u00f3n, etc.).<br \/>El Usuario se compromete a no obstaculizar el acceso de otros usuarios al servicio de acceso por el consumo masivo de los recursos TIC a trav\u00e9s de los cuales la Empresa presta el servicio y a abstenerse de realizar cualquier actuaci\u00f3n que pueda da\u00f1ar, interrumpir o producir errores en dichos sistemas.<\/li><\/ul><p><strong>RESPONSABILIDAD DEL FUNCIONAMIENTO DEL SITIO WEB<\/strong><\/p><p>OASIS KITE TRIP no garantiza la fiabilidad, disponibilidad o continuidad de la funcionalidad del sitio web ni de su contenido; por tanto, el uso de los mismos por parte del Usuario corre por cuenta y riesgo del Usuario y en ning\u00fan caso podr\u00e1 el Usuario reclamar contra OASIS KITE TRIP en este sentido.<\/p><p>Siempre que sea razonablemente posible, OASIS KITE TRIP notificar\u00e1 con anticipaci\u00f3n las interrupciones del servicio del sitio web. OASIS KITE TRIP no garantiza que el sitio web sea apto para una actividad en particular ni que sea infalible.<\/p><p>El acceso al sitio web de OASIS KITE TRIP es por tiempo indefinido; sin embargo, OASIS KITE TRIP se reserva el derecho de suspender el acceso sin previo aviso para realizar mantenimiento, reparaci\u00f3n, actualizaciones o mejoras.<\/p><p>OASIS KITE TRIP se reserva el derecho a restringir el acceso a algunas secciones del Sitio Web al p\u00fablico en general, limit\u00e1ndolo a determinados usuarios o grupos de usuarios proporcion\u00e1ndoles una contrase\u00f1a de inicio de sesi\u00f3n de la que ser\u00e1n responsables.<\/p><p>OASIS KITE TRIP excluye toda responsabilidad que pudiera derivarse de interferencias, omisiones, interrupciones, virus, aver\u00edas telef\u00f3nicas o desconexiones en el funcionamiento operativo del sistema electr\u00f3nico por causas ajenas a su voluntad.<\/p><p>Adem\u00e1s, cualquier responsabilidad que pudiera ocasionarse por retrasos o bloqueos en el funcionamiento operativo de este sistema electr\u00f3nico provocados por deficiencias o sobrecargas de las l\u00edneas telef\u00f3nicas o de Internet, as\u00ed como de los da\u00f1os ocasionados por terceros por intromisiones ileg\u00edtimas fuera del control de la empresa est\u00e1 excluido. En cualquier caso, sea cual sea la causa, OASIS KITE TRIP no acepta responsabilidad alguna por da\u00f1os directos o indirectos, da\u00f1os emergentes y \/ o lucro cesante.<\/p><p>El Usuario es el \u00fanico responsable de cualquier reclamaci\u00f3n o acci\u00f3n legal, dentro o fuera de los tribunales, presentada por cualquier tercero contra OASIS KITE TRIP basada en el uso del sitio web por parte del Usuario. Cuando corresponda, el Usuario correr\u00e1 con los gastos, costos y compensaci\u00f3n reclamados contra la Compa\u00f1\u00eda que surjan de tales reclamos o acciones legales.<\/p><p>El Usuario ser\u00e1 siempre responsable de los da\u00f1os y perjuicios de cualquier naturaleza que OASIS KITE TRIP pueda sufrir, directa o indirectamente, como consecuencia del incumplimiento de cualquiera de las obligaciones derivadas de las condiciones generales o de la ley en relaci\u00f3n con el uso de La web.<\/p><p><strong>DENEGACI\u00d3N Y RETIRO DEL ACCESO AL SITIO WEB Y \/ O A LOS SERVICIOS<\/strong><\/p><p>OASIS KITE TRIP se reserva el derecho a denegar o retirar el acceso a su sitio web, en cualquier momento y sin previo aviso, a los usuarios que incumplan las presentes Condiciones Generales o las condiciones particulares que sean de aplicaci\u00f3n.<\/p><p><strong>EXCLUSI\u00d3N DE RESPONSABILIDAD<\/strong><\/p><p>OASIS KITE TRIP har\u00e1 todos los esfuerzos y medios razonables para proporcionar informaci\u00f3n actualizada y confiable en el sitio web, sin embargo, no se ofrece garant\u00eda con respecto a la ausencia de errores, o posibles inexactitudes y \/ u omisiones en cualquiera de los contenidos accesibles a trav\u00e9s de este sitio web.<\/p><p>OASIS KITE TRIP har\u00e1 todo lo posible por actualizar y rectificar cualquier informaci\u00f3n alojada en su sitio web que no cumpla con los est\u00e1ndares m\u00ednimos de precisi\u00f3n. No obstante lo anterior, OASIS KITE TRIP quedar\u00e1 eximido de cualquier responsabilidad con respecto a la no actualizaci\u00f3n o correcci\u00f3n de su sitio web y del contenido e informaci\u00f3n cargados en el mismo.<\/p><p>OASIS KITE TRIP se reserva el derecho de eliminar el contenido que considere falso, inexacto, ilegal o contrario a la moral y las pol\u00edticas p\u00fablicas generalmente aceptadas.<\/p><p>OASIS KITE TRIP excluye cualquier responsabilidad por los da\u00f1os y perjuicios de cualquier naturaleza que pudieran deberse a la falta de veracidad, exactitud, exhaustividad y \/ o actualidad de los contenidos transmitidos, difundidos, almacenados, puestos a disposici\u00f3n o recibidos, obtenidos o accedidos a trav\u00e9s del Sitio Web; e igualmente excluye cualquier responsabilidad por los contenidos facilitados por terceras personas o entidades.<\/p><p>OASIS KITE TRIP no se responsabiliza del uso que el Usuario haga de los servicios y productos del sitio web o de sus contrase\u00f1as, as\u00ed como de cualquier otro material del sitio web que pueda vulnerar los derechos de propiedad intelectual o industrial de terceros o cualesquiera otros derechos de los mismos.<\/p><p><strong>RESPONSABILIDAD POR ENLACES<\/strong><\/p><p>Los enlaces contenidos, o que puedan estar contenidos en la web, pueden conducir al Usuario a otros sitios web gestionados por terceros.<br \/>OASIS KITE TRIP declina cualquier responsabilidad respecto a cualquier informaci\u00f3n que se encuentre fuera del sitio web, ya que la funci\u00f3n de los enlaces que aparecen es \u00fanicamente la de informar al Usuario de la existencia de otras fuentes de informaci\u00f3n sobre un tema en particular.<\/p><p>OASIS KITE TRIP se exime de toda responsabilidad por el correcto funcionamiento de los enlaces, el resultado obtenido a trav\u00e9s de dichos enlaces, la veracidad y licitud del contenido o informaci\u00f3n a la que se pueda acceder, as\u00ed como de cualquier da\u00f1o o perjuicio en que pueda incurrir el Usuario derivado de la informaci\u00f3n que se encuentra en el sitio web vinculado.<\/p><p><strong>PUBLICIDAD<\/strong><\/p><p>Algunas partes del sitio web pueden albergar contenido publicitario o estar patrocinadas. Los anunciantes y patrocinadores son los \u00fanicos y exclusivos responsables de asegurar que el material enviado para su inclusi\u00f3n en el sitio web cumpla con las leyes que puedan ser de aplicaci\u00f3n en cada caso. La Compa\u00f1\u00eda no ser\u00e1 responsable de los errores, inexactitudes o irregularidades que puedan contener el contenido publicitario o el de los patrocinadores.<\/p><p><strong>PROPIEDAD INTELECTUAL<\/strong><\/p><p>Todos los contenidos del sitio web, salvo que se indique lo contrario, son propiedad exclusiva de OASIS KITE TRIP o de terceros que hayan autorizado su inclusi\u00f3n en el sitio web y esto incluye, a modo de ejemplo y sin car\u00e1cter limitativo, el dise\u00f1o gr\u00e1fico, c\u00f3digo fuente, logotipos, textos, gr\u00e1ficos, ilustraciones, fotograf\u00edas y dem\u00e1s elementos que aparecen en el sitio web. Todas las marcas, logotipos y cualquier otro elemento de propiedad industrial que aparezca en este sitio son propiedad de OASIS KITE TRIP y est\u00e1n protegidos por ley.<\/p><p>Est\u00e1 estrictamente prohibido utilizar el contenido de nuestro sitio web sin la autorizaci\u00f3n por escrito de OASIS KITE TRIP.<\/p><p>Queda totalmente prohibido lo siguiente:<\/p><ul><li>Reproducir, copiar, distribuir, poner a disposici\u00f3n o comunicar p\u00fablicamente, transformar o modificar cualquier contenido, a menos que lo autorice el titular de los derechos pertinentes o lo permita la ley;<\/li><li>Eliminar, manipular o de cualquier forma alterar los derechos de autor y otros datos identificativos de los derechos reservados por OASIS KITE TRIP;<\/li><li>Intentar obtener los Contenidos por medios o procedimientos distintos a los que, en cada caso, se hayan puesto a su disposici\u00f3n a tal efecto o se hayan indicado a tal efecto en la p\u00e1gina Web donde se encuentran los Contenidos o en general los que se encuentran utilizados habitualmente en Internet para este fin, siempre que no supongan un riesgo de da\u00f1ar o deshabilitar el sitio web, los servicios y \/ o el contenido;<\/li><li>Configure esta p\u00e1gina como marco para otras p\u00e1ginas; sin embargo, es posible establecer un enlace a nuestra direcci\u00f3n de Internet (la URL del sitio web) siempre que no est\u00e9n relacionados con manifestaciones falsas, inexactas, incorrectas, enga\u00f1osas o confusas o que sean contrarias a la ley, la moral o las buenas costumbres.<\/li><\/ul><p>Se permite al Usuario descargar la p\u00e1gina web en el terminal de computadora del Usuario siempre que sea para uso privado y no para ning\u00fan prop\u00f3sito comercial; por tanto, ning\u00fan contenido de este sitio web puede ser explotado, reproducido, distribuido, modificado, comunicado p\u00fablicamente, transferido, transformado o utilizado con fines p\u00fablicos o comerciales.<\/p><p>La violaci\u00f3n de cualquiera de los derechos antes mencionados puede constituir una violaci\u00f3n de estas disposiciones, as\u00ed como un delito sancionado por la ley N\u00ba 2.848 del C\u00f3digo Penal Brasile\u00f1o.<\/p><p>OASIS KITE TRIP no otorga ninguna licencia o autorizaci\u00f3n de ning\u00fan tipo para uso personal al Usuario respecto de sus derechos de propiedad intelectual o cualquier otro derecho relacionado con su Sitio Web y los servicios que en \u00e9l se ofrecen.<\/p><p>Por tanto, el Usuario reconoce que la reproducci\u00f3n, distribuci\u00f3n, venta, transformaci\u00f3n, y en general, cualquier otra forma de explotaci\u00f3n, por cualquier medio, de la totalidad o parte de los contenidos de esta web constituye una violaci\u00f3n de la propiedad intelectual y \/ o industrial de los derechos de OASIS KITE TRIP o de los propietarios de los mismos.<\/p><p><strong>LEY APLICABLE Y TRIBUNAL COMPETENTE<\/strong><\/p><p>La prestaci\u00f3n del servicio se rige por las leyes de la Rep\u00fablica Federal de Brasil, y cualquier controversia se someter\u00e1 a los Juzgados y Tribunales del estado de Cear\u00e1, a los que el Usuario se somete expresamente.<\/p>\t\t\t\t\t\t\t\t<\/div>\n\t\t\t\t<\/div>\n\t\t\t\t\t<\/div>\n\t\t<\/div>\n\t\t\t\t\t<\/div>\n\t\t<\/section>\n\t\t\t\t<\/div>\n\t\t","protected":false},"excerpt":{"rendered":"<p>AVISO LEGAL \u00a0 INFORMACI\u00d3N CORPORATIVA GENERAL Propietaria: ANNE MARIE CHARLOTTE GEORGES N\u00famero de identificaci\u00f3n fiscal: 31.983.101 \/ 0001-53 Direcci\u00f3n: Rua Maravilha 70, Jericoacoara Web: oasiskitetrip.com Correo electr\u00f3nico: contact@oasiskitetrip.com CONDICIONES DE USO DEL SITIO WEB ACEPTACI\u00d3N DE LAS CONDICIONES GENERALES Las Condiciones Generales que se detallan a continuaci\u00f3n regulan el uso del OASIS KITE TRIP. La &#8230; <a title=\"Aviso Legal\" class=\"read-more\" href=\"https:\/\/oasiskitetrip.com\/es\/aviso-legal\/\" aria-label=\"Leer m\u00e1s sobre Aviso Legal\">Leer m\u00e1s<\/a><\/p>\n","protected":false},"author":1,"featured_media":0,"parent":0,"menu_order":0,"comment_status":"closed","ping_status":"closed","template":"","meta":{"footnotes":""},"class_list":["post-3404","page","type-page","status-publish"],"_links":{"self":[{"href":"https:\/\/oasiskitetrip.com\/es\/wp-json\/wp\/v2\/pages\/3404","targetHints":{"allow":["GET"]}}],"collection":[{"href":"https:\/\/oasiskitetrip.com\/es\/wp-json\/wp\/v2\/pages"}],"about":[{"href":"https:\/\/oasiskitetrip.com\/es\/wp-json\/wp\/v2\/types\/page"}],"author":[{"embeddable":true,"href":"https:\/\/oasiskitetrip.com\/es\/wp-json\/wp\/v2\/users\/1"}],"replies":[{"embeddable":true,"href":"https:\/\/oasiskitetrip.com\/es\/wp-json\/wp\/v2\/comments?post=3404"}],"version-history":[{"count":0,"href":"https:\/\/oasiskitetrip.com\/es\/wp-json\/wp\/v2\/pages\/3404\/revisions"}],"wp:attachment":[{"href":"https:\/\/oasiskitetrip.com\/es\/wp-json\/wp\/v2\/media?parent=3404"}],"curies":[{"name":"wp","href":"https:\/\/api.w.org\/{rel}","templated":true}]}}