{"id":3416,"date":"2021-03-29T13:12:00","date_gmt":"2021-03-29T11:12:00","guid":{"rendered":"http:\/\/oasiskitetrip.com\/?page_id=3416"},"modified":"2021-05-22T10:10:40","modified_gmt":"2021-05-22T08:10:40","slug":"politica-de-privacidad","status":"publish","type":"page","link":"https:\/\/oasiskitetrip.com\/es\/politica-de-privacidad\/","title":{"rendered":"Pol\u00edtica de Privacidad"},"content":{"rendered":"\t\t<div data-elementor-type=\"wp-page\" data-elementor-id=\"3416\" class=\"elementor elementor-3416\" data-elementor-post-type=\"page\">\n\t\t\t\t\t\t<section class=\"elementor-section elementor-top-section elementor-element elementor-element-79e41acf elementor-section-boxed elementor-section-height-default elementor-section-height-default\" data-id=\"79e41acf\" data-element_type=\"section\" data-e-type=\"section\" data-settings=\"{&quot;jet_parallax_layout_list&quot;:[{&quot;jet_parallax_layout_image&quot;:{&quot;url&quot;:&quot;&quot;,&quot;id&quot;:&quot;&quot;,&quot;size&quot;:&quot;&quot;},&quot;_id&quot;:&quot;45c85e6&quot;,&quot;jet_parallax_layout_image_tablet&quot;:{&quot;url&quot;:&quot;&quot;,&quot;id&quot;:&quot;&quot;,&quot;size&quot;:&quot;&quot;},&quot;jet_parallax_layout_image_mobile&quot;:{&quot;url&quot;:&quot;&quot;,&quot;id&quot;:&quot;&quot;,&quot;size&quot;:&quot;&quot;},&quot;jet_parallax_layout_speed&quot;:{&quot;unit&quot;:&quot;%&quot;,&quot;size&quot;:50,&quot;sizes&quot;:[]},&quot;jet_parallax_layout_type&quot;:&quot;scroll&quot;,&quot;jet_parallax_layout_direction&quot;:&quot;1&quot;,&quot;jet_parallax_layout_fx_direction&quot;:null,&quot;jet_parallax_layout_z_index&quot;:&quot;&quot;,&quot;jet_parallax_layout_bg_x&quot;:50,&quot;jet_parallax_layout_bg_x_tablet&quot;:&quot;&quot;,&quot;jet_parallax_layout_bg_x_mobile&quot;:&quot;&quot;,&quot;jet_parallax_layout_bg_y&quot;:50,&quot;jet_parallax_layout_bg_y_tablet&quot;:&quot;&quot;,&quot;jet_parallax_layout_bg_y_mobile&quot;:&quot;&quot;,&quot;jet_parallax_layout_bg_size&quot;:&quot;auto&quot;,&quot;jet_parallax_layout_bg_size_tablet&quot;:&quot;&quot;,&quot;jet_parallax_layout_bg_size_mobile&quot;:&quot;&quot;,&quot;jet_parallax_layout_animation_prop&quot;:&quot;transform&quot;,&quot;jet_parallax_layout_on&quot;:[&quot;desktop&quot;,&quot;tablet&quot;]}]}\">\n\t\t\t\t\t\t<div class=\"elementor-container elementor-column-gap-default\">\n\t\t\t\t\t<div class=\"elementor-column elementor-col-100 elementor-top-column elementor-element elementor-element-7adcded\" data-id=\"7adcded\" data-element_type=\"column\" data-e-type=\"column\">\n\t\t\t<div class=\"elementor-widget-wrap elementor-element-populated\">\n\t\t\t\t\t\t<div class=\"elementor-element elementor-element-3602b137 elementor-widget elementor-widget-text-editor\" data-id=\"3602b137\" data-element_type=\"widget\" data-e-type=\"widget\" data-widget_type=\"text-editor.default\">\n\t\t\t\t<div class=\"elementor-widget-container\">\n\t\t\t\t\t\t\t\t\t<h2>POL\u00cdTICA DE PRIVACIDAD<\/h2><p>Generalmente, las personas que hagan uso de la p\u00e1gina web lo hacen sin necesidad de facilitar ning\u00fan dato de car\u00e1cter personal. No obstante, para acceder a determinados servicios, los usuarios deber\u00e1n facilitar ciertos datos de car\u00e1cter personal. Es por ello que OASIS KITE TRIP informa acerca de su pol\u00edtica de protecci\u00f3n de datos de car\u00e1cter personal para que los usuarios determinen libre y voluntariamente si desean facilitar sus datos personales a trav\u00e9s de los formularios que se contienen en la web.<\/p><p>OASIS KITE TRIP puede actualizar el presente aviso en cualquier momento mediante la publicaci\u00f3n de adiciones o modificaciones en esta p\u00e1gina web. Si, en alg\u00fan momento, decidimos utilizar informaci\u00f3n personal de un modo que difiera de forma importante del manifestado en el momento en que la recopilamos, notificaremos a los usuarios por correo electr\u00f3nico, mediante un aviso visible en nuestro sitio web u otro medio de este tipo. Asimismo, si fuera necesario, obtendremos los permisos pertinentes antes de proceder a ese nuevo uso.<\/p><h3>Protecci\u00f3n de Datos de Car\u00e1cter Personal<\/h3><p>En cumplimiento con lo dispuesto en la Ley General n\u00ba 13.709\/2017 de Brasil de Protecci\u00f3n de Datos de Car\u00e1cter Personal y su normativa de desarrollo, ponemos en conocimiento del usuario que los datos recabados en los formularios contenidos en el la p\u00e1gina web ser\u00e1n incorporados a ficheros debidamente inscritos en la Autoridad Nacional de Protecci\u00f3n de Datos de Brasil, titularidad de OASIS KITE TRIP con la finalidad concreta que se detalla en el formulario de recogida de datos, y en especial las finalidades que se detallan en el apartado correspondiente.<\/p><p>Todos los campos que aparecen se\u00f1alados con un asterisco (*) en los formularios habilitados al efecto a trav\u00e9s del portal, ser\u00e1n de obligada cumplimentaci\u00f3n, de tal modo que la omisi\u00f3n de alguno de ellos conllevar\u00e1 la inadmisi\u00f3n de su solicitud.<\/p><p>El Usuario manifiesta que todos los datos facilitados por \u00e9l son ciertos y correctos, y se compromete a comunicar a OASIS KITE TRIP los cambios que se produzcan en los mismos.<\/p><p>OASIS KITE TRIP se reserva el derecho de denegar el registro, o en su caso cancelar el mismo a todo usuario que facilite datos falsos, o publique anuncios que a juicio de la empresa se consideren inapropiados.<\/p><h3>Finalidad de la Recogida de Datos de Car\u00e1cter Personal<\/h3><p>La recogida y tratamiento de los datos personales, obtenidos en los formularios de\u00a0 registro habilitados en la p\u00e1gina web, ya sea en los formularios solicitud de informaci\u00f3n, suscripci\u00f3n de cualquier servicio\/s, o de env\u00edo de Newsletter, ofrecido por OASIS KITE TRIP, tienen como finalidades las siguientes:<\/p><p>El mantenimiento de la relaci\u00f3n comercial establecida entre el usuario y OASIS KITE TRIP.<\/p><p>Facilitar informaci\u00f3n de los servicios y productos a los usuarios que nos lo soliciten.<\/p><p>Proporcionar actualizaciones sobre productos y servicios.<\/p><p>La gesti\u00f3n, administraci\u00f3n, prestaci\u00f3n, ampliaci\u00f3n y mejora de los servicios en los que el usuario decida suscribirse, darse de alta o utilizar.<\/p><p>Llevar a cabo an\u00e1lisis y estudios de mercado.<\/p><p>Analizar el comportamiento de los usuarios para personalizar las preferencias de los usuarios.<\/p><p>Realizar un estudio cuantitativo y cualitativo de las visitas y de la utilizaci\u00f3n de los servicios por parte de los usuarios, el dise\u00f1o de nuevos servicios relacionados con los servicios propios de OASIS KITE TRIP y sus actualizaciones.<\/p><p>Ofrecer asistencia al usuario, gestionar las suscripciones y responder a solicitudes, preguntas y comentarios.<\/p><p>Realizar comunicaciones de actos especiales, programas, encuestas, concursos, sorteos y otras ofertas y promociones, adem\u00e1s de administrar la participaci\u00f3n en estos.<\/p><p>Permitir publicaciones en nuestros blogs y en otras comunicaciones.<\/p><p>Personalizar, cuantificar y mejorar la publicidad, productos, servicios, y las propiedades de nuestro portal.<\/p><h3>Env\u00edos Publicitarios<\/h3><p>Adem\u00e1s, la finalidad de la recogida y tratamiento de los datos personales de los usuarios incluye el env\u00edo por cualesquiera de medios tradicionales y electr\u00f3nicos\u00a0 (Sms, llamada telef\u00f3nica, e-mail) de informaci\u00f3n t\u00e9cnica, operativa y comercial acerca de los servicios ofrecidos por OASIS KITE TRIP.<\/p><p>Con la aceptaci\u00f3n de la Ley General n\u00ba 13.709\/2017 de Brasil de Protecci\u00f3n de Datos de Car\u00e1cter Personal, el usuario otorga su consentimiento expreso para la suscripci\u00f3n a determinados servicios y el env\u00edo de informaci\u00f3n publicitaria de las actividades, productos, novedades y servicios ofrecidos por OASIS KITE TRIP.<\/p><p>En cada comunicaci\u00f3n comercial se le facilitar\u00e1 al usuario la posibilidad de darse de baja, pinchando un enlace DAR DE BAJA COMUNICACIONES COMERCIALES que aparecen al final de todos nuestros correos electr\u00f3nicos, o comunic\u00e1ndolo por escrito a la direcci\u00f3n de correo electr\u00f3nico: contact@oasiskitetrip.com.<\/p><h3>Cesi\u00f3n de datos personales de los Usuarios a terceros<\/h3><p>OASIS KITE TRIP no ceder\u00e1 los datos personales de los usuarios que se recogen a trav\u00e9s de la p\u00e1gina web a terceros sin el consentimiento del usuario. Para ello ofrecer\u00e1 previamente al usuario la posibilidad de aceptar o no esta cesi\u00f3n, informando expresamente al usuario sobre la cesi\u00f3n de sus datos de car\u00e1cter personal a terceros, indicando la identidad de los cesionarios y la finalidad de la cesi\u00f3n de los datos de car\u00e1cter personal.<\/p><h3>Seguridad<\/h3><p>OASIS KITE TRIP utiliza m\u00e9todos de protecci\u00f3n administrativos, funcionales, t\u00e9cnicos y f\u00edsicos para salvaguardar la informaci\u00f3n personal que recopilamos y tratamos. Nuestros controles de seguridad est\u00e1n destinados a mantener un nivel adecuado de confidencialidad, integridad y disponibilidad de los datos. Efectuamos pruebas regulares de nuestro sitio web, nuestros centros de datos, nuestros sistemas y otros activos para ver si presentan puntos vulnerables en cuanto a seguridad.<\/p><p>OASIS KITE TRIP se compromete al cumplimiento de su obligaci\u00f3n de secreto de los datos de car\u00e1cter personal y de su deber de guardarlos, adoptando las medidas necesarias para evitar su alteraci\u00f3n, p\u00e9rdida, tratamiento o acceso no autorizado, habida cuenta en todo momento el estado de la tecnolog\u00eda.<\/p><h3>Derechos de los usuarios<\/h3><p>El usuario podr\u00e1 ejercitar, en cualquier momento, los derechos de acceso, rectificaci\u00f3n, oposici\u00f3n y cancelaci\u00f3n de los datos personales, mediante escrito dirigido a la direcci\u00f3n de correo electr\u00f3nico contact@oasiskitetrip.com.<\/p><p>El escrito debe contener los siguientes datos: Nombre y apellidos del titular de los datos, domicilio a efectos de notificaciones, fotocopia del D.N.I. o documento acreditativo, y petici\u00f3n en que se concreta la solicitud.<\/p><h3>Enlaces a otras p\u00e1ginas web<\/h3><p>Este portal puede contener enlaces a otras p\u00e1ginas web. Tenga en cuenta que no somos responsables de la privacidad y el tratamiento de datos de otros sitios web. Esta pol\u00edtica de privacidad se aplica exclusivamente a la informaci\u00f3n que se recopila en este portal. Le recomendamos que lea las pol\u00edticas de privacidad y de tratamiento de datos de otras p\u00e1ginas web con las que enlace desde nuestro portal o que visite de cualquier otro modo.<\/p>\t\t\t\t\t\t\t\t<\/div>\n\t\t\t\t<\/div>\n\t\t\t\t\t<\/div>\n\t\t<\/div>\n\t\t\t\t\t<\/div>\n\t\t<\/section>\n\t\t\t\t<\/div>\n\t\t","protected":false},"excerpt":{"rendered":"<p>POL\u00cdTICA DE PRIVACIDAD Generalmente, las personas que hagan uso de la p\u00e1gina web lo hacen sin necesidad de facilitar ning\u00fan dato de car\u00e1cter personal. No obstante, para acceder a determinados servicios, los usuarios deber\u00e1n facilitar ciertos datos de car\u00e1cter personal. Es por ello que OASIS KITE TRIP informa acerca de su pol\u00edtica de protecci\u00f3n de &#8230; <a title=\"Pol\u00edtica de Privacidad\" class=\"read-more\" href=\"https:\/\/oasiskitetrip.com\/es\/politica-de-privacidad\/\" aria-label=\"Leer m\u00e1s sobre Pol\u00edtica de Privacidad\">Leer m\u00e1s<\/a><\/p>\n","protected":false},"author":1,"featured_media":0,"parent":0,"menu_order":0,"comment_status":"closed","ping_status":"closed","template":"","meta":{"footnotes":""},"class_list":["post-3416","page","type-page","status-publish"],"_links":{"self":[{"href":"https:\/\/oasiskitetrip.com\/es\/wp-json\/wp\/v2\/pages\/3416","targetHints":{"allow":["GET"]}}],"collection":[{"href":"https:\/\/oasiskitetrip.com\/es\/wp-json\/wp\/v2\/pages"}],"about":[{"href":"https:\/\/oasiskitetrip.com\/es\/wp-json\/wp\/v2\/types\/page"}],"author":[{"embeddable":true,"href":"https:\/\/oasiskitetrip.com\/es\/wp-json\/wp\/v2\/users\/1"}],"replies":[{"embeddable":true,"href":"https:\/\/oasiskitetrip.com\/es\/wp-json\/wp\/v2\/comments?post=3416"}],"version-history":[{"count":0,"href":"https:\/\/oasiskitetrip.com\/es\/wp-json\/wp\/v2\/pages\/3416\/revisions"}],"wp:attachment":[{"href":"https:\/\/oasiskitetrip.com\/es\/wp-json\/wp\/v2\/media?parent=3416"}],"curies":[{"name":"wp","href":"https:\/\/api.w.org\/{rel}","templated":true}]}}