{"id":3423,"date":"2021-03-29T13:18:46","date_gmt":"2021-03-29T11:18:46","guid":{"rendered":"http:\/\/oasiskitetrip.com\/?page_id=3423"},"modified":"2021-05-22T09:35:17","modified_gmt":"2021-05-22T07:35:17","slug":"politica-de-cookies","status":"publish","type":"page","link":"https:\/\/oasiskitetrip.com\/es\/politica-de-cookies\/","title":{"rendered":"Pol\u00edtica de cookies"},"content":{"rendered":"\t\t<div data-elementor-type=\"wp-page\" data-elementor-id=\"3423\" class=\"elementor elementor-3423\" data-elementor-post-type=\"page\">\n\t\t\t\t\t\t<section class=\"elementor-section elementor-top-section elementor-element elementor-element-59349177 elementor-section-boxed elementor-section-height-default elementor-section-height-default\" data-id=\"59349177\" data-element_type=\"section\" data-e-type=\"section\" data-settings=\"{&quot;jet_parallax_layout_list&quot;:[{&quot;jet_parallax_layout_image&quot;:{&quot;url&quot;:&quot;&quot;,&quot;id&quot;:&quot;&quot;,&quot;size&quot;:&quot;&quot;},&quot;_id&quot;:&quot;d0b7c51&quot;,&quot;jet_parallax_layout_image_tablet&quot;:{&quot;url&quot;:&quot;&quot;,&quot;id&quot;:&quot;&quot;,&quot;size&quot;:&quot;&quot;},&quot;jet_parallax_layout_image_mobile&quot;:{&quot;url&quot;:&quot;&quot;,&quot;id&quot;:&quot;&quot;,&quot;size&quot;:&quot;&quot;},&quot;jet_parallax_layout_speed&quot;:{&quot;unit&quot;:&quot;%&quot;,&quot;size&quot;:50,&quot;sizes&quot;:[]},&quot;jet_parallax_layout_type&quot;:&quot;scroll&quot;,&quot;jet_parallax_layout_direction&quot;:&quot;1&quot;,&quot;jet_parallax_layout_fx_direction&quot;:null,&quot;jet_parallax_layout_z_index&quot;:&quot;&quot;,&quot;jet_parallax_layout_bg_x&quot;:50,&quot;jet_parallax_layout_bg_x_tablet&quot;:&quot;&quot;,&quot;jet_parallax_layout_bg_x_mobile&quot;:&quot;&quot;,&quot;jet_parallax_layout_bg_y&quot;:50,&quot;jet_parallax_layout_bg_y_tablet&quot;:&quot;&quot;,&quot;jet_parallax_layout_bg_y_mobile&quot;:&quot;&quot;,&quot;jet_parallax_layout_bg_size&quot;:&quot;auto&quot;,&quot;jet_parallax_layout_bg_size_tablet&quot;:&quot;&quot;,&quot;jet_parallax_layout_bg_size_mobile&quot;:&quot;&quot;,&quot;jet_parallax_layout_animation_prop&quot;:&quot;transform&quot;,&quot;jet_parallax_layout_on&quot;:[&quot;desktop&quot;,&quot;tablet&quot;]}]}\">\n\t\t\t\t\t\t<div class=\"elementor-container elementor-column-gap-default\">\n\t\t\t\t\t<div class=\"elementor-column elementor-col-100 elementor-top-column elementor-element elementor-element-32af6e75\" data-id=\"32af6e75\" data-element_type=\"column\" data-e-type=\"column\">\n\t\t\t<div class=\"elementor-widget-wrap elementor-element-populated\">\n\t\t\t\t\t\t<div class=\"elementor-element elementor-element-3c71bd7b elementor-widget elementor-widget-text-editor\" data-id=\"3c71bd7b\" data-element_type=\"widget\" data-e-type=\"widget\" data-widget_type=\"text-editor.default\">\n\t\t\t\t<div class=\"elementor-widget-container\">\n\t\t\t\t\t\t\t\t\t<h2>POL\u00cdTICA DE COOKIES<\/h2><p>OASIS KITE TRIP hace uso de Cookies propias y de terceros en su p\u00e1gina web.<\/p><p>El usuario tiene la posibilidad de configurar su navegador para poder ser avisado en pantalla de la recepci\u00f3n de cookies, y para impedir la instalaci\u00f3n de cookies en su disco duro.<\/p><p>Para utilizar nuestra web no es preciso que el usuario permita la instalaci\u00f3n de las cookies enviadas, sin embargo la no instalaci\u00f3n conllevar\u00e1 la necesidad de que el usuario deba registrarse cada vez que acceda a un servicio que requiera registro previo.<\/p><p>Tenga en cuenta que las cookies no pueden da\u00f1ar su equipo y que nos ayudan a identificar y resolver los errores.<\/p><p><strong><em>Sin su expreso consentimiento, mediante la activaci\u00f3n de las cookies en su navegador, OASIS KITE TRIP no enlazar\u00e1 en las cookies los datos memorizados con sus datos personales proporcionados.<\/em><\/strong><\/p><p><strong>DEFINICI\u00d3N Y FUNCI\u00d3N DE LAS COOKIES<\/strong><\/p><p><strong>\u00bfQu\u00e9 son las cookies?<\/strong><\/p><p>Una cookie es un peque\u00f1o archivo con una cadena de caracteres que se env\u00eda al ordenador del usuario cuando se visita un sitio web. Cuando vuelve a visitar el mismo sitio, la cookie permite al sitio web reconocer el navegador del usuario. Las cookies permiten almacenar las preferencias del usuario y otro tipo de informaci\u00f3n. La configuraci\u00f3n del navegador se puede modificar para que rechace todas las cookies o para que se indique cu\u00e1ndo se env\u00eda una cookie. Sin embargo, algunas funciones o servicios del sitio web pueden no funcionar correctamente sin las cookies (fuente:\u00a0<a href=\"http:\/\/www.google.com\/intl\/es\/policies\/technologies\/cookies\/\" target=\"_blank\" rel=\"noopener\">Google<\/a>).<\/p><p><strong>TIPOS DE COOKIES<\/strong><\/p><p>En atenci\u00f3n a la\u00a0<a href=\"https:\/\/www.agpd.es\/portalwebAGPD\/canaldocumentacion\/publicaciones\/common\/Guias\/Guia_Cookies.pdf\" target=\"_blank\" rel=\"noopener\">\u201cGu\u00eda sobre el uso de las cookies\u201d publicada por la Agencia de Protecci\u00f3n de Datos<\/a>, las cookies pueden ser de distintos tipos:<\/p><ul><li><em>Cookies propias:\u00a0<\/em>Son aquellas que se env\u00edan al equipo terminal del usuario desde un equipo o dominio gestionado por el propio editor y desde el que se presta el servicio solicitado por el usuario.<\/li><li><em>Cookies de terceros<\/em>: Son aquellas que se env\u00edan al equipo terminal del usuario desde un equipo o dominio que no es gestionado por el editor, sino por otra entidad que trata los datos obtenidos a trav\u00e9s de las cookies.<\/li><li><em>Cookies de sesi\u00f3n<\/em>: Son un tipo de cookies dise\u00f1adas para recabar y almacenar datos mientras el usuario accede a una p\u00e1gina web.<\/li><li><em>Cookies persistentes<\/em>: Son un tipo de cookies en el que los datos siguen almacenados en el terminal y pueden ser accedidos y tratados durante un periodo definido por el responsable de la cookie, y que puede ir de unos minutos a varios a\u00f1os.<\/li><li><em>Cookies t\u00e9cnicas<\/em>: Son aquellas que permiten al usuario la navegaci\u00f3n a trav\u00e9s de una p\u00e1gina web, plataforma o aplicaci\u00f3n y la utilizaci\u00f3n de las diferentes opciones o servicios que en ella existan como, por ejemplo, controlar el tr\u00e1fico y la comunicaci\u00f3n de datos, identificar la sesi\u00f3n, acceder a partes de acceso restringido, recordar los elementos que integran un pedido, realizar el proceso de compra de un pedido, realizar la solicitud de inscripci\u00f3n o participaci\u00f3n en un evento, utilizar elementos de seguridad durante la navegaci\u00f3n, almacenar contenidos para la difusi\u00f3n de videos o sonido o compartir contenidos a trav\u00e9s de redes sociales.<\/li><li><em>Cookies de personalizaci\u00f3n<\/em>: Son aquellas que permiten al usuario acceder al servicio con algunas caracter\u00edsticas de car\u00e1cter general predefinidas en funci\u00f3n de una serie de criterios en el terminal del usuario, como por ejemplo ser\u00edan el idioma, el tipo de navegador a trav\u00e9s del cual accede al servicio, la configuraci\u00f3n regional desde donde accede al servicio, etc.<\/li><li><em>Cookies de an\u00e1lisis<\/em>: Son aquellas que permiten al responsable de las mismas el seguimiento y an\u00e1lisis del comportamiento de los usuarios de los sitios web a los que est\u00e1n vinculadas. A pesar de que este tipo de cookies no est\u00e1n exentas del deber de obtener un consentimiento informado para su uso, es poco probable que representen un riesgo para la privacidad de los usuarios siempre que se trate de cookies de primera parte, que traten datos agregados con una finalidad estrictamente estad\u00edstica, que se facilite informaci\u00f3n sobre su uso y se incluya la posibilidad de que los usuarios manifiesten su negativa sobre su utilizaci\u00f3n.<\/li><li><em>Cookies publicitarias<\/em>: Son aquellas que permiten la gesti\u00f3n, de la forma m\u00e1s eficaz posible, de los espacios publicitarios que, en su caso, el editor haya incluido en una p\u00e1gina web, aplicaci\u00f3n o plataforma desde la que presta el servicio solicitado con base en criterios como el contenido editado o la frecuencia en la que se muestran los anuncios.<\/li><li><em>Cookies de publicidad comportamental<\/em>: Son aquellas que permiten la gesti\u00f3n, de la forma m\u00e1s eficaz posible, de los espacios publicitarios que, en su caso, el editor haya incluido en una p\u00e1gina web, aplicaci\u00f3n o plataforma desde la que presta el servicio solicitado. Estas cookies almacenan informaci\u00f3n del comportamiento de los usuarios obtenida a trav\u00e9s de la observaci\u00f3n continuada de sus h\u00e1bitos de navegaci\u00f3n, lo que permite desarrollar un perfil espec\u00edfico para mostrar publicidad en funci\u00f3n del mismo.<\/li><\/ul><p>Asimismo es posible que al visitar alguna p\u00e1gina web o al abrir alg\u00fan email donde se publique alg\u00fan anuncio o alguna promoci\u00f3n sobre nuestros productos o servicios se instale en tu navegador alguna cookie que nos sirve para mostrarte posteriormente publicidad relacionada con la b\u00fasqueda que hayas realizado, desarrollar un control de nuestros anuncios en relaci\u00f3n, por ejemplo, con el n\u00famero de veces que son vistos, d\u00f3nde aparecen, a qu\u00e9 hora se ven, etc.<\/p><p><strong>DESCRIPCI\u00d3N DE COOKIES UTILIZADAS<\/strong><\/p><p>La p\u00e1gina web oasiskitetrip.com\u00a0utiliza las siguientes cookies:<\/p><p>cookies DE HERRAMIENTAS Y ESTAD\u00cdSTICAS<\/p><p>Para obtener y analizar la informaci\u00f3n de navegaci\u00f3n, utilizamos la aplicaci\u00f3n desarrollada por Google, Google Analytics:\u00a0<a href=\"http:\/\/www.google.com\/analytics\/\" target=\"_blank\" rel=\"noopener\">http:\/\/www.google.com\/analytics\/<\/a>.<\/p><p>Google Analytics es la herramienta de an\u00e1lisis que ayuda a los propietarios de sitios web y de aplicaciones a entender c\u00f3mo interact\u00faan los visitantes con sus propiedades. Esta herramienta puede utilizar un conjunto de cookies para recopilar informaci\u00f3n y ofrecer estad\u00edsticas de uso de los sitios web sin identificar personalmente a los visitantes de Google. La principal cookie que utiliza Google Analytics es \u201c__ga\u201d (fuente:\u00a0<a href=\"http:\/\/www.google.com\/intl\/es\/policies\/technologies\/types\/\" target=\"_blank\" rel=\"noopener\">Google<\/a>).<\/p><p>En el siguiente enlace, Google explica la informaci\u00f3n que recopila, el motivo por el que lo hace, c\u00f3mo utiliza la informaci\u00f3n y c\u00f3mo revisa y actualiza la misma: <a href=\"http:\/\/www.google.com\/intl\/es\/policies\/\" target=\"_blank\" rel=\"noopener\">http:\/\/www.google.com\/intl\/es\/policies\/<\/a>.<\/p><p>cookies DE GESTOR DE CONTENIDOS<\/p><p>Asimismo, la p\u00e1gina web\u00a0<a href=\"https:\/\/oasiskitetrip.com\/\">https:\/\/oasiskitetrip.com\/<\/a>\u00a0utiliza las siguientes cookies de seguridad y de sesi\u00f3n propias de la plantilla WordPress sobre la cual se ha desarrollado, que son las siguientes:<\/p><p>AUTH_KEY<\/p><p>SECURE_AUTH_KEY<\/p><p>LOGGED_IN_KEY<\/p><p>NONCE_KEY<\/p><p>La duraci\u00f3n por defecto de estas claves es de 48 horas o al cierre del navegador, y de 14 d\u00edas al marcar la casilla en el acceso de \u201crecu\u00e9rdame\u201d.<\/p><p><strong>REVOCACI\u00d3N Y ELIMINACI\u00d3N DE COOKIES<\/strong><\/p><p>Usted puede permitir, bloquear o eliminar las cookies instaladas en su equipo mediante la configuraci\u00f3n de las opciones del navegador instalado en su ordenador. En caso que no permita la instalaci\u00f3n de cookies en su navegador es posible que no pueda acceder a alguna de las secciones de nuestra web.<\/p><p>Usted puede restringir, bloquear o borrar las cookies, utilizando su navegador. En cada navegador la operativa es diferente, la funci\u00f3n de \u2018Ayuda\u2019 de cada uno, le mostrar\u00e1 c\u00f3mo hacerlo.<\/p><ul><li><strong>Internet Explorer:\u00a0<\/strong><a href=\"http:\/\/windows.microsoft.com\/es-xl\/internet-explorer\/delete-manage-cookies#ie=ie-10\" target=\"_blank\" rel=\"noopener\">com\/es-xl\/internet-explorer\/delete-manage-cookies#ie=\u201die-10\u2033<\/a><\/li><li><strong>Mozilla Firefox:\u00a0<\/strong><a href=\"https:\/\/support.mozilla.org\/es\/kb\/Borrar%20cookies\" target=\"_blank\" rel=\"noopener\">org\/es\/kb\/Borrar%20cookies<\/a><\/li><li><strong>Google Chrome:\u00a0<\/strong><a href=\"https:\/\/support.google.com\/chrome\/answer\/95647?hl=es\" target=\"_blank\" rel=\"noopener\">com\/chrome\/answer\/95647?hl=\u201des\u201d<\/a><\/li><li><strong>Safari:\u00a0<\/strong><a href=\"http:\/\/www.apple.com\/es\/privacy\/use-of-cookies\/\" target=\"_blank\" rel=\"noopener\">com\/es\/privacy\/use-of-cookies\/<\/a><\/li><\/ul><p>Adem\u00e1s, tambi\u00e9n puede gestionar el almac\u00e9n de cookies en su navegador a trav\u00e9s de herramientas como las siguientes:<\/p><ul><li>Ghostery:\u00a0<a href=\"http:\/\/www.ghostery.com\/\" target=\"_blank\" rel=\"noopener\">com\/<\/a><\/li><li>Your online choices:\u00a0<a href=\"http:\/\/www.youronlinechoices.com\/es\/\" target=\"_blank\" rel=\"noopener\">com\/es\/<\/a><\/li><\/ul>\t\t\t\t\t\t\t\t<\/div>\n\t\t\t\t<\/div>\n\t\t\t\t\t<\/div>\n\t\t<\/div>\n\t\t\t\t\t<\/div>\n\t\t<\/section>\n\t\t\t\t<\/div>\n\t\t","protected":false},"excerpt":{"rendered":"<p>POL\u00cdTICA DE COOKIES OASIS KITE TRIP hace uso de Cookies propias y de terceros en su p\u00e1gina web. El usuario tiene la posibilidad de configurar su navegador para poder ser avisado en pantalla de la recepci\u00f3n de cookies, y para impedir la instalaci\u00f3n de cookies en su disco duro. Para utilizar nuestra web no es &#8230; <a title=\"Pol\u00edtica de cookies\" class=\"read-more\" href=\"https:\/\/oasiskitetrip.com\/es\/politica-de-cookies\/\" aria-label=\"Leer m\u00e1s sobre Pol\u00edtica de cookies\">Leer m\u00e1s<\/a><\/p>\n","protected":false},"author":1,"featured_media":0,"parent":0,"menu_order":0,"comment_status":"closed","ping_status":"closed","template":"","meta":{"footnotes":""},"class_list":["post-3423","page","type-page","status-publish"],"_links":{"self":[{"href":"https:\/\/oasiskitetrip.com\/es\/wp-json\/wp\/v2\/pages\/3423","targetHints":{"allow":["GET"]}}],"collection":[{"href":"https:\/\/oasiskitetrip.com\/es\/wp-json\/wp\/v2\/pages"}],"about":[{"href":"https:\/\/oasiskitetrip.com\/es\/wp-json\/wp\/v2\/types\/page"}],"author":[{"embeddable":true,"href":"https:\/\/oasiskitetrip.com\/es\/wp-json\/wp\/v2\/users\/1"}],"replies":[{"embeddable":true,"href":"https:\/\/oasiskitetrip.com\/es\/wp-json\/wp\/v2\/comments?post=3423"}],"version-history":[{"count":0,"href":"https:\/\/oasiskitetrip.com\/es\/wp-json\/wp\/v2\/pages\/3423\/revisions"}],"wp:attachment":[{"href":"https:\/\/oasiskitetrip.com\/es\/wp-json\/wp\/v2\/media?parent=3423"}],"curies":[{"name":"wp","href":"https:\/\/api.w.org\/{rel}","templated":true}]}}