{"id":3369,"date":"2021-03-23T16:56:51","date_gmt":"2021-03-23T15:56:51","guid":{"rendered":"http:\/\/oasiskitetrip.com\/?page_id=3369"},"modified":"2022-12-27T19:51:32","modified_gmt":"2022-12-27T18:51:32","slug":"termes-et-conditions","status":"publish","type":"page","link":"https:\/\/oasiskitetrip.com\/fr\/termes-et-conditions\/","title":{"rendered":"Termes et conditions"},"content":{"rendered":"\t\t<div data-elementor-type=\"wp-page\" data-elementor-id=\"3369\" class=\"elementor elementor-3369 elementor-2441\" data-elementor-post-type=\"page\">\n\t\t\t\t\t\t<section class=\"elementor-section elementor-top-section elementor-element elementor-element-8815920 elementor-section-boxed elementor-section-height-default elementor-section-height-default\" data-id=\"8815920\" data-element_type=\"section\" data-e-type=\"section\" data-settings=\"{&quot;jet_parallax_layout_list&quot;:[{&quot;jet_parallax_layout_image&quot;:{&quot;url&quot;:&quot;&quot;,&quot;id&quot;:&quot;&quot;,&quot;size&quot;:&quot;&quot;},&quot;_id&quot;:&quot;9a80494&quot;,&quot;jet_parallax_layout_image_tablet&quot;:{&quot;url&quot;:&quot;&quot;,&quot;id&quot;:&quot;&quot;,&quot;size&quot;:&quot;&quot;},&quot;jet_parallax_layout_image_mobile&quot;:{&quot;url&quot;:&quot;&quot;,&quot;id&quot;:&quot;&quot;,&quot;size&quot;:&quot;&quot;},&quot;jet_parallax_layout_speed&quot;:{&quot;unit&quot;:&quot;%&quot;,&quot;size&quot;:50,&quot;sizes&quot;:[]},&quot;jet_parallax_layout_type&quot;:&quot;scroll&quot;,&quot;jet_parallax_layout_direction&quot;:&quot;1&quot;,&quot;jet_parallax_layout_fx_direction&quot;:null,&quot;jet_parallax_layout_z_index&quot;:&quot;&quot;,&quot;jet_parallax_layout_bg_x&quot;:50,&quot;jet_parallax_layout_bg_y&quot;:50,&quot;jet_parallax_layout_bg_size&quot;:&quot;auto&quot;,&quot;jet_parallax_layout_animation_prop&quot;:&quot;transform&quot;,&quot;jet_parallax_layout_on&quot;:[&quot;desktop&quot;,&quot;tablet&quot;],&quot;jet_parallax_layout_bg_x_tablet&quot;:&quot;&quot;,&quot;jet_parallax_layout_bg_x_mobile&quot;:&quot;&quot;,&quot;jet_parallax_layout_bg_y_tablet&quot;:&quot;&quot;,&quot;jet_parallax_layout_bg_y_mobile&quot;:&quot;&quot;,&quot;jet_parallax_layout_bg_size_tablet&quot;:&quot;&quot;,&quot;jet_parallax_layout_bg_size_mobile&quot;:&quot;&quot;}]}\">\n\t\t\t\t\t\t<div class=\"elementor-container elementor-column-gap-default\">\n\t\t\t\t\t<div class=\"elementor-column elementor-col-100 elementor-top-column elementor-element elementor-element-c259145\" data-id=\"c259145\" data-element_type=\"column\" data-e-type=\"column\">\n\t\t\t<div class=\"elementor-widget-wrap elementor-element-populated\">\n\t\t\t\t\t\t<div class=\"elementor-element elementor-element-6b3f56c elementor-widget elementor-widget-heading\" data-id=\"6b3f56c\" data-element_type=\"widget\" data-e-type=\"widget\" data-widget_type=\"heading.default\">\n\t\t\t\t<div class=\"elementor-widget-container\">\n\t\t\t\t\t<h1 class=\"elementor-heading-title elementor-size-default\">CONDITIONS G\u00c9N\u00c9RALES DE VENTE<\/h1>\t\t\t\t<\/div>\n\t\t\t\t<\/div>\n\t\t\t\t<section class=\"elementor-section elementor-inner-section elementor-element elementor-element-6718e54 elementor-section-boxed elementor-section-height-default elementor-section-height-default\" data-id=\"6718e54\" data-element_type=\"section\" data-e-type=\"section\" data-settings=\"{&quot;jet_parallax_layout_list&quot;:[{&quot;jet_parallax_layout_image&quot;:{&quot;url&quot;:&quot;&quot;,&quot;id&quot;:&quot;&quot;,&quot;size&quot;:&quot;&quot;},&quot;_id&quot;:&quot;68168ba&quot;,&quot;jet_parallax_layout_image_tablet&quot;:{&quot;url&quot;:&quot;&quot;,&quot;id&quot;:&quot;&quot;,&quot;size&quot;:&quot;&quot;},&quot;jet_parallax_layout_image_mobile&quot;:{&quot;url&quot;:&quot;&quot;,&quot;id&quot;:&quot;&quot;,&quot;size&quot;:&quot;&quot;},&quot;jet_parallax_layout_speed&quot;:{&quot;unit&quot;:&quot;%&quot;,&quot;size&quot;:50,&quot;sizes&quot;:[]},&quot;jet_parallax_layout_type&quot;:&quot;scroll&quot;,&quot;jet_parallax_layout_direction&quot;:&quot;1&quot;,&quot;jet_parallax_layout_fx_direction&quot;:null,&quot;jet_parallax_layout_z_index&quot;:&quot;&quot;,&quot;jet_parallax_layout_bg_x&quot;:50,&quot;jet_parallax_layout_bg_y&quot;:50,&quot;jet_parallax_layout_bg_size&quot;:&quot;auto&quot;,&quot;jet_parallax_layout_animation_prop&quot;:&quot;transform&quot;,&quot;jet_parallax_layout_on&quot;:[&quot;desktop&quot;,&quot;tablet&quot;],&quot;jet_parallax_layout_bg_x_tablet&quot;:&quot;&quot;,&quot;jet_parallax_layout_bg_x_mobile&quot;:&quot;&quot;,&quot;jet_parallax_layout_bg_y_tablet&quot;:&quot;&quot;,&quot;jet_parallax_layout_bg_y_mobile&quot;:&quot;&quot;,&quot;jet_parallax_layout_bg_size_tablet&quot;:&quot;&quot;,&quot;jet_parallax_layout_bg_size_mobile&quot;:&quot;&quot;}]}\">\n\t\t\t\t\t\t<div class=\"elementor-container elementor-column-gap-default\">\n\t\t\t\t\t<div class=\"elementor-column elementor-col-100 elementor-inner-column elementor-element elementor-element-b24edeb\" data-id=\"b24edeb\" data-element_type=\"column\" data-e-type=\"column\">\n\t\t\t<div class=\"elementor-widget-wrap elementor-element-populated\">\n\t\t\t\t\t\t<div class=\"elementor-element elementor-element-1835ff4 elementor-widget elementor-widget-text-editor\" data-id=\"1835ff4\" data-element_type=\"widget\" data-e-type=\"widget\" data-widget_type=\"text-editor.default\">\n\t\t\t\t<div class=\"elementor-widget-container\">\n\t\t\t\t\t\t\t\t\t<p>Ci-dessous figurent les Conditions G\u00e9n\u00e9rales de Vente qui s&rsquo;appliquent, sauf stipulations contraires, et \u00e0 tous les contrats conclus entre :<br>\u25cf La soci\u00e9t\u00e9 Oasis Kite Trip, ci-apr\u00e8s d\u00e9nomm\u00e9e \u00abl&rsquo;Agence\u00bb. <br>\u25cf Toute personne physique ou morale utilisant les services de l&rsquo;Agence, ci-apr\u00e8s d\u00e9nomm\u00e9e \u00able Client \u00bb. Le \u00ab Participant \u00bb d\u00e9signe toute personne participant physiquement au circuit organis\u00e9 par le Client. <\/p>\n<h3>1. OBJET<\/h3>\n<p>L&rsquo;Agence offrira au Client la possibilit\u00e9 d&rsquo;effectuer un voyage vers sa destination de choix en lui permettant de choisir la ou les destination (s) visit\u00e9e (s), itin\u00e9raires, excursions, activit\u00e9s et h\u00e9bergements.<\/p>\n<h3>2. M\u00c9THODES D&rsquo;INSCRIPTION ET DE PAIEMENT<\/h3>\n<p>Toute inscription \u00e0 un voyage sera effective pour l&rsquo;Agence d\u00e8s r\u00e9ception de :<br>\u25cf Acceptation par le Client du devis envoy\u00e9 par l&rsquo;agence. <br>\u25cf Un acompte repr\u00e9sentant 50% du total des frais sur la base de la facture qui sera re\u00e7ue par le Client. <\/p>\n<p>Une r\u00e9servation n&rsquo;est d\u00e9finitive qu&rsquo;apr\u00e8s confirmation de disponibilit\u00e9 par l&rsquo;Agence.<\/p>\n<p>Le solde du paiement doit \u00eatre pay\u00e9 30 jours avant le d\u00e9but effectif des services.<\/p>\n<p>Lors de la confirmation du paiement, il sera demand\u00e9 au Client de fournir dans les meilleurs d\u00e9lais une copie des passeports de tous les Participants du voyage afin de garantir des r\u00e9servations s\u00e9curis\u00e9es.<\/p>\n<h3>3. FRAIS D&rsquo;ANNULATION<\/h3>\n<p>3.1 AVANT LE VOYAGE<\/p>\n<p>Toute annulation de voyage doit \u00eatre effectu\u00e9e par courrier \u00e9lectronique, et dans tous les cas, \u00eatre compl\u00e9t\u00e9e par une notification \u00e0 l&rsquo;Agence par lettre recommand\u00e9e avec accus\u00e9 de r\u00e9ception.<\/p>\n<p>Le remboursement par l&rsquo;Agence des redevances vers\u00e9es s&rsquo;effectue dans les conditions et limites fix\u00e9es ci-dessous:<br>\u25cf Plus de 120 jours avant l&rsquo;arriv\u00e9e: 100% de l&rsquo;acompte sera rembours\u00e9. <br>\u25cf Entre 120 et 30 jours avant l&rsquo;arriv\u00e9e: 25% de l&rsquo;acompte sera rembours\u00e9. <br>\u25cf Moins de 30 jours avant l&rsquo;arriv\u00e9e: 100% non-remboursable. <\/p>\n<p>Si un ou plusieurs voyageurs annulent leur participation au m\u00eame voyage que les autres Participants, l&rsquo;Agence se r\u00e9serve le droit de r\u00e9viser les prix en fonction du nombre actualis\u00e9 de Participants.<\/p>\n<p>Tout retard de paiement pourra \u00eatre consid\u00e9r\u00e9 par l&rsquo;Agence comme une annulation par le Client, pour laquelle les frais d&rsquo;annulation vis\u00e9s ci-dessus seront appliqu\u00e9s.<\/p>\n<p>Lorsque la r\u00e9servation de services implique que l&rsquo;Agence entreprenne des d\u00e9penses qui ne peuvent \u00eatre rembours\u00e9es, quelle que soit la raison de l&rsquo;annulation ou l&rsquo;anticipation avec laquelle elle est formul\u00e9e, les conditions de remboursement mentionn\u00e9es ci-dessus ne peuvent pas \u00eatre appliqu\u00e9.<\/p>\n<p>3.2 PENDANT LE S\u00c9JOUR<\/p>\n<p>Tout voyage interrompu, modifi\u00e9 ou \u00e9court\u00e9 ou toute prestation non consomm\u00e9e par le Participant pour quelque raison que ce soit ne donnera lieu \u00e0 aucun remboursement ou indemnit\u00e9 de la part de l&rsquo;Agence.<br>Toute modification par le Participant impliquant un changement de prestation (h\u00f4tels, transport &#8230;) ou de programme (dur\u00e9e du s\u00e9jour, \u00e9tape &#8230;) sera factur\u00e9e.<br>Une modification \u00e0 l&rsquo;initiative du Client ou de l&rsquo;un des Participants relative \u00e0 la destination ou un changement de date est consid\u00e9r\u00e9 comme une annulation.<\/p>\n<h3>4. PLAINTE<\/h3>\n<p>Toute r\u00e9clamation doit \u00eatre notifi\u00e9e pendant le voyage au plus vite pour \u00eatre r\u00e9solue dans les plus brefs d\u00e9lais.<\/p>\n<p>Une fois le voyage termin\u00e9, cela devra \u00eatre fait par \u00e9crit \u00e0 l&rsquo;Agence par lettre recommand\u00e9e avec accus\u00e9 de r\u00e9ception, accompagn\u00e9 des pi\u00e8ces justificatives, dans les 30 jours suivant la date de retour du voyage.<\/p>\n<p>Tout litige sera r\u00e9gl\u00e9 \u00e0 l&rsquo;amiable.<\/p>\n<p>En cas de d\u00e9saccord complet, l&rsquo;Agence \u00e9tant une entreprise br\u00e9silienne, sera jug\u00e9 par les tribunaux de l\u2019\u00e9tat de l&rsquo;Agence comp\u00e9tents.<\/p>\n<h3>5. ASSURANCE<\/h3>\n<p>En acceptant de voyager avec l&rsquo;Agence, et en raison de la nature du voyage et du sport pratiqu\u00e9, les Participants doivent souscrire \u00e0 une assurance multirisque, couvrant au minimum les \u00e9ventuels frais m\u00e9dicaux, de rapatriement, d&rsquo;annulation et de prise en charge et responsabilit\u00e9 civile des sports extr\u00eames dont le kitesurf et les sports motoris\u00e9s.<\/p>\n<p>L&rsquo;Agence se r\u00e9serve le droit de faire signer aux Participants une d\u00e9charge de responsabilit\u00e9 jusqu\u2019au moment de l&rsquo;arriv\u00e9e.<\/p>\n<p>L&rsquo;Agence a sign\u00e9 un contrat garantissant sa responsabilit\u00e9 civile professionnelle dans les conditions pr\u00e9vues par les textes en vigueur.<\/p>\n<h3>6. RESPONSABILIT\u00c9<\/h3>\n<p>Avant l&rsquo;enregistrement du voyage, chaque Participant devra v\u00e9rifier, en fonction de sa situation personnelle, qu&rsquo;il est en possession d&rsquo;un passeport et \/ ou autre (s) document (s) (carte d&rsquo;identit\u00e9 nationale, visa, passeport familial, autorisation de quitter le pays pour les mineurs, certificat de vaccination, permis de conduire, etc.), valides et conformes aux conditions de passage et \/ ou d&rsquo;entr\u00e9e au Br\u00e9sil.<\/p><p>Chaque Participant assumera la responsabilit\u00e9 d&rsquo;obtenir tous les documents requis par les autorit\u00e9s du pays visit\u00e9.<\/p><p>L&rsquo;Agence fournit des informations sur les formalit\u00e9s administratives et \/ ou sanitaires n\u00e9cessaires \u00e0 l&rsquo;ex\u00e9cution de ces voyages dans la documentation soumise.<\/p><p>Ces informations ne sont donn\u00e9es par l&rsquo;Agence qu&rsquo;\u00e0 titre indicatif et ne sauraient \u00eatre tenues pour responsables ou se substituer \u00e0 la responsabilit\u00e9 individuelle de chaque Participant. Il est donc fortement conseill\u00e9 de v\u00e9rifier avant le d\u00e9part et aupr\u00e8s des autorit\u00e9s concern\u00e9es, telles que les consulats, la liste des documents n\u00e9cessaires et les formalit\u00e9s migratoires, sanitaires et douani\u00e8res en vigueur.<\/p><p>En aucun cas, l&rsquo;Agence ne sera responsable du retard des participants ou de l&rsquo;impossibilit\u00e9 pour un participant de soumettre des documents en r\u00e8gle. Les cons\u00e9quences de tout d\u00e9faut de pr\u00e9sentation de ces documents seront enti\u00e8rement \u00e0 la charge du Participant et tout voyage annul\u00e9, interrompu ou abr\u00e9g\u00e9 pour des raisons du Participant ne donnera lieu \u00e0 aucun remboursement ni indemnit\u00e9 d&rsquo;aucune sorte.<\/p>\n<h3>7. SANT\u00c9<\/h3><p>Le Client et les Participants au voyage sont tenus d&rsquo;informer l&rsquo;Agence et les guides accompagnateurs de leur \u00e9tat de sant\u00e9 et physique, afin qu&rsquo;ils puissent \u00eatre pris en compte si les Participants exercent des activit\u00e9s.<\/p><p>L&rsquo;Agence et ses guides ne pourront \u00eatre tenus pour responsables en cas d&rsquo;accident r\u00e9sultant de l&rsquo;\u00e9tat du ou des Participant (s) concern\u00e9 (s).<\/p><p>Dans tous les cas, l&rsquo;Agence et ses guides ne peuvent se substituer aux m\u00e9decins ni aux clients pour d\u00e9couvrir ce qui est le mieux pour la sant\u00e9 des Participants et leur aptitude \u00e0 prendre part aux activit\u00e9s propos\u00e9es s&rsquo;ils souffrent de condition physique et mentale. Le Client et les Participants sont les seuls responsables de ces derniers.<\/p>\n<h3>8. S\u00c9CURIT\u00c9 ET RISQUES<\/h3><p>Le Client et les Participants voyageurs sont conscients que, compte tenu de la nature du voyage qu&rsquo;ils choisissent, ils peuvent \u00eatre expos\u00e9s \u00e0 certains risques, notamment l&rsquo;\u00e9loignement des centres m\u00e9dicaux, l&rsquo;\u00e9tat des routes, le caract\u00e8re aventureux de certains circuits (notamment randonn\u00e9es, sports nautiques, sorties en v\u00e9hicule tout-terrain &#8230;).<\/p><p>Les organisations qui permettent une \u00e9vacuation rapide dans certaines zones recul\u00e9es de la ville n&rsquo;existent pas toujours.<\/p><p>Le Client et les Participants Voyageurs d\u00e9clarent avoir connaissance de ces risques et notent, en cas d&rsquo;accident, ne pas mettre en p\u00e9ril la responsabilit\u00e9 de l&rsquo;Agence, de ses guides et des diff\u00e9rents prestataires.<\/p><p>Si les circonstances l&rsquo;exigent, et notamment pour assurer la s\u00e9curit\u00e9 d&rsquo;un groupe de Participants dans son ensemble, mais aussi pour des raisons climatiques ou impr\u00e9vues, l&rsquo;Agence se r\u00e9serve le droit directement ou par l&rsquo;interm\u00e9diaire de leurs accompagnateurs ou prestataires de substituer \u00e0 un moyen de transport, un h\u00e9bergement, un itin\u00e9raire avec un autre, ainsi que les dates ou heures de d\u00e9part, sans que les Participants n&rsquo;aient droit \u00e0 aucune indemnit\u00e9.<\/p><p>Chaque Participant doit se conformer aux r\u00e8gles de prudence et de vie associative et suivre les instructions donn\u00e9es par le conseiller ou prestataire de services de l&rsquo;Agence.<\/p><p>L&rsquo;Agence ne peut \u00eatre tenue pour responsable des accidents dus \u00e0 l&rsquo;imprudence individuelle de l&rsquo;un des Participants. L&rsquo;Agence se r\u00e9serve le droit d&rsquo;expulser, \u00e0 tout moment d&rsquo;un groupe, un Participant dont le comportement peut \u00eatre consid\u00e9r\u00e9 comme mettant en danger la s\u00e9curit\u00e9 ou le bien-\u00eatre des autres Participants.<\/p><p>Aucune compensation ne serait alors due.<\/p><p>Si le Participant concern\u00e9 refuse de suivre les instructions donn\u00e9es par le guide, ce dernier peut signer une d\u00e9charge de responsabilit\u00e9 qui stipule son d\u00e9saccord et d\u00e9gage l&rsquo;Agence et le guide de toute poursuite.<\/p>\n<h3>9. BAGAGES ET EFFETS PERSONNELS<\/h3><p>Les Participants sont responsables de leurs effets personnels qu&rsquo;ils gardent sous leur garde, qu&rsquo;il s&rsquo;agisse d&rsquo;argent, de cartes de cr\u00e9dit, de bijoux, de v\u00eatements, d&rsquo;appareils photo, etc.<\/p><p>L&rsquo;Agence ne peut \u00eatre tenue responsable en cas de perte, de vol ou de d\u00e9t\u00e9rioration des bagages ou effets personnels pendant le voyage et ne sera pas tenue d&rsquo;indemniser les Clients dans de telles circonstances.<\/p><p>En cas de probl\u00e8me, il est conseill\u00e9 aux Participants de faire v\u00e9rifier les faits par les autorit\u00e9s locales comp\u00e9tentes (porter plainte aupr\u00e8s la police).<\/p>\n<h3>10. HOSPITALIT\u00c9<\/h3><p>L&rsquo;infrastructure h\u00f4teli\u00e8re peut \u00eatre de qualit\u00e9 inf\u00e9rieure \u00e0 celle trouv\u00e9e dans d&rsquo;autres parties du monde, et les normes locales de confort, par \u00e9toiles, peuvent ne pas correspondre \u00e0 celles auxquelles les Participants sont habitu\u00e9s.<\/p><p>Cependant, l&rsquo;Agence travaille r\u00e9guli\u00e8rement avec des \u00e9tablissements h\u00f4teliers avec lesquels la confiance est maintenue et sa qualit\u00e9 certifi\u00e9e.<\/p><p>Le Participant ne pourra pr\u00e9tendre \u00e0 un remboursement pour raison de diff\u00e9renciation de jugement sur le confort.<\/p>\n<h3>11. TRANSPORT A\u00c9RIEN ET CLIMAT<\/h3><p>Si le voyage est perturb\u00e9 en raison de modifications de la compagnie a\u00e9rienne, pour toute raison ext\u00e9rieure \u00e0 l&rsquo;Agence, l&rsquo;Agence fera ses meilleurs efforts pour proposer une solution alternative au (x) Participant (s).<\/p><p>Les frais qui en d\u00e9coulent seront pay\u00e9s par le (s) participant (s).<\/p><p>Les r\u00e9clamations ou droits d&rsquo;indemnisation sont ceux applicables selon les lois locales en vigueur. Une telle action ne peut \u00eatre effectu\u00e9e par le Participant qu&rsquo;\u00e0 titre personnel.<\/p><p>Les autorit\u00e9s locales peuvent parfois suspendre certaines visites et d\u00e9placements \u00e0 la derni\u00e8re minute pour des raisons de s\u00e9curit\u00e9 personnelle. L&rsquo;Agence ne peut \u00eatre tenue responsable des cons\u00e9quences de cette d\u00e9cision, consid\u00e9r\u00e9e comme une circonstance impr\u00e9visible (ex: perte d&rsquo;un transfert en bateau ou un vol).<\/p>\n<h3>12. CIRCONSTANCES IMPR\u00c9VISIBLES<\/h3><p>Si des \u00e9v\u00e9nements ext\u00e9rieurs perturbent le fonctionnement normal du pays (ex: troubles politiques et sociaux, catastrophes naturelles, gr\u00e8ves, blocus, manifestations, etc.), l&rsquo;Agence se r\u00e9serve le droit d&rsquo;annuler un voyage ou d&rsquo;en modifier le contenu.<\/p><p>Les Participants seront pr\u00e9alablement inform\u00e9s du contexte et de toutes les possibilit\u00e9s de changement.<\/p><p>L&rsquo;Agence est principalement responsable de la s\u00e9curit\u00e9 des personnes impliqu\u00e9es dans les voyages qu&rsquo;elle organise.<\/p><p>En cas d&rsquo;annulation, l&rsquo;Agence ne sera pas tenue de rembourser les sommes vers\u00e9es et les participants n&rsquo;auront droit \u00e0 aucune indemnit\u00e9.<\/p><p>En cas de changements au cours du voyage dus \u00e0 des \u00e9v\u00e9nements ext\u00e9rieurs, un nouveau devis sera \u00e9tabli et sera propos\u00e9 au (x) participant (s). La totalit\u00e9 des frais de modification est \u00e0 la charge du ou des Participant (s).<\/p>\n<h3>13. PRIX ET TAUX DE CHANGE<\/h3><p>Les services vendus dans une devise autre que le r\u00e9al br\u00e9silien (BRL) sont bas\u00e9s sur le taux de change du jour de l\u2019envoi du devis. En cas de d\u00e9valuation soudaine, l&rsquo;Agence se r\u00e9serve le droit de r\u00e9\u00e9valuer le montant du voyage, laissant au Client le choix de maintenir ou d&rsquo;annuler la prestation.<\/p><p>En outre, l&rsquo;Agence peut \u00eatre amen\u00e9e \u00e0 modifier ses prix et ses programmes pour tenir compte:<br>\u25cf \u00c9volution du co\u00fbt du transport, notamment li\u00e9 au co\u00fbt du carburant. <br>\u25cf La variation des frais et charges pour les services fournis. <\/p>\n<p>LE R\u00c8GLEMENT D&rsquo;UN D\u00c9P\u00d4T POUR L&rsquo;ORGANISATION D&rsquo;UN VOYAGE SIGNIFIE L&rsquo;ACCEPTATION DES PR\u00c9SENTES CONDITIONS G\u00c9N\u00c9RALES DE VENTE<\/p>\t\t\t\t\t\t\t\t<\/div>\n\t\t\t\t<\/div>\n\t\t\t\t\t<\/div>\n\t\t<\/div>\n\t\t\t\t\t<\/div>\n\t\t<\/section>\n\t\t\t\t\t<\/div>\n\t\t<\/div>\n\t\t\t\t\t<\/div>\n\t\t<\/section>\n\t\t\t\t<\/div>\n\t\t","protected":false},"excerpt":{"rendered":"<p>CONDITIONS G\u00c9N\u00c9RALES DE VENTE Ci-dessous figurent les Conditions G\u00e9n\u00e9rales de Vente qui s&rsquo;appliquent, sauf stipulations contraires, et \u00e0 tous les contrats conclus entre : \u25cf La soci\u00e9t\u00e9 Oasis Kite Trip, ci-apr\u00e8s d\u00e9nomm\u00e9e \u00abl&rsquo;Agence\u00bb. \u25cf Toute personne physique ou morale utilisant les services de l&rsquo;Agence, ci-apr\u00e8s d\u00e9nomm\u00e9e \u00able Client \u00bb. Le \u00ab Participant \u00bb d\u00e9signe toute &#8230; <a title=\"Termes et conditions\" class=\"read-more\" href=\"https:\/\/oasiskitetrip.com\/fr\/termes-et-conditions\/\" aria-label=\"En savoir plus sur Termes et conditions\">Lire plus<\/a><\/p>\n","protected":false},"author":1,"featured_media":0,"parent":0,"menu_order":0,"comment_status":"closed","ping_status":"closed","template":"","meta":{"footnotes":""},"class_list":["post-3369","page","type-page","status-publish"],"_links":{"self":[{"href":"https:\/\/oasiskitetrip.com\/fr\/wp-json\/wp\/v2\/pages\/3369","targetHints":{"allow":["GET"]}}],"collection":[{"href":"https:\/\/oasiskitetrip.com\/fr\/wp-json\/wp\/v2\/pages"}],"about":[{"href":"https:\/\/oasiskitetrip.com\/fr\/wp-json\/wp\/v2\/types\/page"}],"author":[{"embeddable":true,"href":"https:\/\/oasiskitetrip.com\/fr\/wp-json\/wp\/v2\/users\/1"}],"replies":[{"embeddable":true,"href":"https:\/\/oasiskitetrip.com\/fr\/wp-json\/wp\/v2\/comments?post=3369"}],"version-history":[{"count":0,"href":"https:\/\/oasiskitetrip.com\/fr\/wp-json\/wp\/v2\/pages\/3369\/revisions"}],"wp:attachment":[{"href":"https:\/\/oasiskitetrip.com\/fr\/wp-json\/wp\/v2\/media?parent=3369"}],"curies":[{"name":"wp","href":"https:\/\/api.w.org\/{rel}","templated":true}]}}