{"id":3431,"date":"2021-03-29T13:01:27","date_gmt":"2021-03-29T11:01:27","guid":{"rendered":"http:\/\/oasiskitetrip.com\/legal-advice\/"},"modified":"2022-12-29T18:36:30","modified_gmt":"2022-12-29T17:36:30","slug":"conseils-juridiques","status":"publish","type":"page","link":"https:\/\/oasiskitetrip.com\/fr\/conseils-juridiques\/","title":{"rendered":"Conseils juridiques"},"content":{"rendered":"\t\t<div data-elementor-type=\"wp-page\" data-elementor-id=\"3431\" class=\"elementor elementor-3431 elementor-3404\" data-elementor-post-type=\"page\">\n\t\t\t\t\t\t<section class=\"elementor-section elementor-top-section elementor-element elementor-element-d8954b3 elementor-section-boxed elementor-section-height-default elementor-section-height-default\" data-id=\"d8954b3\" data-element_type=\"section\" data-e-type=\"section\" data-settings=\"{&quot;jet_parallax_layout_list&quot;:[{&quot;jet_parallax_layout_image&quot;:{&quot;url&quot;:&quot;&quot;,&quot;id&quot;:&quot;&quot;,&quot;size&quot;:&quot;&quot;},&quot;_id&quot;:&quot;d942d30&quot;,&quot;jet_parallax_layout_image_tablet&quot;:{&quot;url&quot;:&quot;&quot;,&quot;id&quot;:&quot;&quot;,&quot;size&quot;:&quot;&quot;},&quot;jet_parallax_layout_image_mobile&quot;:{&quot;url&quot;:&quot;&quot;,&quot;id&quot;:&quot;&quot;,&quot;size&quot;:&quot;&quot;},&quot;jet_parallax_layout_speed&quot;:{&quot;unit&quot;:&quot;%&quot;,&quot;size&quot;:50,&quot;sizes&quot;:[]},&quot;jet_parallax_layout_type&quot;:&quot;scroll&quot;,&quot;jet_parallax_layout_direction&quot;:&quot;1&quot;,&quot;jet_parallax_layout_fx_direction&quot;:null,&quot;jet_parallax_layout_z_index&quot;:&quot;&quot;,&quot;jet_parallax_layout_bg_x&quot;:50,&quot;jet_parallax_layout_bg_x_tablet&quot;:&quot;&quot;,&quot;jet_parallax_layout_bg_x_mobile&quot;:&quot;&quot;,&quot;jet_parallax_layout_bg_y&quot;:50,&quot;jet_parallax_layout_bg_y_tablet&quot;:&quot;&quot;,&quot;jet_parallax_layout_bg_y_mobile&quot;:&quot;&quot;,&quot;jet_parallax_layout_bg_size&quot;:&quot;auto&quot;,&quot;jet_parallax_layout_bg_size_tablet&quot;:&quot;&quot;,&quot;jet_parallax_layout_bg_size_mobile&quot;:&quot;&quot;,&quot;jet_parallax_layout_animation_prop&quot;:&quot;transform&quot;,&quot;jet_parallax_layout_on&quot;:[&quot;desktop&quot;,&quot;tablet&quot;]}]}\">\n\t\t\t\t\t\t<div class=\"elementor-container elementor-column-gap-default\">\n\t\t\t\t\t<div class=\"elementor-column elementor-col-100 elementor-top-column elementor-element elementor-element-5bc37385\" data-id=\"5bc37385\" data-element_type=\"column\" data-e-type=\"column\">\n\t\t\t<div class=\"elementor-widget-wrap elementor-element-populated\">\n\t\t\t\t\t\t<div class=\"elementor-element elementor-element-20743d3 elementor-widget elementor-widget-text-editor\" data-id=\"20743d3\" data-element_type=\"widget\" data-e-type=\"widget\" data-widget_type=\"text-editor.default\">\n\t\t\t\t<div class=\"elementor-widget-container\">\n\t\t\t\t\t\t\t\t\t<h2>LEGAL ADVICE<\/h2><p>\u00a0<\/p><p><strong>INFORMATIONS G\u00c9N\u00c9RALES SUR LA SOCI\u00c9T\u00c9<\/strong><\/p><ul><li>Propri\u00e9taire: ANNE MARIE CHARLOTTE GEORGES<\/li><li>Num\u00e9ro d&rsquo;identification fiscale de l&rsquo;entreprise: 31.983.101 \/ 0001-53<\/li><li>Adresse: Rua Maravilha 70, Jericoacoara<\/li><li>Web: oasiskitetrip.com<\/li><li>Courriel: contact@oasiskitetrip.com<\/li><\/ul><h3>CONDITIONS D&rsquo;UTILISATION DU SITE<\/h3><p><strong>ACCEPTATION DES CONDITIONS G\u00c9N\u00c9RALES<\/strong><\/p><p>Les Conditions G\u00e9n\u00e9rales \u00e9nonc\u00e9es ci-dessous r\u00e9gissent l&rsquo;utilisation de l&rsquo; OASIS KITE TRIP.<\/p><p>L&rsquo;utilisation du site OASIS KITE TRIP signifie que vous devenez utilisateur et implique l&rsquo;acceptation pleine et sans r\u00e9serve d&rsquo;aucune sorte par l&rsquo;utilisateur de l&rsquo;ensemble des Conditions G\u00e9n\u00e9rales publi\u00e9es lors de l&rsquo;acc\u00e8s de l&rsquo;utilisateur au site.<\/p><p>Nous conseillons donc \u00e0 l&rsquo;utilisateur de lire le contenu des conditions g\u00e9n\u00e9rales chaque fois qu&rsquo;il utilisera le site.<br \/>L&rsquo;Utilisateur s&rsquo;engage \u00e0 utiliser le Web, son contenu et ses services conform\u00e9ment \u00e0 la loi, au pr\u00e9sent avis juridique, aux coutumes morales g\u00e9n\u00e9ralement accept\u00e9es et \u00e0 la politique publique.<\/p><p>Tous les contenus qui sont inclus dans ce site Web sont fournis \u00e0 des fins exclusivement d&rsquo;information, donc en aucun cas ils ne peuvent \u00eatre la base de r\u00e9clamations ou d&rsquo;appels ne peuvent constituer une source de quelque droit que ce soit. OASIS KITE TRIP se r\u00e9serve le droit de modifier le contenu du site sans pr\u00e9avis.<\/p><p>L&rsquo;Utilisateur s&rsquo;engage \u00e0 utiliser le Site Web, et tout son contenu, exclusivement \u00e0 des fins licites qui ne sont pas interdites, qui ne violent aucune loi en vigueur et \/ ou qui ne violent pas les droits l\u00e9gitimes d&rsquo;OASIS KITE TRIP ou de tout tiers, et \/ ou qui pourrait causer des dommages ou des pertes directement ou indirectement.<\/p><p>\u00c0 titre indicatif et non limitatif, l&rsquo;utilisateur s&rsquo;engage \u00e0 ne pas transf\u00e9rer, diffuser ou mettre \u00e0 disposition des informations, donn\u00e9es, contenus, messages, graphiques, dessins, fichiers sonores et \/ ou images, photographies, enregistrements, logiciels et, en g\u00e9n\u00e9ral, de quelque nature que ce soit, de mat\u00e9riel qui :<\/p><ul><li>De toute mani\u00e8re qui est contraire, d\u00e9nigre ou porte atteinte aux droits fondamentaux et aux libert\u00e9s publiques reconnus par la Constitution, par les trait\u00e9s internationaux et autres lois et statuts.<\/li><li>Qui induit, incite ou promeut des activit\u00e9s criminelles, d\u00e9gradantes, diffamatoires, calomnieuses, violentes ou, en g\u00e9n\u00e9ral, ill\u00e9gales ou contraires \u00e0 la morale g\u00e9n\u00e9ralement accept\u00e9e et au comportement civil ou \u00e0 l&rsquo;ordre public.<\/li><li>Qui induit, incite ou promeut des actions, attitudes ou opinions discriminatoires sur la base de l&rsquo;orientation sexuelle, du sexe, de la race, de la religion, des croyances, de l&rsquo;\u00e2ge ou du statut ;<\/li><li>Qui incorpore, met \u00e0 disposition ou permet l&rsquo;acc\u00e8s \u00e0 des produits, \u00e9l\u00e9ments, messages et \/ ou services de nature criminelle, violente, offensante, pr\u00e9judiciable, d\u00e9gradante ou, en g\u00e9n\u00e9ral, ill\u00e9gale ou contraire \u00e0 la morale g\u00e9n\u00e9ralement accept\u00e9e et au comportement civil ou public politique.<\/li><li>Qui est faux, ambigu, inexact, exag\u00e9r\u00e9 ou inappropri\u00e9, d&rsquo;une mani\u00e8re qui induit ou pourrait induire en erreur quant \u00e0 son objet ou les intentions ou les buts de l&rsquo;affiche ;<\/li><li>Qui est prot\u00e9g\u00e9 par tout droit de propri\u00e9t\u00e9 intellectuelle ou industrielle appartenant \u00e0 des tiers, \u00e0 moins que l&rsquo;Utilisateur n&rsquo;ait pr\u00e9alablement obtenu l&rsquo;autorisation n\u00e9cessaire de ses propri\u00e9taires pour faire l&rsquo;usage qu&rsquo;il fait ou compte faire de ces droits;<\/li><li>Qui enfreint les secrets d&rsquo;affaires de tiers;<\/li><li>Qui enfreint la loi br\u00e9silienne sur la diffamation, la vie priv\u00e9e personnelle et familiale, ou qui porte atteinte \u00e0 l&rsquo;image des personnes ou qui porte atteinte de quelque mani\u00e8re que ce soit \u00e0 la r\u00e9putation d&rsquo;OASIS KITE TRIP;<\/li><li>Cela enfreint les lois et r\u00e8glements r\u00e9gissant le secret des communications;<\/li><li>Cela constitue, le cas \u00e9ch\u00e9ant, de la publicit\u00e9 illicite, trompeuse ou d\u00e9loyale et en g\u00e9n\u00e9ral toute forme de concurrence d\u00e9loyale ;<\/li><li>Qui contient des virus ou d&rsquo;autres \u00e9l\u00e9ments physiques ou \u00e9lectroniques susceptibles d&rsquo;endommager ou d&rsquo;entraver le fonctionnement normal d&rsquo;OASIS KITE TRIP ou de tout r\u00e9seau ou syst\u00e8me informatique tiers (mat\u00e9riel et logiciel) ou qui peuvent endommager les documents et fichiers \u00e9lectroniques stock\u00e9s sur un tel \u00e9quipement informatique;<\/li><li>Cela cause des difficult\u00e9s dans le fonctionnement normal du Service en raison de ses caract\u00e9ristiques (telles que le format, l&rsquo;extension, etc.).<\/li><\/ul><p>L&rsquo;Utilisateur s&rsquo;engage \u00e0 ne pas entraver l&rsquo;acc\u00e8s des autres utilisateurs au service d&rsquo;acc\u00e8s par une consommation massive des ressources TIC \u00e0 travers lesquelles la Soci\u00e9t\u00e9 fournit le service et \u00e0 s&rsquo;abstenir de toute action qui pourrait endommager, interrompre ou produire des erreurs dans lesdits syst\u00e8mes.<\/p><p><strong>RESPONSABILIT\u00c9 DU FONCTIONNEMENT DU SITE<\/strong><\/p><p>OASIS KITE TRIP ne garantit pas la fiabilit\u00e9, la disponibilit\u00e9 ou la continuit\u00e9 des fonctionnalit\u00e9s du site ni de son contenu; par cons\u00e9quent, l&rsquo;utilisation de celui-ci par l&rsquo;Utilisateur est \u00e0 ses propres risques et en aucun cas l&rsquo;Utilisateur ne pourra r\u00e9clamer \u00e0 OASIS KITE TRIP \u00e0 cet \u00e9gard.<\/p><p>Chaque fois que cela est raisonnablement possible, OASIS KITE TRIP notifiera \u00e0 l&rsquo;avance les interruptions de service du site Web. OASIS KITE TRIP ne garantit pas que le site Web est adapt\u00e9 \u00e0 une activit\u00e9 particuli\u00e8re ni qu&rsquo;il est infaillible.<\/p><p>L&rsquo;acc\u00e8s au site Web d&rsquo;OASIS KITE TRIP est pour une dur\u00e9e ind\u00e9termin\u00e9e; cependant, OASIS KITE TRIP se r\u00e9serve le droit de suspendre l&rsquo;acc\u00e8s sans pr\u00e9avis afin d&rsquo;effectuer des op\u00e9rations de maintenance, de r\u00e9paration, de mise \u00e0 jour ou de mise \u00e0 niveau.<\/p><p>OASIS KITE TRIP se r\u00e9serve le droit de restreindre l&rsquo;acc\u00e8s \u00e0 certaines sections du Site Web au grand public, en le limitant \u00e0 certains utilisateurs ou groupes d&rsquo;utilisateurs en leur fournissant un mot de passe pour se connecter dont ils seront responsables.<\/p><p>OASIS KITE TRIP exclut toute responsabilit\u00e9 pouvant r\u00e9sulter d&rsquo;interf\u00e9rences, d&rsquo;omissions, d&rsquo;interruptions, de virus, de dysfonctionnements t\u00e9l\u00e9phoniques ou de d\u00e9connexions dans le fonctionnement op\u00e9rationnel du syst\u00e8me \u00e9lectronique dus \u00e0 des causes ind\u00e9pendantes de sa volont\u00e9.<\/p><p>En outre, toute responsabilit\u00e9 qui pourrait \u00eatre caus\u00e9e par des retards ou des blocages dans le fonctionnement op\u00e9rationnel de ce syst\u00e8me \u00e9lectronique caus\u00e9s par des d\u00e9faillances ou une surcharge des lignes t\u00e9l\u00e9phoniques ou d&rsquo;Internet, ainsi que des dommages caus\u00e9s par des tiers par des intrusions ill\u00e9gitimes ind\u00e9pendantes de la volont\u00e9 de l&rsquo;entreprise , est exclu. En tout \u00e9tat de cause, quelle qu&rsquo;en soit la cause, OASIS KITE TRIP d\u00e9cline toute responsabilit\u00e9 pour tous dommages directs ou indirects, dommages cons\u00e9cutifs et \/ ou manque \u00e0 gagner.<\/p><p>L&rsquo;Utilisateur est seul responsable de toute r\u00e9clamation ou action en justice, judiciaire ou extrajudiciaire, intent\u00e9e par un tiers contre OASIS KITE TRIP sur la base de l&rsquo;utilisation du site par l&rsquo;Utilisateur. Le cas \u00e9ch\u00e9ant, l&rsquo;Utilisateur supportera les d\u00e9penses, co\u00fbts et indemnit\u00e9s r\u00e9clam\u00e9s \u00e0 la Soci\u00e9t\u00e9 suite \u00e0 de telles r\u00e9clamations ou actions en justice.<\/p><p>L&rsquo;Utilisateur sera toujours responsable des dommages et pertes de toute nature qu\u2019OASIS KITE TRIP pourrait subir, directement ou indirectement, du fait du non-respect de l&rsquo;une des obligations d\u00e9coulant des conditions g\u00e9n\u00e9rales ou de la loi relative \u00e0 l&rsquo;utilisation de la toile.<\/p><p><b>REFUS ET RETRAIT D&rsquo;ACC\u00c8S AU SITE ET \/ OU AUX SERVICES<\/b><\/p><p>OASIS KITE TRIP se r\u00e9serve le droit de refuser ou de retirer l&rsquo;acc\u00e8s \u00e0 son site Internet, \u00e0 tout moment et sans pr\u00e9avis, aux utilisateurs qui ne respecteraient pas les pr\u00e9sentes Conditions G\u00e9n\u00e9rales ou les conditions particuli\u00e8res qui pourraient s&rsquo;appliquer.<\/p><p><b>EXCLUSION DE RESPONSABILIT\u00c9<\/b><\/p><p>OASIS KITE TRIP utilisera tous les efforts et moyens raisonnables pour fournir des informations \u00e0 jour et fiables sur le site Web, cependant, aucune garantie n&rsquo;est donn\u00e9e concernant l&rsquo;absence d&rsquo;erreurs, ou d&rsquo;\u00e9ventuelles inexactitudes et \/ ou omissions dans l&rsquo;un des contenus accessibles via ce site.<\/p><p>OASIS KITE TRIP s&rsquo;efforcera dans la mesure du possible de mettre \u00e0 jour et de rectifier toute information h\u00e9berg\u00e9e sur son site Internet qui ne r\u00e9pondrait pas aux normes minimales d&rsquo;exactitude. Nonobstant ce qui pr\u00e9c\u00e8de, OASIS KITE TRIP se d\u00e9gage de toute responsabilit\u00e9 en cas de non-mise \u00e0 jour ou de correction de son site Web et du contenu et des informations qui y sont t\u00e9l\u00e9charg\u00e9s.<\/p><p>OASIS KITE TRIP se r\u00e9serve le droit de supprimer tout contenu qu&rsquo;il juge faux, inexact, ill\u00e9gal ou contraire \u00e0 la morale et \u00e0 la politique publique g\u00e9n\u00e9ralement accept\u00e9es.<\/p><p>OASIS KITE TRIP exclut toute responsabilit\u00e9 pour les dommages de toute nature qui pourraient \u00eatre dus au manque de v\u00e9racit\u00e9, d&rsquo;exactitude, d&rsquo;exhaustivit\u00e9 et \/ ou d&rsquo;actualit\u00e9 du contenu transmis, diffus\u00e9, stock\u00e9, mis \u00e0 disposition ou re\u00e7u, obtenu ou consult\u00e9 via le site Web; et exclut \u00e9galement toute responsabilit\u00e9 pour le contenu fourni par des tiers ou des entit\u00e9s.<\/p><p>OASIS KITE TRIP d\u00e9cline toute responsabilit\u00e9 quant \u00e0 l&rsquo;utilisation que l&rsquo;Utilisateur fait des services et produits du site Web ou de ses mots de passe, ainsi que de tout autre mat\u00e9riel du site Web qui pourrait enfreindre les droits de propri\u00e9t\u00e9 intellectuelle ou industrielle de tiers ou tout autre droit de ceux-ci.<\/p><p><b>RESPONSABILIT\u00c9 DES LIENS<\/b><\/p><p>Les liens contenus, ou pouvant \u00eatre contenus sur le Web, peuvent conduire l&rsquo;utilisateur vers d&rsquo;autres sites Web g\u00e9r\u00e9s par des tiers.<\/p><p>OASIS KITE TRIP d\u00e9cline toute responsabilit\u00e9 concernant toute information ext\u00e9rieure au site, la fonction des liens apparaissant \u00e9tant uniquement d&rsquo;informer l&rsquo;Utilisateur de l&rsquo;existence d&rsquo;autres sources d&rsquo;informations sur un sujet particulier.<\/p><p>OASIS KITE TRIP est exon\u00e9r\u00e9 de toute responsabilit\u00e9 quant au bon fonctionnement des liens, au r\u00e9sultat obtenu \u00e0 travers lesdits liens, \u00e0 la v\u00e9racit\u00e9 et \u00e0 la lic\u00e9it\u00e9 du contenu ou des informations accessibles, ainsi que de tout pr\u00e9judice ou perte pouvant \u00eatre encouru par l\u2019Utilisateur r\u00e9sultant des informations trouv\u00e9es sur le site Web li\u00e9.<\/p><p><b>LA PUBLICIT\u00c9<\/b><\/p><p>Certaines parties du site Web peuvent h\u00e9berger du contenu publicitaire ou \u00eatre sponsoris\u00e9es. Les annonceurs et les sponsors sont seuls et exclusivement responsables de s&rsquo;assurer que le mat\u00e9riel soumis pour inclusion sur le site Web est conforme aux lois qui peuvent s&rsquo;appliquer dans chaque cas. La Soci\u00e9t\u00e9 ne sera pas responsable des erreurs, inexactitudes ou irr\u00e9gularit\u00e9s qui pourraient \u00eatre contenues dans le contenu publicitaire ou celui des sponsors.<\/p><p><b>PROPRI\u00c9T\u00c9 INTELLECTUELLE<\/b><\/p><p>Tous les contenus du site, sauf indication contraire, sont la propri\u00e9t\u00e9 exclusive d&rsquo;OASIS KITE TRIP ou de tiers ayant autoris\u00e9 leur inclusion sur le site et cela comprend, \u00e0 titre d&rsquo;exemple et sans limitation, la conception graphique, le code source, les logos, textes, graphiques, illustrations, photographies et autres \u00e9l\u00e9ments apparaissant sur le site Web. Toutes les marques, logos et tous autres \u00e9l\u00e9ments de propri\u00e9t\u00e9 industrielle apparaissant sur ce site sont la propri\u00e9t\u00e9 d&rsquo;OASIS KITE TRIP et sont prot\u00e9g\u00e9s par la loi.<\/p><p>Il est strictement interdit d&rsquo;utiliser le contenu de notre site Web sans l&rsquo;autorisation \u00e9crite d&rsquo;OASIS KITE TRIP.<br \/>Ce qui suit est totalement interdit:<\/p><ul><li>Pour reproduire, copier, distribuer, rendre disponible ou autrement communiquer publiquement, transformer ou modifier tout contenu, sauf autorisation du titulaire des droits concern\u00e9s ou si la loi l&rsquo;autorise;<\/li><li>Supprimer, manipuler ou modifier de quelque mani\u00e8re que ce soit les droits d&rsquo;auteur et autres donn\u00e9es d&rsquo;identification des droits r\u00e9serv\u00e9s par OASIS KITE TRIP;<\/li><li>Tenter d&rsquo;obtenir le Contenu en utilisant des moyens ou des proc\u00e9dures autres que ceux qui, dans chaque cas, ont \u00e9t\u00e9 mis \u00e0 disposition \u00e0 cet effet ou ont \u00e9t\u00e9 indiqu\u00e9s \u00e0 cet effet sur la page Web o\u00f9 se trouve le Contenu ou en g\u00e9n\u00e9ral ceux qui sont habituellement utilis\u00e9s sur Internet \u00e0 cette fin, \u00e0 condition qu&rsquo;ils n&rsquo;entra\u00eenent pas de risque d&rsquo;endommager ou de d\u00e9sactiver le Site Web, les Services et \/ ou le Contenu;<\/li><li>Cependant, il peut \u00eatre possible d&rsquo;\u00e9tablir un lien vers notre adresse Internet (l&rsquo;URL du site Web) tant qu&rsquo;elles ne sont pas li\u00e9es \u00e0 des d\u00e9clarations fausses, inexactes, incorrectes, trompeuses ou d\u00e9routantes ou qui sont contraires \u00e0 la loi, aux bonnes m\u0153urs ou aux bonnes coutumes.<\/li><\/ul><p>L&rsquo;Utilisateur est autoris\u00e9 \u00e0 t\u00e9l\u00e9charger la page Web sur le terminal informatique de l&rsquo;Utilisateur \u00e0 condition qu&rsquo;elle soit pour un usage priv\u00e9 et non \u00e0 des fins commerciales; par cons\u00e9quent, aucun contenu de ce site Web ne peut \u00eatre exploit\u00e9, reproduit, distribu\u00e9, modifi\u00e9, communiqu\u00e9 publiquement, transf\u00e9r\u00e9, transform\u00e9 ou utilis\u00e9 \u00e0 des fins publiques ou commerciales.<\/p><p><span style=\"color: var( --e-global-color-text ); font-family: var( --e-global-typography-text-font-family ), Sans-serif;\">La violation de l&rsquo;un des droits susmentionn\u00e9s peut constituer une violation de ces dispositions, ainsi qu&rsquo;une infraction punissable en vertu de la loi n \u00b0 2.848 du Code p\u00e9nal br\u00e9silien.<\/span><\/p><p>OASIS KITE TRIP n&rsquo;accorde aucune licence ou autorisation de quelque nature que ce soit pour un usage personnel \u00e0 l&rsquo;Utilisateur en ce qui concerne ses droits de propri\u00e9t\u00e9 intellectuelle ou tout autre droit li\u00e9 \u00e0 son Site Web et aux services qui y sont propos\u00e9s.<br \/>Par cons\u00e9quent, l&rsquo;Utilisateur reconna\u00eet que la reproduction, la distribution, la vente, la transformation, et en g\u00e9n\u00e9ral, toute autre forme d&rsquo;exploitation, par quelque moyen que ce soit, de tout ou partie du contenu de ce site constitue une violation de la propri\u00e9t\u00e9 intellectuelle et \/ ou industrielle. droits et de OASIS KITE TRIP ou de leurs propri\u00e9taires.<\/p><p><b>DROIT APPLICABLE ET TRIBUNAL COMP\u00c9TANT<\/b><\/p><p>La prestation de services est r\u00e9gie par les lois de la R\u00e9publique f\u00e9d\u00e9rale du Br\u00e9sil, et tout litige sera soumis aux tribunaux de l&rsquo;\u00c9tat du Cear\u00e1, auxquels l&rsquo;utilisateur se soumet express\u00e9ment.<\/p>\t\t\t\t\t\t\t\t<\/div>\n\t\t\t\t<\/div>\n\t\t\t\t\t<\/div>\n\t\t<\/div>\n\t\t\t\t\t<\/div>\n\t\t<\/section>\n\t\t\t\t<\/div>\n\t\t","protected":false},"excerpt":{"rendered":"<p>LEGAL ADVICE \u00a0 INFORMATIONS G\u00c9N\u00c9RALES SUR LA SOCI\u00c9T\u00c9 Propri\u00e9taire: ANNE MARIE CHARLOTTE GEORGES Num\u00e9ro d&rsquo;identification fiscale de l&rsquo;entreprise: 31.983.101 \/ 0001-53 Adresse: Rua Maravilha 70, Jericoacoara Web: oasiskitetrip.com Courriel: contact@oasiskitetrip.com CONDITIONS D&rsquo;UTILISATION DU SITE ACCEPTATION DES CONDITIONS G\u00c9N\u00c9RALES Les Conditions G\u00e9n\u00e9rales \u00e9nonc\u00e9es ci-dessous r\u00e9gissent l&rsquo;utilisation de l&rsquo; OASIS KITE TRIP. L&rsquo;utilisation du site OASIS KITE &#8230; <a title=\"Conseils juridiques\" class=\"read-more\" href=\"https:\/\/oasiskitetrip.com\/fr\/conseils-juridiques\/\" aria-label=\"En savoir plus sur Conseils juridiques\">Lire plus<\/a><\/p>\n","protected":false},"author":1,"featured_media":0,"parent":0,"menu_order":0,"comment_status":"closed","ping_status":"closed","template":"","meta":{"footnotes":""},"class_list":["post-3431","page","type-page","status-publish"],"_links":{"self":[{"href":"https:\/\/oasiskitetrip.com\/fr\/wp-json\/wp\/v2\/pages\/3431","targetHints":{"allow":["GET"]}}],"collection":[{"href":"https:\/\/oasiskitetrip.com\/fr\/wp-json\/wp\/v2\/pages"}],"about":[{"href":"https:\/\/oasiskitetrip.com\/fr\/wp-json\/wp\/v2\/types\/page"}],"author":[{"embeddable":true,"href":"https:\/\/oasiskitetrip.com\/fr\/wp-json\/wp\/v2\/users\/1"}],"replies":[{"embeddable":true,"href":"https:\/\/oasiskitetrip.com\/fr\/wp-json\/wp\/v2\/comments?post=3431"}],"version-history":[{"count":0,"href":"https:\/\/oasiskitetrip.com\/fr\/wp-json\/wp\/v2\/pages\/3431\/revisions"}],"wp:attachment":[{"href":"https:\/\/oasiskitetrip.com\/fr\/wp-json\/wp\/v2\/media?parent=3431"}],"curies":[{"name":"wp","href":"https:\/\/api.w.org\/{rel}","templated":true}]}}