{"id":3436,"date":"2021-03-29T13:15:15","date_gmt":"2021-03-29T11:15:15","guid":{"rendered":"http:\/\/oasiskitetrip.com\/privacy-policy\/"},"modified":"2021-06-04T18:57:56","modified_gmt":"2021-06-04T16:57:56","slug":"politique-de-confidentialite","status":"publish","type":"page","link":"https:\/\/oasiskitetrip.com\/fr\/politique-de-confidentialite\/","title":{"rendered":"Politique de confidentialit\u00e9"},"content":{"rendered":"\t\t<div data-elementor-type=\"wp-page\" data-elementor-id=\"3436\" class=\"elementor elementor-3436 elementor-3416\" data-elementor-post-type=\"page\">\n\t\t\t\t\t\t<section class=\"elementor-section elementor-top-section elementor-element elementor-element-79e41acf elementor-section-boxed elementor-section-height-default elementor-section-height-default\" data-id=\"79e41acf\" data-element_type=\"section\" data-e-type=\"section\" data-settings=\"{&quot;jet_parallax_layout_list&quot;:[{&quot;jet_parallax_layout_image&quot;:{&quot;url&quot;:&quot;&quot;,&quot;id&quot;:&quot;&quot;,&quot;size&quot;:&quot;&quot;},&quot;_id&quot;:&quot;45c85e6&quot;,&quot;jet_parallax_layout_image_tablet&quot;:{&quot;url&quot;:&quot;&quot;,&quot;id&quot;:&quot;&quot;,&quot;size&quot;:&quot;&quot;},&quot;jet_parallax_layout_image_mobile&quot;:{&quot;url&quot;:&quot;&quot;,&quot;id&quot;:&quot;&quot;,&quot;size&quot;:&quot;&quot;},&quot;jet_parallax_layout_speed&quot;:{&quot;unit&quot;:&quot;%&quot;,&quot;size&quot;:50,&quot;sizes&quot;:[]},&quot;jet_parallax_layout_type&quot;:&quot;scroll&quot;,&quot;jet_parallax_layout_direction&quot;:&quot;1&quot;,&quot;jet_parallax_layout_fx_direction&quot;:null,&quot;jet_parallax_layout_z_index&quot;:&quot;&quot;,&quot;jet_parallax_layout_bg_x&quot;:50,&quot;jet_parallax_layout_bg_x_tablet&quot;:&quot;&quot;,&quot;jet_parallax_layout_bg_x_mobile&quot;:&quot;&quot;,&quot;jet_parallax_layout_bg_y&quot;:50,&quot;jet_parallax_layout_bg_y_tablet&quot;:&quot;&quot;,&quot;jet_parallax_layout_bg_y_mobile&quot;:&quot;&quot;,&quot;jet_parallax_layout_bg_size&quot;:&quot;auto&quot;,&quot;jet_parallax_layout_bg_size_tablet&quot;:&quot;&quot;,&quot;jet_parallax_layout_bg_size_mobile&quot;:&quot;&quot;,&quot;jet_parallax_layout_animation_prop&quot;:&quot;transform&quot;,&quot;jet_parallax_layout_on&quot;:[&quot;desktop&quot;,&quot;tablet&quot;]}]}\">\n\t\t\t\t\t\t<div class=\"elementor-container elementor-column-gap-default\">\n\t\t\t\t\t<div class=\"elementor-column elementor-col-100 elementor-top-column elementor-element elementor-element-7adcded\" data-id=\"7adcded\" data-element_type=\"column\" data-e-type=\"column\">\n\t\t\t<div class=\"elementor-widget-wrap elementor-element-populated\">\n\t\t\t\t\t\t<div class=\"elementor-element elementor-element-3602b137 elementor-widget elementor-widget-text-editor\" data-id=\"3602b137\" data-element_type=\"widget\" data-e-type=\"widget\" data-widget_type=\"text-editor.default\">\n\t\t\t\t<div class=\"elementor-widget-container\">\n\t\t\t\t\t\t\t\t\t<h2>POLITIQUE DE CONFIDENTIALIT\u00c9<\/h2>\n<p>En g\u00e9n\u00e9ral, les personnes qui utilisent le site Web le font sans avoir \u00e0 fournir de donn\u00e9es personnelles. N\u00e9anmoins, pour acc\u00e9der \u00e0 certains services, les utilisateurs devront fournir certaines donn\u00e9es personnelles. Pour cette raison, OASIS KITE TRIP vous informe de sa politique de protection des donn\u00e9es personnelles afin que les utilisateurs puissent d\u00e9cider de leur plein gr\u00e9 s&rsquo;ils souhaitent fournir leurs donn\u00e9es personnelles via les formulaires contenus dans le site.<\/p>\n<p>OASIS KITE TRIP peut mettre \u00e0 jour cet avis \u00e0 tout moment en publiant des suppl\u00e9ments ou des modifications sur ce site Web. Si, \u00e0 tout moment, nous d\u00e9cidons d&rsquo;utiliser des informations personnelles d&rsquo;une mani\u00e8re qui diff\u00e8re dans une mesure importante de celle indiqu\u00e9e au moment o\u00f9 nous les collectons, nous en informerons les utilisateurs par e-mail au moyen d&rsquo;une annonce visible sur notre site Web ou d&rsquo;autres moyens de ce type. De plus, si cela s&rsquo;av\u00e8re n\u00e9cessaire, nous obtiendrons les permis requis avant de proc\u00e9der \u00e0 cette nouvelle utilisation.<\/p>\n<p><b>Protection des donn\u00e9es personnelles<\/b><\/p>\n<p>Conform\u00e9ment aux dispositions de la Loi br\u00e9silienne n \u00b0 13.709 \/ 2017 sur la Protection des Donn\u00e9es Personnelles, et ses r\u00e8glements d&rsquo;application, nous informons par la pr\u00e9sente \u00e0 l&rsquo;utilisateur, que les donn\u00e9es collect\u00e9es dans les formulaires contenus sur le site Web, seront ajout\u00e9es aux fichiers d\u00fbment enregistr\u00e9s aupr\u00e8s de l&rsquo;Agence br\u00e9silienne de protection des donn\u00e9es, d\u00e9tenue par OASIS KITE TRIP avec l&rsquo;objectif sp\u00e9cifi\u00e9 indiqu\u00e9 dans le formulaire de collecte de donn\u00e9es, et en particulier les objectifs \u00e9nonc\u00e9s dans la section correspondante.<\/p>\n<p>Tous les champs qui apparaissent avec un ast\u00e9risque (*) dans les formulaires pr\u00e9vus \u00e0 cet effet via le portail doivent \u00eatre remplis ; par cons\u00e9quent, l&rsquo;omission de ces donn\u00e9es entra\u00eenera le rejet de votre demande.<\/p>\n<p>L&rsquo;Utilisateur d\u00e9clare que toutes les donn\u00e9es qu&rsquo;il fournit sont v\u00e9ridiques et exactes, et s&rsquo;engage \u00e0 informer OASIS KITE TRIP de toute modification qui pourrait y \u00eatre apport\u00e9e.<\/p>\n<p>OASIS KITE TRIP se r\u00e9serve le droit de refuser l&rsquo;inscription, ou le cas \u00e9ch\u00e9ant de l&rsquo;annuler pour tout utilisateur qui fournit de fausses donn\u00e9es ou publie des annonces que l&rsquo;entreprise juge inappropri\u00e9es.<\/p>\n<p><b>Finalit\u00e9 de la collecte des donn\u00e9es personnelles<\/b><\/p>\n<p>La collecte et le traitement des donn\u00e9es personnelles obtenues dans les formulaires d&rsquo;inscription fournis sur le site, que ce soit dans les formulaires de demande d&rsquo;informations, d&rsquo;abonnement \u00e0 des services ou d&rsquo;envoi de la Newsletter propos\u00e9e par OASIS KITE TRIP auront les finalit\u00e9s suivantes:<\/p>\n<ul>\n<li>Le maintien de la relation commerciale \u00e9tablie entre l&rsquo;utilisateur et OASIS KITE TRIP.<\/li>\n<li>Fournir des informations sur les produits et services aux utilisateurs qui en font la demande.<\/li>\n<li>Fournir des mises \u00e0 jour des produits et services.<\/li>\n<li>La gestion, l&rsquo;administration, la fourniture, l&rsquo;extension et l&rsquo;am\u00e9lioration des services auxquels l&rsquo;utilisateur d\u00e9cide de s&rsquo;abonner, de s&rsquo;inscrire ou d&rsquo;utiliser.<\/li>\n<li>R\u00e9aliser des analyses et des \u00e9tudes de march\u00e9.<\/li>\n<li>Analyser le comportement des utilisateurs afin de personnaliser les pr\u00e9f\u00e9rences de l&rsquo;utilisateur.<\/li>\n<li>R\u00e9aliser une \u00e9tude quantitative et qualitative des hits et de l&rsquo;utilisation des services par les utilisateurs, la conception de nouveaux services li\u00e9s aux propres services d&rsquo;OASIS KITE TRIP et leurs mises \u00e0 jour.<\/li>\n<li>Pour offrir une assistance aux utilisateurs, g\u00e9rer les abonnements et r\u00e9pondre aux demandes, requ\u00eates et commentaires.<\/li>\n<li>Annoncer des \u00e9v\u00e9nements sp\u00e9ciaux, des programmes, des sondages, des concours, des tirages au sort et d&rsquo;autres offres et promotions, ainsi que g\u00e9rer la participation \u00e0 ceux-ci.<\/li>\n<li>Autoriser les publications dans nos blogs et dans d&rsquo;autres communications.<\/li>\n<li>Pour personnaliser, quantifier et am\u00e9liorer la publicit\u00e9, les produits, les services et les propri\u00e9t\u00e9s de notre portail.<\/li>\n<\/ul>\n<p><b>Envoi de publicit\u00e9<\/b><\/p>\n<p>En outre, la finalit\u00e9 de la collecte et du traitement des donn\u00e9es personnelles des utilisateurs comprend l&rsquo;envoi par tout support traditionnel et \u00e9lectronique (SMS, appel t\u00e9l\u00e9phonique, email) d&rsquo;informations techniques, op\u00e9rationnelles ou commerciales concernant les services propos\u00e9s par OASIS KITE TRIP.<\/p>\n<p>En acceptant la loi organique br\u00e9silienne n \u00b0 13.709 \/ 2017 sur la Protection des Donn\u00e9es Personnelles, l&rsquo;utilisateur donne son consentement expr\u00e8s pour la souscription de certains services et l&rsquo;envoi d&rsquo;informations publicitaires concernant les activit\u00e9s, produits, nouveaux articles et services propos\u00e9s par OASIS KITE TRIP.<\/p>\n<p>Dans chaque communication commerciale, l&rsquo;utilisateur aura la possibilit\u00e9 de se d\u00e9sinscrire en cliquant sur le lien Se d\u00e9sabonner des communications commerciales qui appara\u00eet \u00e0 la fin de tous nos courriels, ou en le communiquant par \u00e9crit \u00e0 l&rsquo;adresse e-mail suivante : contact@oasiskitetrip.com.<\/p>\n<p><b>Transfert des donn\u00e9es personnelles des utilisateurs \u00e0 des tiers<\/b><\/p>\n<p>OASIS KITE TRIP ne communiquera pas les informations personnelles des utilisateurs recueillies via le site Web \u00e0 des tiers sans le consentement expr\u00e8s de l&rsquo;utilisateur. \u00c0 cette fin, l&rsquo;utilisateur aura la possibilit\u00e9 dans un premier temps d&rsquo;accepter ou de refuser ce transfert de donn\u00e9es et sera express\u00e9ment inform\u00e9 du transfert de ses donn\u00e9es personnelles \u00e0 des tiers, en pr\u00e9cisant l&rsquo;identit\u00e9 des cookies auxquelles il appartient.<\/p>\n<p><b>S\u00e9curit\u00e9<\/b><\/p>\n<p>OASIS KITE TRIP utilise des m\u00e9thodes de protection administratives, fonctionnelles, techniques et physiques pour prot\u00e9ger les informations personnelles que nous collectons et traitons. Nos proc\u00e9dures de s\u00e9curit\u00e9 visent \u00e0 maintenir un niveau appropri\u00e9 de confidentialit\u00e9, d&rsquo;int\u00e9grit\u00e9 et de disponibilit\u00e9 des donn\u00e9es. Nous effectuons r\u00e9guli\u00e8rement des tests sur notre site Web, nos centres de donn\u00e9es, nos syst\u00e8mes et autres actifs pour v\u00e9rifier s&rsquo;ils pr\u00e9sentent des points vuln\u00e9rables en termes de s\u00e9curit\u00e9.<\/p>\n<p>OASIS KITE TRIP s&rsquo;engage \u00e0 respecter l&rsquo;obligation de ne pas divulguer de donn\u00e9es personnelles et \u00e0 les conserver avec les mesures n\u00e9cessaires pour \u00e9viter toute alt\u00e9ration, perte ou acc\u00e8s non autoris\u00e9, en tenant d\u00fbment compte de l&rsquo;\u00e9tat de la technologie \u00e0 tout moment.<\/p>\n<p><b>Droits des utilisateurs<\/b><\/p>\n<p>L&rsquo;utilisateur dispose d&rsquo;un droit d&rsquo;acc\u00e8s, de modification, d&rsquo;opposition ou de suppression des donn\u00e9es personnelles en envoyant un e-mail \u00e0 cette adresse e-mail: contact@oasiskitetrip.com.<\/p>\n<p>Le document doit contenir les informations suivantes : nom complet du propri\u00e9taire des donn\u00e9es, adresse de correspondance, photocopie de la carte d&rsquo;identit\u00e9 ou du document d&rsquo;accr\u00e9ditation, et la demande dans laquelle la demande est faite.<\/p><p><b>Liens vers d&rsquo;autres pages Web<\/b><\/p><p>Ce portail peut contenir des liens vers d&rsquo;autres pages Web. Veuillez garder \u00e0 l&rsquo;esprit que nous ne sommes pas responsables de la confidentialit\u00e9 et du traitement des donn\u00e9es de sites Web tiers. Cette politique de confidentialit\u00e9 s&rsquo;applique exclusivement aux informations collect\u00e9es via ce portail. Nous vous recommandons de lire les politiques de confidentialit\u00e9 et de traitement des donn\u00e9es d&rsquo;autres sites Web qui renvoient \u00e0 notre portail ou de le visiter de quelque mani\u00e8re que ce soit<\/p>\t\t\t\t\t\t\t\t<\/div>\n\t\t\t\t<\/div>\n\t\t\t\t\t<\/div>\n\t\t<\/div>\n\t\t\t\t\t<\/div>\n\t\t<\/section>\n\t\t\t\t<\/div>\n\t\t","protected":false},"excerpt":{"rendered":"<p>POLITIQUE DE CONFIDENTIALIT\u00c9 En g\u00e9n\u00e9ral, les personnes qui utilisent le site Web le font sans avoir \u00e0 fournir de donn\u00e9es personnelles. N\u00e9anmoins, pour acc\u00e9der \u00e0 certains services, les utilisateurs devront fournir certaines donn\u00e9es personnelles. Pour cette raison, OASIS KITE TRIP vous informe de sa politique de protection des donn\u00e9es personnelles afin que les utilisateurs puissent &#8230; <a title=\"Politique de confidentialit\u00e9\" class=\"read-more\" href=\"https:\/\/oasiskitetrip.com\/fr\/politique-de-confidentialite\/\" aria-label=\"En savoir plus sur Politique de confidentialit\u00e9\">Lire plus<\/a><\/p>\n","protected":false},"author":1,"featured_media":0,"parent":0,"menu_order":0,"comment_status":"closed","ping_status":"closed","template":"","meta":{"footnotes":""},"class_list":["post-3436","page","type-page","status-publish"],"_links":{"self":[{"href":"https:\/\/oasiskitetrip.com\/fr\/wp-json\/wp\/v2\/pages\/3436","targetHints":{"allow":["GET"]}}],"collection":[{"href":"https:\/\/oasiskitetrip.com\/fr\/wp-json\/wp\/v2\/pages"}],"about":[{"href":"https:\/\/oasiskitetrip.com\/fr\/wp-json\/wp\/v2\/types\/page"}],"author":[{"embeddable":true,"href":"https:\/\/oasiskitetrip.com\/fr\/wp-json\/wp\/v2\/users\/1"}],"replies":[{"embeddable":true,"href":"https:\/\/oasiskitetrip.com\/fr\/wp-json\/wp\/v2\/comments?post=3436"}],"version-history":[{"count":0,"href":"https:\/\/oasiskitetrip.com\/fr\/wp-json\/wp\/v2\/pages\/3436\/revisions"}],"wp:attachment":[{"href":"https:\/\/oasiskitetrip.com\/fr\/wp-json\/wp\/v2\/media?parent=3436"}],"curies":[{"name":"wp","href":"https:\/\/api.w.org\/{rel}","templated":true}]}}