{"id":3440,"date":"2021-03-29T13:22:02","date_gmt":"2021-03-29T11:22:02","guid":{"rendered":"http:\/\/oasiskitetrip.com\/cookies-policy\/"},"modified":"2021-06-04T18:54:36","modified_gmt":"2021-06-04T16:54:36","slug":"politique-de-cookies","status":"publish","type":"page","link":"https:\/\/oasiskitetrip.com\/fr\/politique-de-cookies\/","title":{"rendered":"Politique de cookies"},"content":{"rendered":"\t\t<div data-elementor-type=\"wp-page\" data-elementor-id=\"3440\" class=\"elementor elementor-3440 elementor-3423\" data-elementor-post-type=\"page\">\n\t\t\t\t\t\t<section class=\"elementor-section elementor-top-section elementor-element elementor-element-59349177 elementor-section-boxed elementor-section-height-default elementor-section-height-default\" data-id=\"59349177\" data-element_type=\"section\" data-e-type=\"section\" data-settings=\"{&quot;jet_parallax_layout_list&quot;:[{&quot;jet_parallax_layout_image&quot;:{&quot;url&quot;:&quot;&quot;,&quot;id&quot;:&quot;&quot;,&quot;size&quot;:&quot;&quot;},&quot;_id&quot;:&quot;d0b7c51&quot;,&quot;jet_parallax_layout_image_tablet&quot;:{&quot;url&quot;:&quot;&quot;,&quot;id&quot;:&quot;&quot;,&quot;size&quot;:&quot;&quot;},&quot;jet_parallax_layout_image_mobile&quot;:{&quot;url&quot;:&quot;&quot;,&quot;id&quot;:&quot;&quot;,&quot;size&quot;:&quot;&quot;},&quot;jet_parallax_layout_speed&quot;:{&quot;unit&quot;:&quot;%&quot;,&quot;size&quot;:50,&quot;sizes&quot;:[]},&quot;jet_parallax_layout_type&quot;:&quot;scroll&quot;,&quot;jet_parallax_layout_direction&quot;:&quot;1&quot;,&quot;jet_parallax_layout_fx_direction&quot;:null,&quot;jet_parallax_layout_z_index&quot;:&quot;&quot;,&quot;jet_parallax_layout_bg_x&quot;:50,&quot;jet_parallax_layout_bg_x_tablet&quot;:&quot;&quot;,&quot;jet_parallax_layout_bg_x_mobile&quot;:&quot;&quot;,&quot;jet_parallax_layout_bg_y&quot;:50,&quot;jet_parallax_layout_bg_y_tablet&quot;:&quot;&quot;,&quot;jet_parallax_layout_bg_y_mobile&quot;:&quot;&quot;,&quot;jet_parallax_layout_bg_size&quot;:&quot;auto&quot;,&quot;jet_parallax_layout_bg_size_tablet&quot;:&quot;&quot;,&quot;jet_parallax_layout_bg_size_mobile&quot;:&quot;&quot;,&quot;jet_parallax_layout_animation_prop&quot;:&quot;transform&quot;,&quot;jet_parallax_layout_on&quot;:[&quot;desktop&quot;,&quot;tablet&quot;]}]}\">\n\t\t\t\t\t\t<div class=\"elementor-container elementor-column-gap-default\">\n\t\t\t\t\t<div class=\"elementor-column elementor-col-100 elementor-top-column elementor-element elementor-element-32af6e75\" data-id=\"32af6e75\" data-element_type=\"column\" data-e-type=\"column\">\n\t\t\t<div class=\"elementor-widget-wrap elementor-element-populated\">\n\t\t\t\t\t\t<div class=\"elementor-element elementor-element-3c71bd7b elementor-widget elementor-widget-text-editor\" data-id=\"3c71bd7b\" data-element_type=\"widget\" data-e-type=\"widget\" data-widget_type=\"text-editor.default\">\n\t\t\t\t<div class=\"elementor-widget-container\">\n\t\t\t\t\t\t\t\t\t<h2>POLITIQUE DE COOKIES<\/h2><p>OASIS KITE TRIP utilise ses propres cookies et ceux de tiers sur son site Web.<br \/>Les utilisateurs ont la possibilit\u00e9 de configurer leur navigateur pour recevoir une alerte \u00e0 l&rsquo;\u00e9cran de la r\u00e9ception de cookies, et pour emp\u00eacher leur installation sur leur disque dur.<\/p><p>Pour utiliser notre site Web, il n&rsquo;est pas n\u00e9cessaire que l&rsquo;utilisateur autorise l&rsquo;installation des cookies que nous envoyons ; cependant, ne pas les installer signifiera que l&rsquo;utilisateur devra s&rsquo;enregistrer chaque fois qu&rsquo;il acc\u00e8de \u00e0 un service qui n\u00e9cessite une inscription pr\u00e9alable.<\/p><p>Veuillez noter que les cookies ne peuvent pas endommager votre ordinateur et nous aident \u00e0 identifier et \u00e0 r\u00e9soudre les erreurs.<\/p><p><b><i>Sans votre consentement expr\u00e8s en activant les cookies dans votre navigateur, OASIS KITE TRIP ne liera pas les donn\u00e9es stock\u00e9es avec vos donn\u00e9es personnelles fournies aux cookies.<\/i><\/b><\/p><p><b><span style=\"color: var( --e-global-color-text ); font-family: var( --e-global-typography-text-font-family ), Sans-serif;\">COOKIES : D\u00c9FINITION ET FONCTION<\/span><br \/><\/b><\/p><p><b>Que sont les cookies ?<\/b><\/p><p>Un cookie est un petit fichier avec une cha\u00eene de caract\u00e8res qui est envoy\u00e9 \u00e0 l&rsquo;ordinateur de l&rsquo;utilisateur lors de la visite d&rsquo;un site Web. Lorsque l&rsquo;utilisateur visite \u00e0 nouveau le m\u00eame site, le cookie permet au site Web de reconna\u00eetre le navigateur de l&rsquo;utilisateur. Les cookies permettent de stocker les pr\u00e9f\u00e9rences de l&rsquo;utilisateur ainsi que d&rsquo;autres types d&rsquo;informations. La configuration du navigateur peut \u00eatre modifi\u00e9e pour rejeter tous les cookies ou pour informer l&rsquo;utilisateur lorsqu&rsquo;un cookie est envoy\u00e9. Cependant, certaines fonctions ou services du site Web peuvent ne pas fonctionner correctement sans cookies (source ; Google).<\/p><p><b>TYPES DE COOKIES<\/b><\/p><p>Comme expliqu\u00e9 dans le \u00abGuide d&rsquo;utilisation des cookies\u00bb publi\u00e9 par l&rsquo;Agence espagnole de protection des donn\u00e9es, il existe diff\u00e9rents types de cookies:<\/p><ul><li>Poss\u00e9der des cookies : Ce sont ceux qui sont envoy\u00e9s \u00e0 l&rsquo;ordinateur de l&rsquo;utilisateur \u00e0 partir d&rsquo;un ordinateur ou d&rsquo;un domaine g\u00e9r\u00e9 par l&rsquo;\u00e9diteur de celui-ci et \u00e0 partir duquel le service demand\u00e9 par l&rsquo;utilisateur est fourni.<\/li><li>Cookies tiers : ce sont ceux qui sont envoy\u00e9s \u00e0 l&rsquo;ordinateur de l&rsquo;utilisateur \u00e0 partir d&rsquo;un ordinateur ou d&rsquo;un domaine qui n&rsquo;est pas g\u00e9r\u00e9 par l&rsquo;\u00e9diteur de celui-ci, mais \u00e0 la place d&rsquo;une autre entit\u00e9 qui traite les donn\u00e9es obtenues via les cookies.<\/li><li>Cookies de session : les cookies de ce type sont con\u00e7us pour collecter et stocker des donn\u00e9es pendant que l&rsquo;utilisateur acc\u00e8de \u00e0 une page Web.<\/li><li>Cookies persistants : avec ce type de cookie, les donn\u00e9es sont toujours stock\u00e9es dans l&rsquo;ordinateur de l&rsquo;utilisateur et peuvent \u00eatre consult\u00e9es et trait\u00e9es pendant une dur\u00e9e d\u00e9finie par le responsable du cookie, qui peut varier de quelques minutes \u00e0 plusieurs ann\u00e9es.<\/li><li>Cookies techniques : les cookies de ce type permettent \u00e0 l&rsquo;utilisateur de surfer sur une page Web, une plate-forme ou une application et d&rsquo;utiliser les diff\u00e9rentes options ou services qui y existent, tels que le contr\u00f4le du trafic et de la communication de donn\u00e9es, l&rsquo;identification de la session, l&rsquo;acc\u00e8s aux parties \u00e0 acc\u00e8s restreint, la m\u00e9morisation des \u00e9l\u00e9ments comprenant une commande, effectuer le processus de passation de commande, faire la demande d&rsquo;inscription ou de participation \u00e0 un \u00e9v\u00e9nement, d&rsquo;utiliser des fonctions de s\u00e9curit\u00e9 pendant la navigation, de stocker des contenus pour la diffusion de vid\u00e9os ou de sons ou de partager du contenu via les r\u00e9seaux sociaux<\/li><li>Cookies de personnalisation : les cookies de ce type permettent \u00e0 l&rsquo;utilisateur d&rsquo;acc\u00e9der au service avec certaines fonctionnalit\u00e9s de nature g\u00e9n\u00e9rale pr\u00e9d\u00e9finies selon une s\u00e9rie de crit\u00e8res dans le terminal informatique de l&rsquo;utilisateur, tels que la langue, le type de navigateur par lequel l&rsquo;utilisateur acc\u00e8de au service, la configuration r\u00e9gionale \u00e0 partir de laquelle le service est accessible, etc.<\/li><li>Cookies analytiques : les cookies de ce type permettent \u00e0 leur responsable de suivre et d&rsquo;analyser le comportement des utilisateurs sur les sites Web auxquels ils sont li\u00e9s. Bien que ces types de cookies ne soient pas exempt\u00e9s de l&rsquo;obligation d&rsquo;obtenir un consentement \u00e9clair\u00e9 pour leur utilisation, ils sont peu susceptibles de pr\u00e9senter un risque pour la vie priv\u00e9e des utilisateurs \u00e0 condition qu&rsquo;il s&rsquo;agisse de cookies de premi\u00e8re partie qui traitent des donn\u00e9es agr\u00e9g\u00e9es \u00e0 des fins strictement statistiques, pour fournir des informations sur leur utilisation et \u00e0 condition qu&rsquo;ils donnent aux utilisateurs la possibilit\u00e9 de refuser l&rsquo;autorisation de les utiliser.<\/li><li>Cookies publicitaires : ce sont des cookies qui permettent de g\u00e9rer le plus efficacement possible le contenu publicitaire que l&rsquo;\u00e9diteur peut inclure dans une page Web, une application ou une plate-forme \u00e0 partir de laquelle le service demand\u00e9 est fourni, en fonction de crit\u00e8res tels que le contenu \u00e9dit\u00e9 ou la fr\u00e9quence d&rsquo;affichage des publicit\u00e9s.<\/li><li>Cookies de publicit\u00e9 comportementale : ce sont des cookies qui permettent de g\u00e9rer le plus efficacement possible le contenu publicitaire que l&rsquo;\u00e9diteur peut inclure dans une page Web, une application ou une plate-forme \u00e0 partir de laquelle le service demand\u00e9 est fourni. Ces cookies stockent des informations sur le comportement des utilisateurs obtenues gr\u00e2ce \u00e0 une observation continue de leurs habitudes de navigation, ce qui permet de d\u00e9velopper un profil sp\u00e9cifique pour afficher de la publicit\u00e9 en cons\u00e9quence.<\/li><\/ul><p>Il est \u00e9galement possible que lors de la visite d&rsquo;un site Web ou lors de l&rsquo;ouverture d&rsquo;un e-mail contenant une publicit\u00e9 ou une promotion sur nos produits ou services, un cookie soit install\u00e9 dans votre navigateur afin d&rsquo;afficher des publicit\u00e9s ult\u00e9rieures li\u00e9es \u00e0 la recherche que vous avez effectu\u00e9e, ce qui nous permet exercer un contr\u00f4le sur nos publicit\u00e9s en fonction, par exemple, du nombre de fois qu&rsquo;elles sont vues, o\u00f9 elles apparaissent, \u00e0 quelle heure elles sont vues, etc.<\/p><p><b>DESCRIPTION DES COOKIES UTILIS\u00c9S<\/b><\/p><p>Le site oasiskitetrip.com utilise les cookies suivants :<\/p><p>Cookies OUTILS ET STATISTIQUES<\/p><p>Pour obtenir et analyser les donn\u00e9es de navigation, nous utilisons l&rsquo;application Google Analytics, d\u00e9velopp\u00e9e par Google. http:\/\/www.google.com\/analytics\/ .<\/p><p>Google Analytics est l&rsquo;outil d&rsquo;analyse qui aide les propri\u00e9taires de sites Web et d&rsquo;applications \u00e0 comprendre comment les visiteurs interagissent avec eux. Cet outil peut utiliser une s\u00e9rie de cookies pour collecter des informations et offrir des statistiques sur l&rsquo;utilisation des sites Web sans identifier personnellement les visiteurs de Google. Le principal cookie utilis\u00e9 par Google Analytics est \u00ab__ga\u00bb (source : Google).<\/p><p>Via le lien suivant, Google explique les informations qu&rsquo;il collecte, la raison pour laquelle il le fait, comment il utilise les informations et comment il les examine et les met \u00e0 jour : http:\/\/www.google.com\/intl\/es\/policies\/ .<\/p><p>Cookies de CONTENT MANAGER<\/p><p>De plus, le site Web https:\/\/oasiskitetrip.com\/ utilise les cookies de s\u00e9curit\u00e9 et de session suivants qui appartiennent au mod\u00e8le WordPress sur lequel les \u00e9l\u00e9ments suivants ont \u00e9t\u00e9 d\u00e9velopp\u00e9s :<\/p><p><span style=\"color: var( --e-global-color-text ); font-family: var( --e-global-typography-text-font-family ), Sans-serif;\">CL\u00c9 D&rsquo;AUTHENTIFICATION<\/span><\/p><p>SECURE_AUTH_KEY<\/p><p>LOGGED_IN_KEY<\/p><p>NONCE_KEY<\/p><p>La dur\u00e9e par d\u00e9faut de ces cl\u00e9s est de 48 heures ou \u00e0 la fermeture du navigateur, et de 14 jours si la case \u00e0 cocher d&rsquo;acc\u00e8s \u00ab se souvenir de moi \u00bb est coch\u00e9e.<\/p><p><b>R\u00c9VOQUER ET SUPPRIMER LES COOKIES<\/b><\/p><p>Vous pouvez autoriser, bloquer ou supprimer les cookies install\u00e9s sur votre ordinateur en configurant les options du navigateur install\u00e9es sur votre ordinateur. Si vous n&rsquo;autorisez pas l&rsquo;installation de cookies dans votre navigateur, il est possible que vous ne puissiez pas acc\u00e9der \u00e0 certaines sections de notre site Web.<br \/>Vous pouvez utiliser votre navigateur pour restreindre, bloquer ou supprimer les cookies. La proc\u00e9dure varie d&rsquo;un navigateur \u00e0 l&rsquo;autre : la fonction \u00ab Aide \u00bb vous montrera comment proc\u00e9der.<\/p><ul><li>Internet Explorer: microsoft.com\/es-xl\/internet-explorer\/delete-manage-cookies#ie=\u00a0\u00bbie-10 \u2033<\/li><li>Mozilla Firefox: mozilla.org\/es\/kb\/Borrar%20cookies<\/li><li>Google Chrome: google.com\/chrome\/answer\/95647?hl=\u00a0\u00bbes \u00ab\u00a0<\/li><li>Safari: apple.com\/es\/privacy\/use-of-cookies\/<\/li><\/ul><p>En outre, vous pouvez \u00e9galement g\u00e9rer le stockage des cookies dans votre navigateur gr\u00e2ce \u00e0 des outils tels que les suivants :<\/p><ul><li>Ghostery: ghostery.com\/<\/li><li>Vos choix en ligne :youronlinechoices.com\/es<\/li><\/ul>\t\t\t\t\t\t\t\t<\/div>\n\t\t\t\t<\/div>\n\t\t\t\t\t<\/div>\n\t\t<\/div>\n\t\t\t\t\t<\/div>\n\t\t<\/section>\n\t\t\t\t<\/div>\n\t\t","protected":false},"excerpt":{"rendered":"<p>POLITIQUE DE COOKIES OASIS KITE TRIP utilise ses propres cookies et ceux de tiers sur son site Web.Les utilisateurs ont la possibilit\u00e9 de configurer leur navigateur pour recevoir une alerte \u00e0 l&rsquo;\u00e9cran de la r\u00e9ception de cookies, et pour emp\u00eacher leur installation sur leur disque dur. Pour utiliser notre site Web, il n&rsquo;est pas n\u00e9cessaire &#8230; <a title=\"Politique de cookies\" class=\"read-more\" href=\"https:\/\/oasiskitetrip.com\/fr\/politique-de-cookies\/\" aria-label=\"En savoir plus sur Politique de cookies\">Lire plus<\/a><\/p>\n","protected":false},"author":1,"featured_media":0,"parent":0,"menu_order":0,"comment_status":"closed","ping_status":"closed","template":"","meta":{"footnotes":""},"class_list":["post-3440","page","type-page","status-publish"],"_links":{"self":[{"href":"https:\/\/oasiskitetrip.com\/fr\/wp-json\/wp\/v2\/pages\/3440","targetHints":{"allow":["GET"]}}],"collection":[{"href":"https:\/\/oasiskitetrip.com\/fr\/wp-json\/wp\/v2\/pages"}],"about":[{"href":"https:\/\/oasiskitetrip.com\/fr\/wp-json\/wp\/v2\/types\/page"}],"author":[{"embeddable":true,"href":"https:\/\/oasiskitetrip.com\/fr\/wp-json\/wp\/v2\/users\/1"}],"replies":[{"embeddable":true,"href":"https:\/\/oasiskitetrip.com\/fr\/wp-json\/wp\/v2\/comments?post=3440"}],"version-history":[{"count":0,"href":"https:\/\/oasiskitetrip.com\/fr\/wp-json\/wp\/v2\/pages\/3440\/revisions"}],"wp:attachment":[{"href":"https:\/\/oasiskitetrip.com\/fr\/wp-json\/wp\/v2\/media?parent=3440"}],"curies":[{"name":"wp","href":"https:\/\/api.w.org\/{rel}","templated":true}]}}