{"id":6611,"date":"2022-12-30T13:06:30","date_gmt":"2022-12-30T12:06:30","guid":{"rendered":"https:\/\/oasiskitetrip.com\/politica-de-privacidade\/"},"modified":"2022-12-30T13:24:29","modified_gmt":"2022-12-30T12:24:29","slug":"politica-de-privacidade","status":"publish","type":"page","link":"https:\/\/oasiskitetrip.com\/pt-br\/politica-de-privacidade\/","title":{"rendered":"Pol\u00edtica de Privacidade"},"content":{"rendered":"\t\t<div data-elementor-type=\"wp-page\" data-elementor-id=\"6611\" class=\"elementor elementor-6611 elementor-3416\" data-elementor-post-type=\"page\">\n\t\t\t\t\t\t<section class=\"elementor-section elementor-top-section elementor-element elementor-element-79e41acf elementor-section-boxed elementor-section-height-default elementor-section-height-default\" data-id=\"79e41acf\" data-element_type=\"section\" data-e-type=\"section\" data-settings=\"{&quot;jet_parallax_layout_list&quot;:[{&quot;jet_parallax_layout_image&quot;:{&quot;url&quot;:&quot;&quot;,&quot;id&quot;:&quot;&quot;,&quot;size&quot;:&quot;&quot;},&quot;_id&quot;:&quot;45c85e6&quot;,&quot;jet_parallax_layout_image_tablet&quot;:{&quot;url&quot;:&quot;&quot;,&quot;id&quot;:&quot;&quot;,&quot;size&quot;:&quot;&quot;},&quot;jet_parallax_layout_image_mobile&quot;:{&quot;url&quot;:&quot;&quot;,&quot;id&quot;:&quot;&quot;,&quot;size&quot;:&quot;&quot;},&quot;jet_parallax_layout_speed&quot;:{&quot;unit&quot;:&quot;%&quot;,&quot;size&quot;:50,&quot;sizes&quot;:[]},&quot;jet_parallax_layout_type&quot;:&quot;scroll&quot;,&quot;jet_parallax_layout_direction&quot;:&quot;1&quot;,&quot;jet_parallax_layout_fx_direction&quot;:null,&quot;jet_parallax_layout_z_index&quot;:&quot;&quot;,&quot;jet_parallax_layout_bg_x&quot;:50,&quot;jet_parallax_layout_bg_x_tablet&quot;:&quot;&quot;,&quot;jet_parallax_layout_bg_x_mobile&quot;:&quot;&quot;,&quot;jet_parallax_layout_bg_y&quot;:50,&quot;jet_parallax_layout_bg_y_tablet&quot;:&quot;&quot;,&quot;jet_parallax_layout_bg_y_mobile&quot;:&quot;&quot;,&quot;jet_parallax_layout_bg_size&quot;:&quot;auto&quot;,&quot;jet_parallax_layout_bg_size_tablet&quot;:&quot;&quot;,&quot;jet_parallax_layout_bg_size_mobile&quot;:&quot;&quot;,&quot;jet_parallax_layout_animation_prop&quot;:&quot;transform&quot;,&quot;jet_parallax_layout_on&quot;:[&quot;desktop&quot;,&quot;tablet&quot;]}]}\">\n\t\t\t\t\t\t<div class=\"elementor-container elementor-column-gap-default\">\n\t\t\t\t\t<div class=\"elementor-column elementor-col-100 elementor-top-column elementor-element elementor-element-7adcded\" data-id=\"7adcded\" data-element_type=\"column\" data-e-type=\"column\">\n\t\t\t<div class=\"elementor-widget-wrap elementor-element-populated\">\n\t\t\t\t\t\t<div class=\"elementor-element elementor-element-3602b137 elementor-widget elementor-widget-text-editor\" data-id=\"3602b137\" data-element_type=\"widget\" data-e-type=\"widget\" data-widget_type=\"text-editor.default\">\n\t\t\t\t<div class=\"elementor-widget-container\">\n\t\t\t\t\t\t\t\t\t<h2>POL\u00cdTICA DE PRIVACIDADE<\/h2>\n<p>Em geral, as pessoas que usam o site o fazem sem a necessidade de fornecer dados pessoais. No entanto, para acessar determinados servi\u00e7os, os usu\u00e1rios ter\u00e3o de fornecer determinados dados pessoais. Por este motivo, a OASIS KITE TRIP informa sobre sua pol\u00edtica de prote\u00e7\u00e3o de dados pessoais para que os usu\u00e1rios possam decidir por livre e espont\u00e2nea vontade se desejam fornecer seus dados pessoais atrav\u00e9s dos formul\u00e1rios contidos no site.<\/p>\n<p>A OASIS KITE TRIP pode atualizar este aviso a qualquer momento publicando suplementos ou altera\u00e7\u00f5es neste site. Se, a qualquer momento, decidirmos usar as informa\u00e7\u00f5es pessoais de qualquer maneira que difira significativamente daquela declarada no momento em que as coletamos, notificaremos os usu\u00e1rios por e-mail e\/ou por meio de um an\u00fancio vis\u00edvel em nosso site, ou outros meios desse tipo. Al\u00e9m disso, se for necess\u00e1rio, obteremos as licen\u00e7as necess\u00e1rias antes de proceder a esse novo uso.<\/p>\n<h3>Prote\u00e7\u00e3o de dados pessoais<\/h3>\n<p>Conforme o disposto na Lei Org\u00e2nica Brasileira n.\u00ba 13.709\/2017 de Prote\u00e7\u00e3o de Dados Pessoais, e seus regulamentos de implementa\u00e7\u00e3o, informamos o usu\u00e1rio que os dados coletados nos formul\u00e1rios contidos no site ser\u00e3o adicionados aos arquivos devidamente registrado na Ag\u00eancia Brasileira de Prote\u00e7\u00e3o de Dados, de propriedade da OASIS KITE TRIP com a finalidade especificada no formul\u00e1rio de coleta de dados e, em especial, as finalidades estabelecidas na se\u00e7\u00e3o pertinente.<\/p>\n<p>Todos os campos que aparecem com um asterisco (*) nos formul\u00e1rios disponibilizados para o efeito atrav\u00e9s do portal devem ser preenchidos; consequentemente, a omiss\u00e3o desses dados implicar\u00e1 na rejei\u00e7\u00e3o do seu pedido.<\/p>\n<p>O Usu\u00e1rio declara que todos os dados que fornece s\u00e3o verdadeiros e precisos, comprometendo-se a notificar a OASIS KITE TRIP de quaisquer altera\u00e7\u00f5es que possam ser feitas.<\/p>\n<p>A OASIS KITE TRIP reserva-se o direito de recusar o registro, ou se for o caso, de o cancelar a qualquer usu\u00e1rio que forne\u00e7a dados falsos ou publique an\u00fancios que a empresa considere inadequados.<\/p>\n<h3>Finalidade da Recolha de Dados Pessoais<\/h3>\n<p>A recolha e tratamento dos dados pessoais obtidos nos formul\u00e1rios de registro disponibilizados no website, seja nos formul\u00e1rios de pedido de informa\u00e7\u00e3o, subscri\u00e7\u00e3o de quaisquer servi\u00e7os, ou no envio da Newsletter oferecida pela OASIS KITE TRIP ter\u00e1 as seguintes finalidades:<\/p>\n<p>A manuten\u00e7\u00e3o da rela\u00e7\u00e3o comercial estabelecida entre o usu\u00e1rio e a OASIS KITE TRIP.<\/p>\n<p>Fornecer informa\u00e7\u00e3o relativa aos produtos e servi\u00e7os aos usu\u00e1rios que assim o solicitem.<\/p>\n<p>Para fornecer atualiza\u00e7\u00f5es de produtos e servi\u00e7os.<\/p>\n<p>A gest\u00e3o, administra\u00e7\u00e3o, presta\u00e7\u00e3o, extens\u00e3o e melhoria dos servi\u00e7os aos quais o usu\u00e1rio decida subscrever, registrar-se ou utilizar.<\/p>\n<p>Realizar an\u00e1lises e estudos de mercado.<\/p>\n<p>Analisar o comportamento do usu\u00e1rio para personalizar as prefer\u00eancias do usu\u00e1rio.<\/p>\n<p>Realizar um estudo quantitativo e qualitativo dos acessos e uso dos servi\u00e7os pelos usu\u00e1rios, o desenho de novos servi\u00e7os relacionados aos servi\u00e7os pr\u00f3prios do OASIS KITE TRIP e suas atualiza\u00e7\u00f5es.<\/p>\n<p>Para oferecer suporte ao usu\u00e1rio, gerenciar assinaturas e responder a solicita\u00e7\u00f5es, consultas e coment\u00e1rios.<\/p>\n<p>Para anunciar eventos especiais, programas, pesquisas, concursos, sorteios e outras ofertas e promo\u00e7\u00f5es, bem como gerenciar a participa\u00e7\u00e3o nos mesmos.<\/p>\n<p>Permitir publica\u00e7\u00f5es em nossos blogs e em outras comunica\u00e7\u00f5es.<\/p>\n<p>Para personalizar, quantificar e melhorar a publicidade, produtos, servi\u00e7os e propriedades do nosso portal.<\/p>\n<h3>Envio de Publicidade<\/h3>\n<p>Al\u00e9m disso, a finalidade da coleta e tratamento dos dados pessoais dos usu\u00e1rios inclui o envio por qualquer meio tradicional e eletr\u00f4nico (SMS, telefonema, e-mail) de informa\u00e7\u00f5es t\u00e9cnicas, operacionais ou comerciais relativas aos servi\u00e7os oferecidos pela OASIS KITE TRIP.<\/p>\n<p>Ao aceitar a Lei Org\u00e2nica Brasileira n\u00ba 13.709\/2017 de Prote\u00e7\u00e3o de Dados Pessoais, o usu\u00e1rio concede seu consentimento expresso para a assinatura de determinados servi\u00e7os e o envio de informa\u00e7\u00f5es publicit\u00e1rias sobre as atividades, produtos, novos itens e servi\u00e7os oferecidos pela OASIS KITE TRIP .<\/p>\n<p>Em cada comunica\u00e7\u00e3o comercial, o usu\u00e1rio ter\u00e1 a oportunidade de cancelar a inscri\u00e7\u00e3o clicando no link CANCELAR COMUNICA\u00c7\u00d5ES COMERCIAIS que aparece no final de todos os nossos e-mails, ou comunicando isso por escrito para o seguinte endere\u00e7o de e-mail: contact@oasiskitetrip.com<\/p>\n<h3>Transfer\u00eancia de dados pessoais dos usu\u00e1rios para terceiros<\/h3>\n<p>OASIS KITE TRIP n\u00e3o fornecer\u00e1 informa\u00e7\u00f5es pessoais dos usu\u00e1rios coletadas atrav\u00e9s do site a terceiros sem o consentimento expresso do usu\u00e1rio. Para o efeito, o utilizador ter\u00e1 a possibilidade, em primeira inst\u00e2ncia, de aceitar ou recusar esta transfer\u00eancia de dados e ser\u00e1 informado expressamente sobre a transfer\u00eancia dos seus dados pessoais a terceiros, indicando a identidade das entidades a quem \u00e9 proposto para transferir os dados e a finalidade da transfer\u00eancia de dados pessoais.<\/p>\n<h3>Seguran\u00e7a<\/h3>\n<p>A OASIS KITE TRIP emprega m\u00e9todos administrativos, funcionais, t\u00e9cnicos e de prote\u00e7\u00e3o f\u00edsica para proteger as informa\u00e7\u00f5es pessoais que coletamos e tratamos. Nossos procedimentos de seguran\u00e7a visam manter um n\u00edvel adequado de confidencialidade, integridade e disponibilidade dos dados. Realizamos testes regulares em nosso site, data centers, sistemas e outros ativos para verificar se eles possuem pontos vulner\u00e1veis \u200b\u200bem termos de seguran\u00e7a.<\/p>\n<p>A OASIS KITE TRIP compromete-se a cumprir a obriga\u00e7\u00e3o de n\u00e3o divulgar os dados pessoais e a armazen\u00e1-los com as medidas necess\u00e1rias para evitar qualquer altera\u00e7\u00e3o, perda ou acesso n\u00e3o autorizado, tendo em conta o estado da tecnologia em cada momento.<\/p>\n<h3>Direitos dos usu\u00e1rios<\/h3>\n<p>O usu\u00e1rio tem o direito de acessar, modificar, contestar ou excluir os dados pessoais enviando um e-mail para este endere\u00e7o de e-mail: <a href=\"mailto:contact@oasiskitetrip.com\">contact@oasiskitetrip.com<\/a><\/p>\n<p>O documento deve conter os seguintes dados: nome completo do titular dos dados, endere\u00e7o para correspond\u00eancia, c\u00f3pia do RG ou do documento de credenciamento oficial de seu pa\u00eds, e a solicita\u00e7\u00e3o em que \u00e9 efetuado o pedido.<\/p>\n<h3>Links para outras p\u00e1ginas da web<\/h3>\n<p>Este portal pode conter links para outras p\u00e1ginas da web. Por favor, tenha em mente que n\u00e3o somos respons\u00e1veis \u200b\u200bpela privacidade e tratamento de dados de sites de terceiros. Esta pol\u00edtica de privacidade aplica-se exclusivamente \u00e0 informa\u00e7\u00e3o recolhida atrav\u00e9s deste portal. Recomendamos que voc\u00ea leia as pol\u00edticas de privacidade e tratamento de dados de outros sites que tenham links para o nosso portal ou os visitem de qualquer forma.<\/p>\n\t\t\t\t\t\t\t\t<\/div>\n\t\t\t\t<\/div>\n\t\t\t\t\t<\/div>\n\t\t<\/div>\n\t\t\t\t\t<\/div>\n\t\t<\/section>\n\t\t\t\t<\/div>\n\t\t","protected":false},"excerpt":{"rendered":"<p>POL\u00cdTICA DE PRIVACIDADE Em geral, as pessoas que usam o site o fazem sem a necessidade de fornecer dados pessoais. No entanto, para acessar determinados servi\u00e7os, os usu\u00e1rios ter\u00e3o de fornecer determinados dados pessoais. Por este motivo, a OASIS KITE TRIP informa sobre sua pol\u00edtica de prote\u00e7\u00e3o de dados pessoais para que os usu\u00e1rios possam &#8230; <a title=\"Pol\u00edtica de Privacidade\" class=\"read-more\" href=\"https:\/\/oasiskitetrip.com\/pt-br\/politica-de-privacidade\/\" aria-label=\"Read more about Pol\u00edtica de Privacidade\">Leia mais<\/a><\/p>\n","protected":false},"author":1,"featured_media":0,"parent":0,"menu_order":0,"comment_status":"closed","ping_status":"closed","template":"","meta":{"footnotes":""},"class_list":["post-6611","page","type-page","status-publish"],"_links":{"self":[{"href":"https:\/\/oasiskitetrip.com\/pt-br\/wp-json\/wp\/v2\/pages\/6611","targetHints":{"allow":["GET"]}}],"collection":[{"href":"https:\/\/oasiskitetrip.com\/pt-br\/wp-json\/wp\/v2\/pages"}],"about":[{"href":"https:\/\/oasiskitetrip.com\/pt-br\/wp-json\/wp\/v2\/types\/page"}],"author":[{"embeddable":true,"href":"https:\/\/oasiskitetrip.com\/pt-br\/wp-json\/wp\/v2\/users\/1"}],"replies":[{"embeddable":true,"href":"https:\/\/oasiskitetrip.com\/pt-br\/wp-json\/wp\/v2\/comments?post=6611"}],"version-history":[{"count":0,"href":"https:\/\/oasiskitetrip.com\/pt-br\/wp-json\/wp\/v2\/pages\/6611\/revisions"}],"wp:attachment":[{"href":"https:\/\/oasiskitetrip.com\/pt-br\/wp-json\/wp\/v2\/media?parent=6611"}],"curies":[{"name":"wp","href":"https:\/\/api.w.org\/{rel}","templated":true}]}}