{"id":6613,"date":"2022-12-30T13:14:10","date_gmt":"2022-12-30T12:14:10","guid":{"rendered":"https:\/\/oasiskitetrip.com\/politica-de-cookies\/"},"modified":"2022-12-30T13:14:11","modified_gmt":"2022-12-30T12:14:11","slug":"politica-de-cookies","status":"publish","type":"page","link":"https:\/\/oasiskitetrip.com\/pt-br\/politica-de-cookies\/","title":{"rendered":"Pol\u00edtica de cookies"},"content":{"rendered":"\t\t<div data-elementor-type=\"wp-page\" data-elementor-id=\"6613\" class=\"elementor elementor-6613 elementor-3423\" data-elementor-post-type=\"page\">\n\t\t\t\t\t\t<section class=\"elementor-section elementor-top-section elementor-element elementor-element-59349177 elementor-section-boxed elementor-section-height-default elementor-section-height-default\" data-id=\"59349177\" data-element_type=\"section\" data-e-type=\"section\" data-settings=\"{&quot;jet_parallax_layout_list&quot;:[{&quot;jet_parallax_layout_image&quot;:{&quot;url&quot;:&quot;&quot;,&quot;id&quot;:&quot;&quot;,&quot;size&quot;:&quot;&quot;},&quot;_id&quot;:&quot;d0b7c51&quot;,&quot;jet_parallax_layout_image_tablet&quot;:{&quot;url&quot;:&quot;&quot;,&quot;id&quot;:&quot;&quot;,&quot;size&quot;:&quot;&quot;},&quot;jet_parallax_layout_image_mobile&quot;:{&quot;url&quot;:&quot;&quot;,&quot;id&quot;:&quot;&quot;,&quot;size&quot;:&quot;&quot;},&quot;jet_parallax_layout_speed&quot;:{&quot;unit&quot;:&quot;%&quot;,&quot;size&quot;:50,&quot;sizes&quot;:[]},&quot;jet_parallax_layout_type&quot;:&quot;scroll&quot;,&quot;jet_parallax_layout_direction&quot;:&quot;1&quot;,&quot;jet_parallax_layout_fx_direction&quot;:null,&quot;jet_parallax_layout_z_index&quot;:&quot;&quot;,&quot;jet_parallax_layout_bg_x&quot;:50,&quot;jet_parallax_layout_bg_x_tablet&quot;:&quot;&quot;,&quot;jet_parallax_layout_bg_x_mobile&quot;:&quot;&quot;,&quot;jet_parallax_layout_bg_y&quot;:50,&quot;jet_parallax_layout_bg_y_tablet&quot;:&quot;&quot;,&quot;jet_parallax_layout_bg_y_mobile&quot;:&quot;&quot;,&quot;jet_parallax_layout_bg_size&quot;:&quot;auto&quot;,&quot;jet_parallax_layout_bg_size_tablet&quot;:&quot;&quot;,&quot;jet_parallax_layout_bg_size_mobile&quot;:&quot;&quot;,&quot;jet_parallax_layout_animation_prop&quot;:&quot;transform&quot;,&quot;jet_parallax_layout_on&quot;:[&quot;desktop&quot;,&quot;tablet&quot;]}]}\">\n\t\t\t\t\t\t<div class=\"elementor-container elementor-column-gap-default\">\n\t\t\t\t\t<div class=\"elementor-column elementor-col-100 elementor-top-column elementor-element elementor-element-32af6e75\" data-id=\"32af6e75\" data-element_type=\"column\" data-e-type=\"column\">\n\t\t\t<div class=\"elementor-widget-wrap elementor-element-populated\">\n\t\t\t\t\t\t<div class=\"elementor-element elementor-element-3c71bd7b elementor-widget elementor-widget-text-editor\" data-id=\"3c71bd7b\" data-element_type=\"widget\" data-e-type=\"widget\" data-widget_type=\"text-editor.default\">\n\t\t\t\t<div class=\"elementor-widget-container\">\n\t\t\t\t\t\t\t\t\t<h2>POL\u00cdTICA DE COOKIES<\/h2>\n<p>A OASIS KITE TRIP faz uso de Cookies pr\u00f3prios e de terceiros em seu site.<\/p>\n<p>Os usu\u00e1rios t\u00eam a op\u00e7\u00e3o de configurar seu navegador para receber um alerta na tela da recep\u00e7\u00e3o de cookies, e impedir que sejam instalados em seu disco r\u00edgido.<\/p>\n<p>Para a utiliza\u00e7\u00e3o de nosso website n\u00e3o \u00e9 necess\u00e1rio que o usu\u00e1rio aceite a utiliza\u00e7\u00e3o de cookies; no entanto, n\u00e3o instal\u00e1-los significar\u00e1 que o usu\u00e1rio ter\u00e1 que se registrar toda vez que acessar um servi\u00e7o que exija registro pr\u00e9vio.<\/p>\n<p>Observe que os cookies n\u00e3o podem prejudicar seu computador e nos ajudam a identificar e resolver erros.<\/p>\n<p><em><strong>Sem o seu consentimento expresso ativando os cookies em seu navegador, a OASIS KITE TRIP n\u00e3o vincula os dados armazenados com seus dados pessoais fornecidos aos cookies.<\/strong><\/em><\/p>\n<p><strong>COOKIES: DEFINI\u00c7\u00c3O E FUN\u00c7\u00c3O<\/strong><\/p>\n<p><strong>O que s\u00e3o cookies?<\/strong><\/p>\n<p>Um cookie \u00e9 um pequeno arquivo com uma cadeia de caracteres enviado ao computador do usu\u00e1rio quando um site \u00e9 visitado. Quando o usu\u00e1rio visita o mesmo site novamente, o cookie permite que o site reconhe\u00e7a o navegador do usu\u00e1rio. Os cookies permitem que as prefer\u00eancias do usu\u00e1rio sejam armazenadas, bem como outros tipos de informa\u00e7\u00f5es. A configura\u00e7\u00e3o do navegador pode ser alterada para rejeitar todos os cookies ou para informar o usu\u00e1rio quando um cookie \u00e9 enviado. No entanto, algumas das fun\u00e7\u00f5es ou servi\u00e7os do site podem n\u00e3o funcionar corretamente sem cookies (fonte; <a href=\"http:\/\/www.google.com\/intl\/es\/policies\/technologies\/cookies\/\" target=\"_blank\" rel=\"noopener\">Google<\/a>).<\/p>\n<p><strong>TIPOS DE COOKIES<\/strong><\/p>\n<p>Conforme explicado no <a href=\"https:\/\/www.agpd.es\/portalwebAGPD\/canaldocumentacion\/publicaciones\/common\/Guias\/Guia_Cookies.pdf\" target=\"_blank\" rel=\"noopener\">\u201cGuia sobre o uso de cookies\u201d publicado pela Ag\u00eancia Espanhola de Prote\u00e7\u00e3o de Dados<\/a>, existem v\u00e1rios tipos de cookies:<\/p>\n<ul>\n<li>Cookies pr\u00f3prios; S\u00e3o os que s\u00e3o enviados ao computador do usu\u00e1rio a partir de um computador ou dom\u00ednio gerenciado pelo editor do mesmo e desde o qual \u00e9 prestado o servi\u00e7o solicitado pelo usu\u00e1rio.<\/li>\n<li>Cookies de terceiros: S\u00e3o aqueles sendo enviados ao computador do usu\u00e1rio a partir de um computador ou dom\u00ednio que n\u00e3o \u00e9 gerenciado pelo editor do mesmo, mas sim de outra entidade que processa os dados obtidos atrav\u00e9s dos cookies.<\/li>\n<li>Cookies de sess\u00e3o: Os cookies deste tipo destinam-se a recolher e armazenar dados enquanto o utilizador acede a uma p\u00e1gina web.<\/li>\n<li>Cookies persistentes: Com este tipo de cookie, os dados ainda s\u00e3o armazenados no computador do usu\u00e1rio e podem ser acessados \u200b\u200be processados \u200b\u200bpor um determinado tempo pelo respons\u00e1vel pelo cookie que pode variar de alguns minutos a v\u00e1rios anos.<\/li>\n<li>Cookies t\u00e9cnicos: Os cookies deste tipo permitem ao utilizador navegar numa p\u00e1gina web, plataforma ou aplica\u00e7\u00e3o e utilizar as v\u00e1rias op\u00e7\u00f5es ou servi\u00e7os nela existentes, tais como controlar o tr\u00e1fego e comunica\u00e7\u00e3o de dados, identificar a sess\u00e3o, aceder a partes de acesso restrito, recordar os elementos que comp\u00f5em um pedido, realizar o processo de fazer um pedido, fazer o pedido de inscri\u00e7\u00e3o ou participa\u00e7\u00e3o em um evento, usar recursos de seguran\u00e7a durante a navega\u00e7\u00e3o, armazenar conte\u00fados para a transmiss\u00e3o de v\u00eddeos ou som ou compartilhar conte\u00fado atrav\u00e9s de redes sociais<\/li>\n<li>Cookies de personaliza\u00e7\u00e3o: Os cookies deste tipo permitem ao utilizador aceder ao servi\u00e7o com algumas funcionalidades de car\u00e1cter geral pr\u00e9-definidas de acordo com uma s\u00e9rie de crit\u00e9rios no terminal inform\u00e1tico do utilizador, tais como o idioma, o tipo de navegador atrav\u00e9s do qual o utilizador acede ao servi\u00e7o, a configura\u00e7\u00e3o regional a partir da qual se acede ao servi\u00e7o, etc.<\/li>\n<li>Cookies anal\u00edticos: Cookies deste tipo permitem ao respons\u00e1vel que acompanhem e analisem o comportamento do usu\u00e1rio nos sites aos quais est\u00e3o vinculados. Embora estes tipos de cookies n\u00e3o estejam isentos da obriga\u00e7\u00e3o de obter o consentimento informado para a sua utiliza\u00e7\u00e3o, \u00e9 pouco prov\u00e1vel que representem um risco para a privacidade dos utilizadores, desde que sejam cookies prim\u00e1rios que tratam dados agregados para fins estritamente estat\u00edsticos, para fornecer informa\u00e7\u00f5es sobre seu uso e desde que deem aos usu\u00e1rios a op\u00e7\u00e3o de recusar permiss\u00e3o para us\u00e1-los.<\/li>\n<li>Cookies de publicidade: S\u00e3o cookies que permitem gerir o conte\u00fado publicit\u00e1rio da forma mais eficiente poss\u00edvel que o editor pode incluir numa p\u00e1gina web, aplica\u00e7\u00e3o ou plataforma a partir da qual \u00e9 prestado o servi\u00e7o solicitado, com base em crit\u00e9rios como o conte\u00fado editado ou a frequ\u00eancia com que os an\u00fancios s\u00e3o exibidos.<\/li>\n<li>Cookies de publicidade comportamental: S\u00e3o cookies que permitem gerir o conte\u00fado publicit\u00e1rio da forma mais eficiente poss\u00edvel que o editor pode incluir numa p\u00e1gina web, aplica\u00e7\u00e3o ou plataforma a partir da qual \u00e9 prestado o servi\u00e7o solicitado. Estes cookies armazenam informa\u00e7\u00f5es sobre o comportamento dos usu\u00e1rios, obtidas atrav\u00e9s da observa\u00e7\u00e3o cont\u00ednua de seus h\u00e1bitos de navega\u00e7\u00e3o, o que permite desenvolver um perfil espec\u00edfico para exibir publicidade em conformidade.<\/li>\n<\/ul>\n<p>Tamb\u00e9m \u00e9 poss\u00edvel que ao visitar um site, ou ao abrir um e-mail onde um an\u00fancio, ou uma promo\u00e7\u00e3o sobre nossos produtos, ou servi\u00e7os, um cookie seja instalado em seu navegador para exibir publicidade posterior relacionada \u00e0 pesquisa que voc\u00ea fez, o que nos permite exercer controlo sobre os nossos an\u00fancios em rela\u00e7\u00e3o, por exemplo, ao n\u00famero de vezes que s\u00e3o vistos, onde aparecem, a que horas s\u00e3o vistos, etc.<\/p>\n<p><strong>DESCRI\u00c7\u00c3O DOS COOKIES UTILIZADOS<\/strong><\/p>\n<p>O site oasiskitetrip.com utiliza os seguintes cookies:<\/p>\n<p>FERRAMENTAS E Cookies de ESTAT\u00cdSTICAS<\/p>\n<p>Para obter e analisar dados de navega\u00e7\u00e3o, utilizamos a aplica\u00e7\u00e3o Google Analytics, desenvolvida pela Google. <a href=\"http:\/\/www.google.com\/analytics\/\" target=\"_blank\" rel=\"noopener\">http:\/\/www.google.com\/analytics\/<\/a>.<\/p>\n<p>O Google Analytics \u00e9 a ferramenta de an\u00e1lise que ajuda os propriet\u00e1rios de sites e aplicativos a entender como os visitantes interagem com eles. Esta ferramenta pode usar uma s\u00e9rie de cookies para coletar informa\u00e7\u00f5es e oferecer estat\u00edsticas sobre o uso de sites sem identificar pessoalmente os visitantes do Google. O principal cookie utilizado pelo Google Analytics \u00e9 \u201c__ga\u201d (fonte: <a href=\"http:\/\/www.google.com\/intl\/es\/policies\/technologies\/types\/\" target=\"_blank\" rel=\"noopener\">Google<\/a>).<\/p>\n<p>Por meio do link a seguir, o Google explica as informa\u00e7\u00f5es que coleta, o motivo pelo qual o faz, como usa as informa\u00e7\u00f5es e como as revisa e atualiza: <a href=\"http:\/\/www.google.com\/intl\/es\/policies\/\" target=\"_blank\" rel=\"noopener\">http:\/\/www.google.com\/intl\/es\/policies\/<\/a>.<\/p>\n<p>Cookies de GEST\u00c3O DE CONTE\u00daDOS<\/p>\n<p>Al\u00e9m disso, o site <a href=\"https:\/\/oasiskitetrip.com\/pt-br\/\">https:\/\/oasiskitetrip.com\/<\/a> usa os seguintes cookies de seguran\u00e7a e sess\u00e3o que pertencem ao modelo WordPress em que foram desenvolvidos os seguintes:<\/p>\n<p>AUTH_KEY<\/p>\n<p>SECURE_AUTH_KEY<\/p>\n<p>LOGGED_IN_KEY<\/p>\n<p>NONCE_KEY<\/p>\n<p>A dura\u00e7\u00e3o padr\u00e3o dessas chaves \u00e9 de 48 horas ou ao fechar o navegador, e 14 dias se a caixa de sele\u00e7\u00e3o de acesso \u201clembrar-me\u201d estiver marcada.<\/p>\n<p><strong>REVOGAR E EXCLUIR COOKIES<\/strong><\/p>\n<p>Voc\u00ea pode permitir, bloquear ou excluir os cookies instalados em seu computador configurando as op\u00e7\u00f5es do navegador instalado em seu computador. Se n\u00e3o permitir a instala\u00e7\u00e3o de cookies no seu navegador, \u00e9 poss\u00edvel que n\u00e3o consiga aceder a algumas das sec\u00e7\u00f5es do nosso website.<\/p>\n<p>Voc\u00ea pode usar seu navegador para restringir, bloquear ou excluir cookies. O procedimento varia de um navegador para outro: a fun\u00e7\u00e3o \u201cAjuda\u201d mostrar\u00e1 como proceder.<\/p>\n<ul>\n<li><strong>Internet Explorer<\/strong>: <a href=\"http:\/\/windows.microsoft.com\/es-xl\/internet-explorer\/delete-manage-cookies#ie=ie-10\" target=\"_blank\" rel=\"noopener\">microsoft.com\/es-xl\/internet-explorer\/delete-manage-cookies#ie=\u201die-10\u2033<\/a><\/li>\n<li><strong>Mozilla Firefox<\/strong>: <a href=\"https:\/\/support.mozilla.org\/es\/kb\/Borrar%20cookies\" target=\"_blank\" rel=\"noopener\">mozilla.org\/es\/kb\/Borrar%20cookies<\/a><\/li>\n<li><strong>Google Chrome<\/strong>: <a href=\"https:\/\/support.google.com\/chrome\/answer\/95647?hl=es\" target=\"_blank\" rel=\"noopener\">google.com\/chrome \/answer\/95647?hl=\u201des\u201d<\/a><\/li>\n<li><strong>Safari<\/strong>: <a href=\"http:\/\/www.apple.com\/es\/privacy\/use-of-cookies\/\" target=\"_blank\" rel=\"noopener\">apple.com\/es\/privacy\/use-of-cookies\/<\/a><\/li>\n<\/ul>\n<p>Al\u00e9m disso, voc\u00ea tamb\u00e9m pode gerenciar o armazenamento de cookies em seu navegador atrav\u00e9s de ferramentas como as seguintes:<\/p>\n<ul>\n<li>Ghostery: <a href=\"http:\/\/www.ghostery.com\/\" target=\"_blank\" rel=\"noopener\">ghostery .com\/<\/a><\/li>\n<li>Suas escolhas online: <a href=\"http:\/\/www.youronlinechoices.com\/es\/\" target=\"_blank\" rel=\"noopener\">youronlinechoices.com\/es\/<\/a><\/li>\n<\/ul>\n\t\t\t\t\t\t\t\t<\/div>\n\t\t\t\t<\/div>\n\t\t\t\t\t<\/div>\n\t\t<\/div>\n\t\t\t\t\t<\/div>\n\t\t<\/section>\n\t\t\t\t<\/div>\n\t\t","protected":false},"excerpt":{"rendered":"<p>POL\u00cdTICA DE COOKIES A OASIS KITE TRIP faz uso de Cookies pr\u00f3prios e de terceiros em seu site. Os usu\u00e1rios t\u00eam a op\u00e7\u00e3o de configurar seu navegador para receber um alerta na tela da recep\u00e7\u00e3o de cookies, e impedir que sejam instalados em seu disco r\u00edgido. Para a utiliza\u00e7\u00e3o de nosso website n\u00e3o \u00e9 necess\u00e1rio &#8230; <a title=\"Pol\u00edtica de cookies\" class=\"read-more\" href=\"https:\/\/oasiskitetrip.com\/pt-br\/politica-de-cookies\/\" aria-label=\"Read more about Pol\u00edtica de cookies\">Leia mais<\/a><\/p>\n","protected":false},"author":1,"featured_media":0,"parent":0,"menu_order":0,"comment_status":"closed","ping_status":"closed","template":"","meta":{"footnotes":""},"class_list":["post-6613","page","type-page","status-publish"],"_links":{"self":[{"href":"https:\/\/oasiskitetrip.com\/pt-br\/wp-json\/wp\/v2\/pages\/6613","targetHints":{"allow":["GET"]}}],"collection":[{"href":"https:\/\/oasiskitetrip.com\/pt-br\/wp-json\/wp\/v2\/pages"}],"about":[{"href":"https:\/\/oasiskitetrip.com\/pt-br\/wp-json\/wp\/v2\/types\/page"}],"author":[{"embeddable":true,"href":"https:\/\/oasiskitetrip.com\/pt-br\/wp-json\/wp\/v2\/users\/1"}],"replies":[{"embeddable":true,"href":"https:\/\/oasiskitetrip.com\/pt-br\/wp-json\/wp\/v2\/comments?post=6613"}],"version-history":[{"count":0,"href":"https:\/\/oasiskitetrip.com\/pt-br\/wp-json\/wp\/v2\/pages\/6613\/revisions"}],"wp:attachment":[{"href":"https:\/\/oasiskitetrip.com\/pt-br\/wp-json\/wp\/v2\/media?parent=6613"}],"curies":[{"name":"wp","href":"https:\/\/api.w.org\/{rel}","templated":true}]}}