{"id":6615,"date":"2022-12-30T13:17:38","date_gmt":"2022-12-30T12:17:38","guid":{"rendered":"https:\/\/oasiskitetrip.com\/aconselhamento-juridico\/"},"modified":"2022-12-30T13:25:42","modified_gmt":"2022-12-30T12:25:42","slug":"aconselhamento-juridico","status":"publish","type":"page","link":"https:\/\/oasiskitetrip.com\/pt-br\/aconselhamento-juridico\/","title":{"rendered":"Aconselhamento Jur\u00eddico"},"content":{"rendered":"\t\t<div data-elementor-type=\"wp-page\" data-elementor-id=\"6615\" class=\"elementor elementor-6615 elementor-3404\" data-elementor-post-type=\"page\">\n\t\t\t\t\t\t<section class=\"elementor-section elementor-top-section elementor-element elementor-element-d8954b3 elementor-section-boxed elementor-section-height-default elementor-section-height-default\" data-id=\"d8954b3\" data-element_type=\"section\" data-e-type=\"section\" data-settings=\"{&quot;jet_parallax_layout_list&quot;:[{&quot;jet_parallax_layout_image&quot;:{&quot;url&quot;:&quot;&quot;,&quot;id&quot;:&quot;&quot;,&quot;size&quot;:&quot;&quot;},&quot;_id&quot;:&quot;d942d30&quot;,&quot;jet_parallax_layout_image_tablet&quot;:{&quot;url&quot;:&quot;&quot;,&quot;id&quot;:&quot;&quot;,&quot;size&quot;:&quot;&quot;},&quot;jet_parallax_layout_image_mobile&quot;:{&quot;url&quot;:&quot;&quot;,&quot;id&quot;:&quot;&quot;,&quot;size&quot;:&quot;&quot;},&quot;jet_parallax_layout_speed&quot;:{&quot;unit&quot;:&quot;%&quot;,&quot;size&quot;:50,&quot;sizes&quot;:[]},&quot;jet_parallax_layout_type&quot;:&quot;scroll&quot;,&quot;jet_parallax_layout_direction&quot;:&quot;1&quot;,&quot;jet_parallax_layout_fx_direction&quot;:null,&quot;jet_parallax_layout_z_index&quot;:&quot;&quot;,&quot;jet_parallax_layout_bg_x&quot;:50,&quot;jet_parallax_layout_bg_x_tablet&quot;:&quot;&quot;,&quot;jet_parallax_layout_bg_x_mobile&quot;:&quot;&quot;,&quot;jet_parallax_layout_bg_y&quot;:50,&quot;jet_parallax_layout_bg_y_tablet&quot;:&quot;&quot;,&quot;jet_parallax_layout_bg_y_mobile&quot;:&quot;&quot;,&quot;jet_parallax_layout_bg_size&quot;:&quot;auto&quot;,&quot;jet_parallax_layout_bg_size_tablet&quot;:&quot;&quot;,&quot;jet_parallax_layout_bg_size_mobile&quot;:&quot;&quot;,&quot;jet_parallax_layout_animation_prop&quot;:&quot;transform&quot;,&quot;jet_parallax_layout_on&quot;:[&quot;desktop&quot;,&quot;tablet&quot;]}]}\">\n\t\t\t\t\t\t<div class=\"elementor-container elementor-column-gap-default\">\n\t\t\t\t\t<div class=\"elementor-column elementor-col-100 elementor-top-column elementor-element elementor-element-5bc37385\" data-id=\"5bc37385\" data-element_type=\"column\" data-e-type=\"column\">\n\t\t\t<div class=\"elementor-widget-wrap elementor-element-populated\">\n\t\t\t\t\t\t<div class=\"elementor-element elementor-element-20743d3 elementor-widget elementor-widget-text-editor\" data-id=\"20743d3\" data-element_type=\"widget\" data-e-type=\"widget\" data-widget_type=\"text-editor.default\">\n\t\t\t\t<div class=\"elementor-widget-container\">\n\t\t\t\t\t\t\t\t\t<h2>ACONSELHAMENTO JUR\u00cdDICO<\/h2>\n<h3><b>INFORMA\u00c7\u00d5ES GERAIS DA CORPORA\u00c7\u00c3O<\/b><\/h3>\n<ul>\n<li>Propriet\u00e1ria: ANNE MARIE CHARLOTTE GEORGES<\/li>\n<li>CNPJ: 31.983.101\/0001-53<\/li>\n<li>Endere\u00e7o:Rua Maravilha 70\u00b0, Jericoacoara<\/li>\n<li>Website: oasiskitetrip.com<\/li>\n<li>Email: contact@oasiskitetrip.com<\/li>\n<\/ul>\n<h3><b>CONDI\u00c7\u00d5ES DE USO DO SITE<\/b><\/h3>\n<p><b>ACEITA\u00c7\u00c3O DAS CONDI\u00c7\u00d5ES GERAIS<\/b><\/p>\n<p><span style=\"font-weight: 400;\">As Condi\u00e7\u00f5es Gerais abaixo descritas regem a utiliza\u00e7\u00e3o do <\/span><b>OASIS KITE TRIP.<\/b><\/p>\n<p><span style=\"font-weight: 400;\">A utiliza\u00e7\u00e3o do site OASIS KITE TRIP significa que voc\u00ea se torna um usu\u00e1rio e implica na aceita\u00e7\u00e3o plena e sem reservas de qualquer tipo por parte do usu\u00e1rio de todas as Condi\u00e7\u00f5es Gerais publicadas quando o usu\u00e1rio acessa o site.<\/span><\/p>\n<p><span style=\"font-weight: 400;\">Aconselhamos, por isso, o usu\u00e1rio a ler o conte\u00fado das Condi\u00e7\u00f5es Gerais sempre que for utilizar o website.<\/span><\/p>\n<p><span style=\"font-weight: 400;\">O <\/span><span style=\"font-weight: 400;\">usu\u00e1rio <\/span><span style=\"font-weight: 400;\">compromete-se a utilizar o website, os seus conte\u00fados e servi\u00e7os conforme a lei, assim como estas Condi\u00e7\u00f5es Gerais, os costumes morais normalmente aceitos e as pol\u00edticas p\u00fablicas.\u00a0<\/span><\/p>\n<p><span style=\"font-weight: 400;\">Todos os conte\u00fados inclu\u00eddos neste site s\u00e3o fornecidos para fins exclusivamente informativos, pelo que em nenhum caso poder\u00e3o ser base de reclama\u00e7\u00f5es ou recursos, nem constituir fonte de quaisquer direitos. A OASIS KITE TRIP reserva-se o direito de modificar o conte\u00fado do site sem aviso pr\u00e9vio.<\/span><\/p>\n<p><span style=\"font-weight: 400;\">O Usu\u00e1rio compromete-se a utilizar o Site e todo o seu conte\u00fado exclusivamente para fins l\u00edcitos que n\u00e3o sejam proibidos, n\u00e3o infrinjam nenhuma lei em vigor e\/ou que n\u00e3o infrinjam os direitos leg\u00edtimos da OASIS KITE TRIP ou de qualquer terceiro que possa causar qualquer dano ou perda direta ou indiretamente.<\/span><\/p>\n<p><span style=\"font-weight: 400;\">A t\u00edtulo indicativo e sem limita\u00e7\u00e3o, o usu\u00e1rio compromete-se a n\u00e3o transferir, divulgar ou disponibilizar quaisquer informa\u00e7\u00f5es, dados, conte\u00fados, mensagens, gr\u00e1ficos, desenhos, ficheiros de som e\/ou imagem, fotografias, grava\u00e7\u00f5es, software e, em geral, qualquer tipo de material que:<\/span><\/p>\n<ul>\n<li style=\"font-weight: 400;\" aria-level=\"1\"><span style=\"font-weight: 400;\">De qualquer maneira, contrarie, denigra ou mine os direitos fundamentais e liberdades p\u00fablicas reconhecidas pela Constitui\u00e7\u00e3o, por tratados internacionais e outras leis e estatutos;<\/span><\/li>\n<li style=\"font-weight: 400;\" aria-level=\"1\"><span style=\"font-weight: 400;\">Que induza, incite ou promova atividades criminosas, degradantes, difamat\u00f3rias, caluniosas, violentas ou, em geral, ilegais e contr\u00e1rias \u00e0 moral e ao bom comportamento civil geralmente aceitos ou \u00e0 ordem p\u00fablica;<\/span><\/li>\n<li style=\"font-weight: 400;\" aria-level=\"1\"><span style=\"font-weight: 400;\">Que induza, incite ou promova a\u00e7\u00f5es, atitudes ou opini\u00f5es discriminat\u00f3rias com base em orienta\u00e7\u00e3o sexual, g\u00eanero, ra\u00e7a, religi\u00e3o, cren\u00e7as, idade ou posi\u00e7\u00e3o;\u00a0<\/span><\/li>\n<li style=\"font-weight: 400;\" aria-level=\"1\"><span style=\"font-weight: 400;\">Que incorpore, disponibilize ou permita o acesso a produtos, elementos, mensagens e\/ou servi\u00e7os de car\u00e1ter criminoso, violento, ofensivo, prejudicial, degradante ou, em geral, il\u00edcito ou contr\u00e1rio \u00e0 moral e comportamento civil geralmente aceitos ou \u00e0 ordem p\u00fablica;<\/span><\/li>\n<li style=\"font-weight: 400;\" aria-level=\"1\"><span style=\"font-weight: 400;\">Que seja falso, amb\u00edguo, impreciso, exagerado ou inadequado, de forma que induza ou possa induzir ao erro quanto ao seu objeto ou \u00e0s inten\u00e7\u00f5es e prop\u00f3sitos do conte\u00fado;<\/span><\/li>\n<li style=\"font-weight: 400;\" aria-level=\"1\"><span style=\"font-weight: 400;\">Que esteja protegido por quaisquer direitos de propriedade intelectual ou industrial pertencentes a terceiros, a menos que o Usu\u00e1rio tenha obtido previamente a autoriza\u00e7\u00e3o necess\u00e1ria dos titulares dos mesmos para realizar o uso que faz ou pretende fazer desses direitos;<\/span><\/li>\n<li style=\"font-weight: 400;\" aria-level=\"1\"><span style=\"font-weight: 400;\">Que infrinja segredos comerciais de terceiros;<\/span><\/li>\n<li style=\"font-weight: 400;\" aria-level=\"1\"><span style=\"font-weight: 400;\">Que viole a lei brasileira de difama\u00e7\u00e3o, privacidade pessoal e familiar, ou que seja prejudicial \u00e0 imagem de pessoas ou que de alguma forma prejudique a reputa\u00e7\u00e3o do OASIS KITE TRIP;<\/span><\/li>\n<li style=\"font-weight: 400;\" aria-level=\"1\"><span style=\"font-weight: 400;\">Que infrinja as leis e regulamentos que regem o sigilo das comunica\u00e7\u00f5es;<\/span><\/li>\n<li style=\"font-weight: 400;\" aria-level=\"1\"><span style=\"font-weight: 400;\">Que constitua, quando aplic\u00e1vel, publicidade il\u00edcita, enganosa ou desleal e, em geral, qualquer forma de concorr\u00eancia desleal;<\/span><\/li>\n<li style=\"font-weight: 400;\" aria-level=\"1\"><span style=\"font-weight: 400;\">Que contenha v\u00edrus ou outros elementos f\u00edsicos e eletr\u00f4nicos que possam danificar ou impedir o funcionamento normal da rede ou sistema de computador (hardware e software) do OASIS KITE TRIP ou de qualquer terceiro o qual possa danificar documentos eletr\u00f4nicos e arquivos armazenados em tais equipamentos de inform\u00e1tica;<\/span><\/li>\n<li style=\"font-weight: 400;\" aria-level=\"1\"><span style=\"font-weight: 400;\">Que cause dificuldades no funcionamento normal do Servi\u00e7o devido \u00e0s suas caracter\u00edsticas (como formato, extens\u00e3o, etc.).<\/span><\/li>\n<\/ul>\n<p><span style=\"font-weight: 400;\">O Usu\u00e1rio compromete-se a n\u00e3o impedir o acesso\/ <\/span><span style=\"font-weight: 400;\">ingresso<\/span><span style=\"font-weight: 400;\"> de outros usu\u00e1rios ao servi\u00e7o de acesso pelo consumo massivo dos recursos TIC atrav\u00e9s dos quais a Empresa presta o servi\u00e7o e a abster-se de quaisquer a\u00e7\u00f5es que possam danificar, interromper ou produzir erros nos referidos sistemas.<\/span><\/p>\n<p><b>RESPONSABILIDADE PELO FUNCIONAMENTO DO WEBSITE<\/b><\/p>\n<p><span style=\"font-weight: 400;\">OASIS KITE TRIP n\u00e3o garante a fiabilidade, disponibilidade ou continuidade da funcionalidade do website nem do seu conte\u00fado; portanto, o uso do mesmo pelo usu\u00e1rio \u00e9 por conta e risco do usu\u00e1rio e em nenhuma circunst\u00e2ncia o usu\u00e1rio pode reclamar contra a OASIS KITE TRIP a esse respeito.<\/span><\/p>\n<p><span style=\"font-weight: 400;\">Sempre que razoavelmente vi\u00e1vel, a OASIS KITE TRIP notificar\u00e1 antecipadamente as interrup\u00e7\u00f5es do servi\u00e7o do site. A OASIS KITE TRIP n\u00e3o garante que o site seja adequado para qualquer atividade particular ou que seja infal\u00edvel\/ <\/span><span style=\"font-weight: 400;\">indefect\u00edvel.<\/span><\/p>\n<p><span style=\"font-weight: 400;\">O acesso ao site da OASIS KITE TRIP \u00e9 por tempo indeterminado; no entanto, a OASIS KITE TRIP reserva-se o direito de suspender o acesso sem aviso pr\u00e9vio para realizar manuten\u00e7\u00f5es, reparos, atualiza\u00e7\u00f5es ou upgrades.<\/span><\/p>\n<p><span style=\"font-weight: 400;\">A OASIS KITE TRIP reserva-se no direito de restringir o acesso a algumas se\u00e7\u00f5es do Site ao p\u00fablico em geral, limitando-o a determinados usu\u00e1rios ou grupos de usu\u00e1rios, fornecendo-lhes uma palavra-chave de in\u00edcio de sess\u00e3o da qual ser\u00e3o respons\u00e1veis.<\/span><\/p>\n<p><span style=\"font-weight: 400;\">A OASIS KITE TRIP exclui toda e qualquer responsabilidade que possa derivar de interfer\u00eancias, omiss\u00f5es, interrup\u00e7\u00f5es, v\u00edrus, mau funcionamento telef\u00f4nico ou desconex\u00f5es no funcionamento operacional do sistema eletr\u00f4nico por causas alheias ao seu controle.<\/span><\/p>\n<p><span style=\"font-weight: 400;\">Al\u00e9m disso, qualquer responsabilidade que possa ser causada por atrasos ou bloqueios no funcionamento operacional deste sistema eletr\u00f4nico causados por defici\u00eancias, ou sobrecarga de linhas telef\u00f4nicas, ou da Internet, bem como por danos causados \u200b\u200bpor terceiros por intrus\u00f5es ileg\u00edtimas fora do controle da empresa, \u00e9 exclu\u00eddo. Em qualquer caso, seja qual for a causa, OASIS KITE TRIP n\u00e3o aceita nenhuma responsabilidade por quaisquer danos diretos ou indiretos, danos consequenciais e\/ou lucros cessantes.<\/span><\/p>\n<p><span style=\"font-weight: 400;\">O Usu\u00e1rio \u00e9 o \u00fanico respons\u00e1vel por qualquer reclama\u00e7\u00e3o ou a\u00e7\u00e3o legal, judicial ou extrajudicial, movida por qualquer terceiro contra a OASIS KITE TRIP com base no uso do site pelo Usu\u00e1rio. Quando aplic\u00e1vel, o Usu\u00e1rio arcar\u00e1 com as despesas, custos e compensa\u00e7\u00f5es reclamadas contra a Empresa decorrentes de tais reclama\u00e7\u00f5es ou a\u00e7\u00f5es legais.<\/span><\/p>\n<p><span style=\"font-weight: 400;\">O Usu\u00e1rio ser\u00e1 sempre respons\u00e1vel pelos danos e preju\u00edzos de qualquer natureza que a OASIS KITE TRIP possa sofrer, direto ou indiretamente, em consequ\u00eancia do incumprimento de qualquer das obriga\u00e7\u00f5es derivadas das condi\u00e7\u00f5es gerais ou da lei em rela\u00e7\u00e3o ao uso do website.<\/span><\/p>\n<p><b>RECUSA E RETIRADA DE ACESSO AO SITE E\/OU AOS SERVI\u00c7OS\u00a0<\/b><\/p>\n<p><span style=\"font-weight: 400;\">A OASIS KITE TRIP reserva-se o direito de negar ou retirar o acesso ao seu site, a qualquer momento e sem aviso pr\u00e9vio, aos utilizadores que n\u00e3o cumpram as presentes Condi\u00e7\u00f5es Gerais ou condi\u00e7\u00f5es particulares que pode se aplicar.\u00a0<\/span><\/p>\n<p><b>EXCLUS\u00c3O DE RESPONSABILIDADE\u00a0<\/b><\/p>\n<p><span style=\"font-weight: 400;\">A OASIS KITE TRIP se utilizar\u00e1 de todos os esfor\u00e7os e meios razo\u00e1veis \u200b\u200bpara fornecer informa\u00e7\u00f5es atualizadas e confi\u00e1veis \u200b\u200bno site, no entanto, nenhuma garantia \u00e9 feita quanto \u00e0 aus\u00eancia de erros, ou poss\u00edveis imprecis\u00f5es e\/ou omiss\u00f5es em qualquer um dos conte\u00fados acess\u00edveis atrav\u00e9s deste website.<\/span><\/p>\n<p><span style=\"font-weight: 400;\">A OASIS KITE TRIP se esfor\u00e7ar\u00e1 ao m\u00e1ximo para atualizar e retificar qualquer informa\u00e7\u00e3o alojada no seu website que n\u00e3o cumpra os padr\u00f5es m\u00ednimos de precis\u00e3o. N\u00e3o obstante, o acima exposto, a OASIS KITE TRIP estar\u00e1 isenta de qualquer responsabilidade em rela\u00e7\u00e3o a n\u00e3o atualiza\u00e7\u00e3o ou corre\u00e7\u00e3o de seu site e do conte\u00fado e informa\u00e7\u00f5es nele carregados.<\/span><\/p>\n<p><span style=\"font-weight: 400;\">A OASIS KITE TRIP reserva-se no direito de eliminar os conte\u00fados que considere falsos, imprecisos, ilegais ou contr\u00e1rios \u00e0 moral e \u00e0 ordem p\u00fablica geralmente aceitos.<\/span><\/p>\n<p><span style=\"font-weight: 400;\">A OASIS KITE TRIP exclui qualquer responsabilidade por danos de qualquer natureza que possam decorrer da falta de veracidade, exatid\u00e3o, integralidade e\/ou atualidade dos conte\u00fados transmitidos, difundidos, armazenados, disponibilizados ou recebidos, obtidos ou acessados \u200b\u200batrav\u00e9s do Site; e tamb\u00e9m exclui qualquer responsabilidade pelos conte\u00fados fornecidos por terceiros ou entidades.<\/span><\/p>\n<p><span style=\"font-weight: 400;\">A OASIS KITE TRIP n\u00e3o se responsabiliza pelo uso que o Usu\u00e1rio fizer dos servi\u00e7os e produtos do site ou de suas senhas, bem como de qualquer outro material do site que possa infringir direitos de propriedade intelectual ou industrial de terceiros ou quaisquer outros direitos dos mesmos. .<\/span><\/p>\n<p>&nbsp;<\/p>\n<p>&nbsp;<\/p>\n<p><b>RESPONSABILIDADE DOS LINKS<\/b><\/p>\n<p><span style=\"font-weight: 400;\">Os links contidos, ou que possam estar contidos na web, podem levar o usu\u00e1rio a outros sites administrados por terceiros.<\/span><\/p>\n<p><span style=\"font-weight: 400;\">A OASIS KITE TRIP declina qualquer responsabilidade relativa a qualquer informa\u00e7\u00e3o que se encontre fora do website, uma vez que a fun\u00e7\u00e3o dos links que aparecem \u00e9 unicamente informar o Usu\u00e1rio da exist\u00eancia de outras fontes de informa\u00e7\u00e3o sobre determinado assunto.<\/span><\/p>\n<p><span style=\"font-weight: 400;\">A OASIS KITE TRIP exime-se de qualquer responsabilidade pelo correto funcionamento dos links, pelo resultado obtido atrav\u00e9s dos referidos links, pela veracidade e licitude do conte\u00fado ou informa\u00e7\u00e3o que possa ser acessada, bem como por qualquer dano ou preju\u00edzo que possa incorrer ao Usu\u00e1rio decorrente das informa\u00e7\u00f5es encontradas no site vinculado.<\/span><\/p>\n<p><b>PUBLICIDADE<\/b><\/p>\n<p><span style=\"font-weight: 400;\">Algumas partes do site podem hospedar conte\u00fado publicit\u00e1rio ou serem patrocinadas. Os anunciantes e patrocinadores s\u00e3o os \u00fanicos e exclusivos respons\u00e1veis \u200b\u200bpor garantir que o material submetido para inclus\u00e3o no site esteja segundo as leis aplic\u00e1veis \u200b\u200bem cada caso. A Empresa n\u00e3o ser\u00e1 respons\u00e1vel por qualquer erro, imprecis\u00f5es ou irregularidades que possam estar contidas no conte\u00fado publicit\u00e1rio ou dos patrocinadores.<\/span><\/p>\n<p><b>PROPRIEDADE INTELECTUAL<\/b><\/p>\n<p><span style=\"font-weight: 400;\">Todos os conte\u00fados do site, salvo indica\u00e7\u00e3o em contr\u00e1rio, s\u00e3o de propriedade exclusiva da OASIS KITE TRIP ou de terceiros que autorizaram a sua inclus\u00e3o no site e isso inclui, a t\u00edtulo de exemplo e sem limita\u00e7\u00e3o, o design gr\u00e1fico, c\u00f3digo-fonte, logotipos, textos, gr\u00e1ficos, ilustra\u00e7\u00f5es, fotografias e outros elementos que aparecem no site. Todas as marcas comerciais, log\u00f3tipos e quaisquer outros elementos de propriedade industrial que aparecem neste site s\u00e3o propriedade da OASIS KITE TRIP e est\u00e3o protegidos por lei.<\/span><\/p>\n<p><span style=\"font-weight: 400;\">\u00c9 estritamente proibido usar o conte\u00fado do nosso site sem autoriza\u00e7\u00e3o por escrito da OASIS KITE TRIP.<\/span><\/p>\n<p><span style=\"font-weight: 400;\">\u00c9 totalmente proibido:<\/span><\/p>\n<ul>\n<li style=\"font-weight: 400;\" aria-level=\"1\"><span style=\"font-weight: 400;\">Reproduzir, copiar, distribuir, disponibilizar ou de outra forma comunicar publicamente, transformar ou modificar qualquer conte\u00fado, salvo autoriza\u00e7\u00e3o do titular dos direitos relevantes ou se permitido por lei;<\/span><\/li>\n<li style=\"font-weight: 400;\" aria-level=\"1\"><span style=\"font-weight: 400;\">Apagar, manipular ou de qualquer forma alterar os direitos de autor e outros dados identificativos dos direitos reservados \u00e0 OASIS KITE TRIP;<\/span><\/li>\n<li style=\"font-weight: 400;\" aria-level=\"1\"><span style=\"font-weight: 400;\">Tentar obter o Conte\u00fado usando meios ou procedimentos diferentes daqueles que, em cada caso, tenham sido disponibilizados para o efeito <\/span><span style=\"font-weight: 400;\">ou tenham sido indicados com este objetivo <\/span><span style=\"font-weight: 400;\">na p\u00e1gina Web onde se encontra o Conte\u00fado e\/ou, em geral, habitualmente utilizado na Internet para este fim, desde que n\u00e3o implique risco de danificar ou inutilizar o Site, os Servi\u00e7os e\/ou o Conte\u00fado;<\/span><\/li>\n<li style=\"font-weight: 400;\" aria-level=\"1\"><span style=\"font-weight: 400;\">Configurar esta p\u00e1gina como um quadro para outras p\u00e1ginas; no entanto, \u00e9 poss\u00edvel estabelecer um link para o nosso endere\u00e7o na Internet (o URL do site), desde que n\u00e3o estejam relacionados a declara\u00e7\u00f5es falsas, imprecisas, incorretas, enganosas ou confusas, ou que sejam contr\u00e1rias \u00e0 lei, \u00e0 moral e aos bons costumes.<\/span><\/li>\n<\/ul>\n<p><span style=\"font-weight: 400;\">O usu\u00e1rio tem permiss\u00e3o para baixar a p\u00e1gina da Web para o terminal de computador do usu\u00e1rio, desde que seja para uso privado e n\u00e3o para fins comerciais; portanto, nenhum conte\u00fado deste site pode ser explorado, reproduzido, distribu\u00eddo, modificado, comunicado publicamente, transferido, transformado ou usado para fins p\u00fablicos ou comerciais.<\/span><\/p>\n<p><span style=\"font-weight: 400;\">A viola\u00e7\u00e3o de qualquer um dos direitos acima mencionados pode configurar uma viola\u00e7\u00e3o destas disposi\u00e7\u00f5es, bem como uma infra\u00e7\u00e3o pun\u00edvel pela lei n\u00ba 2.848 do C\u00f3digo Penal Federal Brasileiro.<\/span><\/p>\n<p><span style=\"font-weight: 400;\">A OASIS KITE TRIP n\u00e3o concede nenhuma licen\u00e7a ou autoriza\u00e7\u00e3o de qualquer tipo para uso pessoal ao Usu\u00e1rio em rela\u00e7\u00e3o aos seus direitos de propriedade intelectual, ou qualquer outro direito relacionado ao seu Site e aos servi\u00e7os nele oferecidos.<\/span><\/p>\n<p><span style=\"font-weight: 400;\">Assim, o Usu\u00e1rio reconhece que a reprodu\u00e7\u00e3o, distribui\u00e7\u00e3o, venda, transforma\u00e7\u00e3o e, em geral, qualquer outra forma de explora\u00e7\u00e3o, por qualquer meio, de todo ou parte dos conte\u00fados deste website constitui uma viola\u00e7\u00e3o da propriedade intelectual e\/ou industrial de direitos e da OASIS KITE TRIP ou dos seus titulares.<\/span><\/p>\n<p><b>LEI APLIC\u00c1VEL E FORO<\/b><\/p>\n<p><span style=\"font-weight: 400;\">A presta\u00e7\u00e3o do servi\u00e7o \u00e9 regida pelas leis da Rep\u00fablica Federativa do Brasil, e qualquer controv\u00e9rsia deve ser submetida aos Ju\u00edzos e Tribunais do Estado do Cear\u00e1, aos quais o Usu\u00e1rio expressamente se submete.<\/span><\/p>\n\t\t\t\t\t\t\t\t<\/div>\n\t\t\t\t<\/div>\n\t\t\t\t\t<\/div>\n\t\t<\/div>\n\t\t\t\t\t<\/div>\n\t\t<\/section>\n\t\t\t\t<\/div>\n\t\t","protected":false},"excerpt":{"rendered":"<p>ACONSELHAMENTO JUR\u00cdDICO INFORMA\u00c7\u00d5ES GERAIS DA CORPORA\u00c7\u00c3O Propriet\u00e1ria: ANNE MARIE CHARLOTTE GEORGES CNPJ: 31.983.101\/0001-53 Endere\u00e7o:Rua Maravilha 70\u00b0, Jericoacoara Website: oasiskitetrip.com Email: contact@oasiskitetrip.com CONDI\u00c7\u00d5ES DE USO DO SITE ACEITA\u00c7\u00c3O DAS CONDI\u00c7\u00d5ES GERAIS As Condi\u00e7\u00f5es Gerais abaixo descritas regem a utiliza\u00e7\u00e3o do OASIS KITE TRIP. A utiliza\u00e7\u00e3o do site OASIS KITE TRIP significa que voc\u00ea se torna um &#8230; <a title=\"Aconselhamento Jur\u00eddico\" class=\"read-more\" href=\"https:\/\/oasiskitetrip.com\/pt-br\/aconselhamento-juridico\/\" aria-label=\"Read more about Aconselhamento Jur\u00eddico\">Leia mais<\/a><\/p>\n","protected":false},"author":1,"featured_media":0,"parent":0,"menu_order":0,"comment_status":"closed","ping_status":"closed","template":"","meta":{"footnotes":""},"class_list":["post-6615","page","type-page","status-publish"],"_links":{"self":[{"href":"https:\/\/oasiskitetrip.com\/pt-br\/wp-json\/wp\/v2\/pages\/6615","targetHints":{"allow":["GET"]}}],"collection":[{"href":"https:\/\/oasiskitetrip.com\/pt-br\/wp-json\/wp\/v2\/pages"}],"about":[{"href":"https:\/\/oasiskitetrip.com\/pt-br\/wp-json\/wp\/v2\/types\/page"}],"author":[{"embeddable":true,"href":"https:\/\/oasiskitetrip.com\/pt-br\/wp-json\/wp\/v2\/users\/1"}],"replies":[{"embeddable":true,"href":"https:\/\/oasiskitetrip.com\/pt-br\/wp-json\/wp\/v2\/comments?post=6615"}],"version-history":[{"count":0,"href":"https:\/\/oasiskitetrip.com\/pt-br\/wp-json\/wp\/v2\/pages\/6615\/revisions"}],"wp:attachment":[{"href":"https:\/\/oasiskitetrip.com\/pt-br\/wp-json\/wp\/v2\/media?parent=6615"}],"curies":[{"name":"wp","href":"https:\/\/api.w.org\/{rel}","templated":true}]}}